{"id":86676,"date":"2023-08-08T23:50:30","date_gmt":"2023-08-08T21:50:30","guid":{"rendered":"https:\/\/nueva.avantarea.com\/?post_type=product&#038;p=86676"},"modified":"2026-02-25T08:25:53","modified_gmt":"2026-02-25T07:25:53","slug":"pack-galibier-lavabo-dekton-marina-espejo-circular-copia","status":"publish","type":"product","link":"https:\/\/avantarea.com\/fr\/producto\/pack-galibier-lavabo-dekton-marina-espejo-circular-copia\/","title":{"rendered":"Pack GALIBIER + lavabo Dekton Marina + miroir circulaire"},"content":{"rendered":"<p>Pack compos\u00e9 d&rsquo;un meuble sous-vasque, d&rsquo;une vasque \u00e0 poser en mat\u00e9riau Dekton de Cosentino et d&rsquo;un miroir rond.<br \/>\nVasque en mat\u00e9riau Dekton. Dekton est une Pierre Technique Ultracompacte, un m\u00e9lange de plus de 20 min\u00e9raux extraits de la nature, exempte de microd\u00e9fauts et de porosit\u00e9 quasi nulle. Hautement r\u00e9sistante \u00e0 l&rsquo;abrasion, aux rayures, aux impacts, \u00e0 l&rsquo;eau et aux taches.<br \/>\nMeuble suspendu compos\u00e9 d&rsquo;un module tiroir fabriqu\u00e9 en panneau de particules de 19 mm avec rev\u00eatement m\u00e9lamin\u00e9, \u00e9cologique et recyclable. Tiroir m\u00e9tallique \u00e0 double paroi \u00e0 l&rsquo;esth\u00e9tique minimaliste, aux parois fines et aux lignes droites, avec fermeture amortie et une capacit\u00e9 de charge de 25 kg. Tiroir avec accessibilit\u00e9 totale et espace arri\u00e8re disponible.<br \/>\nMiroir design rond inclus. Il est livr\u00e9 mont\u00e9, pr\u00eat \u00e0 \u00eatre accroch\u00e9 au mur. Tout le mat\u00e9riel de fixation n\u00e9cessaire est inclus. Fabriqu\u00e9 en Espagne. Robinet et siphon non inclus.<\/p>\n","protected":false},"excerpt":{"rendered":"<p>Pack compos\u00e9 d&rsquo;un meuble sous-vasque, d&rsquo;une vasque \u00e0 poser en mat\u00e9riau Dekton de Cosentino et d&rsquo;un miroir rond. Vasque en mat\u00e9riau Dekton. Dekton est une Pierre Technique Ultracompacte, un m\u00e9lange&#8230;<\/p>\n","protected":false},"featured_media":19104,"comment_status":"closed","ping_status":"closed","template":"","meta":[],"product_brand":[934],"product_cat":[1170],"product_tag":[],"class_list":{"0":"post-86676","1":"product","2":"type-product","3":"status-publish","4":"has-post-thumbnail","6":"product_brand-galibier","7":"product_cat-muebles-de-bano","8":"pa_color-bardolino","9":"pa_color-blanco-mate","10":"pa_color-cubanita","11":"pa_medidas-549","12":"pa_medidas-550","13":"pa_medidas-551","15":"first","16":"instock","17":"purchasable","18":"product-type-variable"},"_links":{"self":[{"href":"https:\/\/avantarea.com\/fr\/wp-json\/wp\/v2\/product\/86676","targetHints":{"allow":["GET"]}}],"collection":[{"href":"https:\/\/avantarea.com\/fr\/wp-json\/wp\/v2\/product"}],"about":[{"href":"https:\/\/avantarea.com\/fr\/wp-json\/wp\/v2\/types\/product"}],"replies":[{"embeddable":true,"href":"https:\/\/avantarea.com\/fr\/wp-json\/wp\/v2\/comments?post=86676"}],"wp:featuredmedia":[{"embeddable":true,"href":"https:\/\/avantarea.com\/fr\/wp-json\/wp\/v2\/media\/19104"}],"wp:attachment":[{"href":"https:\/\/avantarea.com\/fr\/wp-json\/wp\/v2\/media?parent=86676"}],"wp:term":[{"taxonomy":"product_brand","embeddable":true,"href":"https:\/\/avantarea.com\/fr\/wp-json\/wp\/v2\/product_brand?post=86676"},{"taxonomy":"product_cat","embeddable":true,"href":"https:\/\/avantarea.com\/fr\/wp-json\/wp\/v2\/product_cat?post=86676"},{"taxonomy":"product_tag","embeddable":true,"href":"https:\/\/avantarea.com\/fr\/wp-json\/wp\/v2\/product_tag?post=86676"}],"curies":[{"name":"wp","href":"https:\/\/api.w.org\/{rel}","templated":true}]}}