{"id":86622,"date":"2023-08-08T23:55:10","date_gmt":"2023-08-08T21:55:10","guid":{"rendered":"https:\/\/nueva.avantarea.com\/?post_type=product&#038;p=86622"},"modified":"2026-02-25T08:25:54","modified_gmt":"2026-02-25T07:25:54","slug":"pack-beille-encimera-dekton-kira-natural-lavabo-espejo-capsula-copia","status":"publish","type":"product","link":"https:\/\/avantarea.com\/fr\/producto\/pack-beille-encimera-dekton-kira-natural-lavabo-espejo-capsula-copia\/","title":{"rendered":"Pack BEILLE + plan de travail Dekton Kira naturel + vasque + miroir capsule"},"content":{"rendered":"<p>Pack compos\u00e9 d&rsquo;un meuble sous-vasque, d&rsquo;un plan de travail en mat\u00e9riau Dekton de Cosentino, d&rsquo;une vasque et d&rsquo;un miroir capsule.<br \/>\nPlan de travail en mat\u00e9riau Dekton. Dekton est une Pierre Technique Ultracompacte, un m\u00e9lange de plus de 20 min\u00e9raux extraits de la nature, exempte de micro-d\u00e9fauts et de porosit\u00e9 quasi nulle. Hautement r\u00e9sistante \u00e0 l&rsquo;abrasion, aux rayures, aux impacts, \u00e0 l&rsquo;eau et aux taches.<br \/>\nMeuble suspendu compos\u00e9 d&rsquo;un module tiroir et d&rsquo;un espace d\u00e9coratif inf\u00e9rieur, fabriqu\u00e9s en panneau de particules de 19 mm avec rev\u00eatement m\u00e9lamin\u00e9, \u00e9cologique et recyclable. Tiroir m\u00e9tallique \u00e0 double paroi \u00e0 l&rsquo;esth\u00e9tique minimaliste, aux parois fines et aux lignes droites, avec fermeture amortie et une capacit\u00e9 de charge de 25 kg. Tiroir avec accessibilit\u00e9 totale et espace arri\u00e8re disponible.<br \/>\nMiroir design capsule inclus. Vasque \u00e0 poser assortie au plan de travail incluse. Livr\u00e9 mont\u00e9, pr\u00eat \u00e0 \u00eatre accroch\u00e9 au mur. Comprend toute la quincaillerie n\u00e9cessaire. Fabriqu\u00e9 en Espagne. Robinet et siphon non inclus.<\/p>\n","protected":false},"excerpt":{"rendered":"<p>Pack compos\u00e9 d&rsquo;un meuble sous-vasque, d&rsquo;un plan de travail en mat\u00e9riau Dekton de Cosentino, d&rsquo;une vasque et d&rsquo;un miroir capsule. Plan de travail en mat\u00e9riau Dekton. Dekton est une Pierre&#8230;<\/p>\n","protected":false},"featured_media":19060,"comment_status":"closed","ping_status":"closed","template":"","meta":[],"product_brand":[933],"product_cat":[1170,736,577],"product_tag":[],"class_list":{"0":"post-86622","1":"product","2":"type-product","3":"status-publish","4":"has-post-thumbnail","6":"product_brand-beille","7":"product_cat-muebles-de-bano","8":"product_cat-meuble-de-salle-de-bain","10":"pa_color-azabache","11":"pa_color-blanco-mate","12":"pa_color-cubanita","13":"pa_medidas-369","14":"pa_medidas-378","15":"pa_medidas-383","16":"pa_medidas-370","17":"pa_tamano-80000-fr","19":"first","20":"instock","21":"purchasable","22":"product-type-variable"},"_links":{"self":[{"href":"https:\/\/avantarea.com\/fr\/wp-json\/wp\/v2\/product\/86622","targetHints":{"allow":["GET"]}}],"collection":[{"href":"https:\/\/avantarea.com\/fr\/wp-json\/wp\/v2\/product"}],"about":[{"href":"https:\/\/avantarea.com\/fr\/wp-json\/wp\/v2\/types\/product"}],"replies":[{"embeddable":true,"href":"https:\/\/avantarea.com\/fr\/wp-json\/wp\/v2\/comments?post=86622"}],"wp:featuredmedia":[{"embeddable":true,"href":"https:\/\/avantarea.com\/fr\/wp-json\/wp\/v2\/media\/19060"}],"wp:attachment":[{"href":"https:\/\/avantarea.com\/fr\/wp-json\/wp\/v2\/media?parent=86622"}],"wp:term":[{"taxonomy":"product_brand","embeddable":true,"href":"https:\/\/avantarea.com\/fr\/wp-json\/wp\/v2\/product_brand?post=86622"},{"taxonomy":"product_cat","embeddable":true,"href":"https:\/\/avantarea.com\/fr\/wp-json\/wp\/v2\/product_cat?post=86622"},{"taxonomy":"product_tag","embeddable":true,"href":"https:\/\/avantarea.com\/fr\/wp-json\/wp\/v2\/product_tag?post=86622"}],"curies":[{"name":"wp","href":"https:\/\/api.w.org\/{rel}","templated":true}]}}