{"id":86588,"date":"2023-08-08T23:58:41","date_gmt":"2023-08-08T21:58:41","guid":{"rendered":"https:\/\/nueva.avantarea.com\/?post_type=product&#038;p=86588"},"modified":"2026-02-25T08:26:13","modified_gmt":"2026-02-25T07:26:13","slug":"pack-colombiere-lavabo-espejo-capsula-copia","status":"publish","type":"product","link":"https:\/\/avantarea.com\/fr\/producto\/pack-colombiere-lavabo-espejo-capsula-copia\/","title":{"rendered":"Pack COLOMBIERE + lavabo + miroir capsule"},"content":{"rendered":"<p>Ensemble compos\u00e9 d&rsquo;un meuble sous-vasque suspendu, d&rsquo;une vasque et d&rsquo;un miroir design capsule.<br \/>\nLe meuble suspendu est compos\u00e9 de deux modules tiroirs et d&rsquo;un espace d\u00e9coratif. Ces modules ind\u00e9pendants peuvent \u00eatre agenc\u00e9s \u00e0 votre guise, s&rsquo;adaptant ainsi \u00e0 l&rsquo;espace. Meuble fabriqu\u00e9 en panneau de particules de 19 mm avec rev\u00eatement m\u00e9lamin\u00e9, \u00e9cologique et recyclable. Tiroir m\u00e9tallique \u00e0 double paroi, \u00e0 l&rsquo;esth\u00e9tique minimaliste, avec des flancs fins et des lignes droites, dot\u00e9 d&rsquo;une fermeture amortie et d&rsquo;une capacit\u00e9 de charge de 25 kg. Tiroir \u00e0 pleine extension et espace arri\u00e8re disponible.<br \/>\nVasque en c\u00e9ramique blanche incluse. Miroir capsule inclus. Livr\u00e9 mont\u00e9, pr\u00eat \u00e0 \u00eatre fix\u00e9 au mur. Toute la quincaillerie n\u00e9cessaire est incluse. Fabriqu\u00e9 en Espagne. Robinet et siphon non inclus.<\/p>\n","protected":false},"excerpt":{"rendered":"<p>Ensemble compos\u00e9 d&rsquo;un meuble sous-vasque suspendu, d&rsquo;une vasque et d&rsquo;un miroir design capsule. Le meuble suspendu est compos\u00e9 de deux modules tiroirs et d&rsquo;un espace d\u00e9coratif. Ces modules ind\u00e9pendants peuvent&#8230;<\/p>\n","protected":false},"featured_media":26049,"comment_status":"closed","ping_status":"closed","template":"","meta":[],"product_brand":[1008],"product_cat":[1170,736,577],"product_tag":[],"class_list":{"0":"post-86588","1":"product","2":"type-product","3":"status-publish","4":"has-post-thumbnail","6":"product_brand-colombiere","7":"product_cat-muebles-de-bano","8":"product_cat-meuble-de-salle-de-bain","10":"pa_color-azabache","11":"pa_color-bardolino","12":"pa_color-blanco-mate","13":"pa_color-negro-mate","14":"pa_color-nogal","15":"pa_medidas-369","16":"pa_medidas-378","17":"pa_medidas-383","18":"pa_medidas-370","19":"pa_tamano-80000-fr","21":"first","22":"instock","23":"purchasable","24":"product-type-variable"},"_links":{"self":[{"href":"https:\/\/avantarea.com\/fr\/wp-json\/wp\/v2\/product\/86588","targetHints":{"allow":["GET"]}}],"collection":[{"href":"https:\/\/avantarea.com\/fr\/wp-json\/wp\/v2\/product"}],"about":[{"href":"https:\/\/avantarea.com\/fr\/wp-json\/wp\/v2\/types\/product"}],"replies":[{"embeddable":true,"href":"https:\/\/avantarea.com\/fr\/wp-json\/wp\/v2\/comments?post=86588"}],"wp:featuredmedia":[{"embeddable":true,"href":"https:\/\/avantarea.com\/fr\/wp-json\/wp\/v2\/media\/26049"}],"wp:attachment":[{"href":"https:\/\/avantarea.com\/fr\/wp-json\/wp\/v2\/media?parent=86588"}],"wp:term":[{"taxonomy":"product_brand","embeddable":true,"href":"https:\/\/avantarea.com\/fr\/wp-json\/wp\/v2\/product_brand?post=86588"},{"taxonomy":"product_cat","embeddable":true,"href":"https:\/\/avantarea.com\/fr\/wp-json\/wp\/v2\/product_cat?post=86588"},{"taxonomy":"product_tag","embeddable":true,"href":"https:\/\/avantarea.com\/fr\/wp-json\/wp\/v2\/product_tag?post=86588"}],"curies":[{"name":"wp","href":"https:\/\/api.w.org\/{rel}","templated":true}]}}