{"id":86581,"date":"2023-08-09T00:00:54","date_gmt":"2023-08-08T22:00:54","guid":{"rendered":"https:\/\/nueva.avantarea.com\/?post_type=product&#038;p=86581"},"modified":"2026-02-25T08:26:13","modified_gmt":"2026-02-25T07:26:13","slug":"pack-louron-lavabo-dekton-marina-espejo-led-copia","status":"publish","type":"product","link":"https:\/\/avantarea.com\/fr\/producto\/pack-louron-lavabo-dekton-marina-espejo-led-copia\/","title":{"rendered":"Pack LOURON + lavabo Dekton Marina + miroir LED"},"content":{"rendered":"<p>Pack compos\u00e9 d&rsquo;un lavabo suspendu en mat\u00e9riau Dekton de Cosentino, d&rsquo;un meuble et d&rsquo;un miroir LED.<br \/>\nLavabo suspendu en mat\u00e9riau Dekton. Dekton est une Pierre Technique Ultracompacte, un m\u00e9lange de plus de 20 min\u00e9raux extraits de la nature, exempte de micro-d\u00e9fauts et de porosit\u00e9 quasi nulle. Hautement r\u00e9sistante \u00e0 l&rsquo;abrasion, aux rayures, aux impacts, \u00e0 l&rsquo;eau et aux taches.<br \/>\nMeuble suspendu compos\u00e9 d&rsquo;un module tiroir et d&rsquo;un module d&rsquo;espace d\u00e9coratif, fabriqu\u00e9s en panneau de particules de 19 mm avec rev\u00eatement m\u00e9lamin\u00e9, \u00e9cologique et recyclable.<br \/>\nTiroir m\u00e9tallique \u00e0 double paroi \u00e0 l&rsquo;esth\u00e9tique minimaliste, aux parois fines et aux lignes droites, avec fermeture amortie et une capacit\u00e9 de charge de 25 kg. Tiroir avec accessibilit\u00e9 totale et espace arri\u00e8re disponible.<br \/>\nMiroir LED inclus. Livr\u00e9 mont\u00e9, pr\u00eat \u00e0 \u00eatre accroch\u00e9 au mur. Comprend toute la quincaillerie n\u00e9cessaire. Fabriqu\u00e9 en Espagne. Robinet et siphon non inclus.<\/p>\n","protected":false},"excerpt":{"rendered":"<p>Pack compos\u00e9 d&rsquo;un lavabo suspendu en mat\u00e9riau Dekton de Cosentino, d&rsquo;un meuble et d&rsquo;un miroir LED. Lavabo suspendu en mat\u00e9riau Dekton. Dekton est une Pierre Technique Ultracompacte, un m\u00e9lange de&#8230;<\/p>\n","protected":false},"featured_media":26110,"comment_status":"closed","ping_status":"closed","template":"","meta":[],"product_brand":[1009],"product_cat":[736,577],"product_tag":[],"class_list":{"0":"post-86581","1":"product","2":"type-product","3":"status-publish","4":"has-post-thumbnail","6":"product_brand-louron","7":"product_cat-meuble-de-salle-de-bain","8":"product_cat-muebles-de-bano","9":"pa_color-blanco-mate-bardolino","10":"pa_color-cubanita-bardolino","11":"pa_medidas-378","12":"pa_medidas-383","13":"pa_medidas-370","14":"pa_tamano-80000-fr","16":"first","17":"instock","18":"purchasable","19":"product-type-variable"},"_links":{"self":[{"href":"https:\/\/avantarea.com\/fr\/wp-json\/wp\/v2\/product\/86581","targetHints":{"allow":["GET"]}}],"collection":[{"href":"https:\/\/avantarea.com\/fr\/wp-json\/wp\/v2\/product"}],"about":[{"href":"https:\/\/avantarea.com\/fr\/wp-json\/wp\/v2\/types\/product"}],"replies":[{"embeddable":true,"href":"https:\/\/avantarea.com\/fr\/wp-json\/wp\/v2\/comments?post=86581"}],"wp:featuredmedia":[{"embeddable":true,"href":"https:\/\/avantarea.com\/fr\/wp-json\/wp\/v2\/media\/26110"}],"wp:attachment":[{"href":"https:\/\/avantarea.com\/fr\/wp-json\/wp\/v2\/media?parent=86581"}],"wp:term":[{"taxonomy":"product_brand","embeddable":true,"href":"https:\/\/avantarea.com\/fr\/wp-json\/wp\/v2\/product_brand?post=86581"},{"taxonomy":"product_cat","embeddable":true,"href":"https:\/\/avantarea.com\/fr\/wp-json\/wp\/v2\/product_cat?post=86581"},{"taxonomy":"product_tag","embeddable":true,"href":"https:\/\/avantarea.com\/fr\/wp-json\/wp\/v2\/product_tag?post=86581"}],"curies":[{"name":"wp","href":"https:\/\/api.w.org\/{rel}","templated":true}]}}