{"id":86533,"date":"2023-10-24T08:20:00","date_gmt":"2023-10-24T06:20:00","guid":{"rendered":"https:\/\/nueva.avantarea.com\/?post_type=product&#038;p=86533"},"modified":"2026-04-09T09:50:47","modified_gmt":"2026-04-09T07:50:47","slug":"complemento-bigorre-copia","status":"publish","type":"product","link":"https:\/\/avantarea.com\/fr\/producto\/complemento-bigorre-copia\/","title":{"rendered":"Compl\u00e9ment BIGORRE"},"content":{"rendered":"<p>Meuble d&rsquo;appoint de salle de bain de 35&#215;140 fabriqu\u00e9 en panneau stratifi\u00e9 de 19 mm avec porte \u00e0 fermeture amortie. Poign\u00e9e d\u00e9corative. Charni\u00e8res \u00e0 fermeture amortie, test\u00e9es \u00e0 80 000 cycles, r\u00e9glables sur les trois axes. Fixations murales capables de supporter jusqu&rsquo;\u00e0 30 Kg par fixation. Chants en PVC de 1 mm. Fabriqu\u00e9 en Espagne. Livr\u00e9 mont\u00e9, pr\u00eat \u00e0 \u00eatre accroch\u00e9 au mur. Comprend toute la quincaillerie n\u00e9cessaire.<\/p>\n","protected":false},"excerpt":{"rendered":"<p>Meuble d&rsquo;appoint de salle de bain de 35&#215;140 fabriqu\u00e9 en panneau stratifi\u00e9 de 19 mm avec porte \u00e0 fermeture amortie. Poign\u00e9e d\u00e9corative. Charni\u00e8res \u00e0 fermeture amortie, test\u00e9es \u00e0 80 000&#8230;<\/p>\n","protected":false},"featured_media":19039,"comment_status":"closed","ping_status":"closed","template":"","meta":[],"product_brand":[916],"product_cat":[511],"product_tag":[],"class_list":{"0":"post-86533","1":"product","2":"type-product","3":"status-publish","4":"has-post-thumbnail","6":"product_brand-bigorre","7":"product_cat-sin-categoria","8":"pa_color-bardolino-blanc-2","9":"pa_color-bardolino-noir-mat-2","10":"pa_color-blanc-2","11":"pa_color-blanc-noir","12":"pa_color-jais-noir","13":"pa_color-jais-blanc","14":"pa_color-noyer-noir","15":"pa_medidas-140-2","17":"first","18":"instock","19":"purchasable","20":"product-type-variable"},"_links":{"self":[{"href":"https:\/\/avantarea.com\/fr\/wp-json\/wp\/v2\/product\/86533","targetHints":{"allow":["GET"]}}],"collection":[{"href":"https:\/\/avantarea.com\/fr\/wp-json\/wp\/v2\/product"}],"about":[{"href":"https:\/\/avantarea.com\/fr\/wp-json\/wp\/v2\/types\/product"}],"replies":[{"embeddable":true,"href":"https:\/\/avantarea.com\/fr\/wp-json\/wp\/v2\/comments?post=86533"}],"wp:featuredmedia":[{"embeddable":true,"href":"https:\/\/avantarea.com\/fr\/wp-json\/wp\/v2\/media\/19039"}],"wp:attachment":[{"href":"https:\/\/avantarea.com\/fr\/wp-json\/wp\/v2\/media?parent=86533"}],"wp:term":[{"taxonomy":"product_brand","embeddable":true,"href":"https:\/\/avantarea.com\/fr\/wp-json\/wp\/v2\/product_brand?post=86533"},{"taxonomy":"product_cat","embeddable":true,"href":"https:\/\/avantarea.com\/fr\/wp-json\/wp\/v2\/product_cat?post=86533"},{"taxonomy":"product_tag","embeddable":true,"href":"https:\/\/avantarea.com\/fr\/wp-json\/wp\/v2\/product_tag?post=86533"}],"curies":[{"name":"wp","href":"https:\/\/api.w.org\/{rel}","templated":true}]}}