{"id":86516,"date":"2023-10-24T08:20:51","date_gmt":"2023-10-24T06:20:51","guid":{"rendered":"https:\/\/nueva.avantarea.com\/?post_type=product&#038;p=86516"},"modified":"2026-02-25T08:26:37","modified_gmt":"2026-02-25T07:26:37","slug":"pack-neige-lavabo-espejo-circular-copia","status":"publish","type":"product","link":"https:\/\/avantarea.com\/fr\/producto\/pack-neige-lavabo-espejo-circular-copia\/","title":{"rendered":"Pack NEIGE + lavabo + miroir circulaire"},"content":{"rendered":"<p>Pack compos\u00e9 d&rsquo;un meuble sous-vasque suspendu, d&rsquo;une vasque et d&rsquo;un miroir circulaire.<br \/>\nMeuble suspendu compos\u00e9 d&rsquo;un module tiroir et d&rsquo;espaces d\u00e9coratifs lat\u00e9raux et inf\u00e9rieurs. Meuble fabriqu\u00e9 en panneau de particules de 19 mm avec rev\u00eatement m\u00e9lamin\u00e9, \u00e9cologique et recyclable. Tiroir m\u00e9tallique \u00e0 double paroi \u00e0 l&rsquo;esth\u00e9tique minimaliste, aux c\u00f4t\u00e9s fins et aux lignes droites, avec fermeture amortie et une capacit\u00e9 de charge de 25 kg. Tiroir \u00e0 pleine extension et espace arri\u00e8re disponible.<br \/>\nVasque en c\u00e9ramique blanche incluse. Miroir circulaire inclus. Livr\u00e9 mont\u00e9, pr\u00eat \u00e0 \u00eatre fix\u00e9 au mur. Comprend toute la quincaillerie n\u00e9cessaire. Fabriqu\u00e9 en Espagne. Robinet et siphon non inclus.<\/p>\n","protected":false},"excerpt":{"rendered":"<p>Pack compos\u00e9 d&rsquo;un meuble sous-vasque suspendu, d&rsquo;une vasque et d&rsquo;un miroir circulaire. Meuble suspendu compos\u00e9 d&rsquo;un module tiroir et d&rsquo;espaces d\u00e9coratifs lat\u00e9raux et inf\u00e9rieurs. Meuble fabriqu\u00e9 en panneau de particules&#8230;<\/p>\n","protected":false},"featured_media":19022,"comment_status":"closed","ping_status":"closed","template":"","meta":[],"product_brand":[931],"product_cat":[1179,1170,736,577],"product_tag":[],"class_list":{"0":"post-86516","1":"product","2":"type-product","3":"status-publish","4":"has-post-thumbnail","6":"product_brand-neige","7":"product_cat-meuble-de-salle-de-bain","8":"product_cat-muebles-de-bano","11":"pa_color-azabache","12":"pa_color-bardolino","13":"pa_color-blanco-mate","14":"pa_color-nogal","15":"pa_medidas-369","16":"pa_medidas-378","17":"pa_medidas-383","18":"pa_medidas-370","19":"pa_tamano-80000-fr","21":"first","22":"instock","23":"purchasable","24":"product-type-variable"},"_links":{"self":[{"href":"https:\/\/avantarea.com\/fr\/wp-json\/wp\/v2\/product\/86516","targetHints":{"allow":["GET"]}}],"collection":[{"href":"https:\/\/avantarea.com\/fr\/wp-json\/wp\/v2\/product"}],"about":[{"href":"https:\/\/avantarea.com\/fr\/wp-json\/wp\/v2\/types\/product"}],"replies":[{"embeddable":true,"href":"https:\/\/avantarea.com\/fr\/wp-json\/wp\/v2\/comments?post=86516"}],"wp:featuredmedia":[{"embeddable":true,"href":"https:\/\/avantarea.com\/fr\/wp-json\/wp\/v2\/media\/19022"}],"wp:attachment":[{"href":"https:\/\/avantarea.com\/fr\/wp-json\/wp\/v2\/media?parent=86516"}],"wp:term":[{"taxonomy":"product_brand","embeddable":true,"href":"https:\/\/avantarea.com\/fr\/wp-json\/wp\/v2\/product_brand?post=86516"},{"taxonomy":"product_cat","embeddable":true,"href":"https:\/\/avantarea.com\/fr\/wp-json\/wp\/v2\/product_cat?post=86516"},{"taxonomy":"product_tag","embeddable":true,"href":"https:\/\/avantarea.com\/fr\/wp-json\/wp\/v2\/product_tag?post=86516"}],"curies":[{"name":"wp","href":"https:\/\/api.w.org\/{rel}","templated":true}]}}