{"id":86493,"date":"2023-10-24T08:24:54","date_gmt":"2023-10-24T06:24:54","guid":{"rendered":"https:\/\/nueva.avantarea.com\/?post_type=product&#038;p=86493"},"modified":"2026-02-25T10:54:37","modified_gmt":"2026-02-25T09:54:37","slug":"pack-som-lavabo-copia","status":"publish","type":"product","link":"https:\/\/avantarea.com\/fr\/producto\/pack-som-lavabo-copia\/","title":{"rendered":"Pack SOM + lavabo"},"content":{"rendered":"<p>Ensemble comprenant un meuble de salle de bain fabriqu\u00e9 en panneau de particules m\u00e9lamin\u00e9 de 19mm, finition bois, avec deux portes. Charni\u00e8res \u00e9quip\u00e9es d&rsquo;un piston amortisseur pour une fermeture douce de la porte, fabriqu\u00e9es en acier avec une finition nickel\u00e9e pour une meilleure protection de la pi\u00e8ce. R\u00e9glage tridimensionnel et ouverture de 105\u00b0. Lavabo en c\u00e9ramique blanche. Fabriqu\u00e9 en Espagne. Robinet non inclus.<\/p>\n","protected":false},"excerpt":{"rendered":"<p>Ensemble comprenant un meuble de salle de bain fabriqu\u00e9 en panneau de particules m\u00e9lamin\u00e9 de 19mm, finition bois, avec deux portes. Charni\u00e8res \u00e9quip\u00e9es d&rsquo;un piston amortisseur pour une fermeture douce&#8230;<\/p>\n","protected":false},"featured_media":26175,"comment_status":"closed","ping_status":"closed","template":"","meta":[],"product_brand":[1010],"product_cat":[1170,577],"product_tag":[],"class_list":{"0":"post-86493","1":"product","2":"type-product","3":"status-publish","4":"has-post-thumbnail","6":"product_brand-som","7":"product_cat-muebles-de-bano","9":"pa_color-azabache","10":"pa_color-bleu-outremer","11":"pa_color-bardolino","12":"pa_color-blanco","13":"pa_color-bleu-outremer-2","14":"pa_color-nogal","15":"pa_color-noyer","16":"pa_color-terracotta","17":"pa_medidas-504","18":"pa_tamano-750","20":"first","21":"instock","22":"purchasable","23":"product-type-variable"},"_links":{"self":[{"href":"https:\/\/avantarea.com\/fr\/wp-json\/wp\/v2\/product\/86493","targetHints":{"allow":["GET"]}}],"collection":[{"href":"https:\/\/avantarea.com\/fr\/wp-json\/wp\/v2\/product"}],"about":[{"href":"https:\/\/avantarea.com\/fr\/wp-json\/wp\/v2\/types\/product"}],"replies":[{"embeddable":true,"href":"https:\/\/avantarea.com\/fr\/wp-json\/wp\/v2\/comments?post=86493"}],"wp:featuredmedia":[{"embeddable":true,"href":"https:\/\/avantarea.com\/fr\/wp-json\/wp\/v2\/media\/26175"}],"wp:attachment":[{"href":"https:\/\/avantarea.com\/fr\/wp-json\/wp\/v2\/media?parent=86493"}],"wp:term":[{"taxonomy":"product_brand","embeddable":true,"href":"https:\/\/avantarea.com\/fr\/wp-json\/wp\/v2\/product_brand?post=86493"},{"taxonomy":"product_cat","embeddable":true,"href":"https:\/\/avantarea.com\/fr\/wp-json\/wp\/v2\/product_cat?post=86493"},{"taxonomy":"product_tag","embeddable":true,"href":"https:\/\/avantarea.com\/fr\/wp-json\/wp\/v2\/product_tag?post=86493"}],"curies":[{"name":"wp","href":"https:\/\/api.w.org\/{rel}","templated":true}]}}