{"id":86476,"date":"2023-10-24T08:24:54","date_gmt":"2023-10-24T06:24:54","guid":{"rendered":"https:\/\/nueva.avantarea.com\/?post_type=product&#038;p=86476"},"modified":"2026-02-25T08:26:37","modified_gmt":"2026-02-25T07:26:37","slug":"pack-veymont-lavabo-espejo-capsula-copia","status":"publish","type":"product","link":"https:\/\/avantarea.com\/fr\/producto\/pack-veymont-lavabo-espejo-capsula-copia\/","title":{"rendered":"Pack VEYMONT et lavabo et miroir capsule"},"content":{"rendered":"<p>Ensemble compos\u00e9 d&rsquo;un meuble sous-vasque suspendu, d&rsquo;une vasque et d&rsquo;un miroir design capsule.<br \/>\nMeuble suspendu compos\u00e9 d&rsquo;un module tiroir et d&rsquo;une porte. Meuble fabriqu\u00e9 en panneau de particules de 19 mm avec rev\u00eatement m\u00e9lamin\u00e9, \u00e9cologique et recyclable, fa\u00e7ade au design d\u00e9coratif inclin\u00e9. Tiroir m\u00e9tallique \u00e0 double paroi, \u00e0 l&rsquo;esth\u00e9tique minimaliste, avec des parois fines et des lignes droites, dot\u00e9 d&rsquo;une fermeture amortie et d&rsquo;une capacit\u00e9 de charge de 25 kg. Tiroir avec accessibilit\u00e9 totale et espace arri\u00e8re disponible. Charni\u00e8res \u00e9quip\u00e9es d&rsquo;un piston amortisseur pour une fermeture douce de la porte, fabriqu\u00e9es en acier avec finition nickel\u00e9e pour une meilleure protection de la pi\u00e8ce. R\u00e9glage tridimensionnel et ouverture \u00e0 105\u00b0.<br \/>\nVasque en c\u00e9ramique blanche incluse. Miroir capsule inclus. Livr\u00e9 mont\u00e9, pr\u00eat \u00e0 \u00eatre accroch\u00e9 au mur. Toute la quincaillerie n\u00e9cessaire est incluse. Fabriqu\u00e9 en Espagne. Robinet et siphon non inclus.<\/p>\n","protected":false},"excerpt":{"rendered":"<p>Ensemble compos\u00e9 d&rsquo;un meuble sous-vasque suspendu, d&rsquo;une vasque et d&rsquo;un miroir design capsule. Meuble suspendu compos\u00e9 d&rsquo;un module tiroir et d&rsquo;une porte. Meuble fabriqu\u00e9 en panneau de particules de 19&#8230;<\/p>\n","protected":false},"featured_media":26194,"comment_status":"closed","ping_status":"closed","template":"","meta":[],"product_brand":[1011],"product_cat":[1179,1170],"product_tag":[],"class_list":{"0":"post-86476","1":"product","2":"type-product","3":"status-publish","4":"has-post-thumbnail","6":"product_brand-veymont","7":"product_cat-meuble-de-salle-de-bain","8":"product_cat-muebles-de-bano","9":"pa_color-bardolino-terre-cuite","10":"pa_color-bardolino-sombra","11":"pa_color-noyer-ombre","12":"pa_color-noyer-vert-argile-2","13":"pa_medidas-369","14":"pa_medidas-378","15":"pa_medidas-383","16":"pa_medidas-370","17":"pa_tamano-80000-fr","19":"first","20":"instock","21":"purchasable","22":"product-type-variable"},"_links":{"self":[{"href":"https:\/\/avantarea.com\/fr\/wp-json\/wp\/v2\/product\/86476","targetHints":{"allow":["GET"]}}],"collection":[{"href":"https:\/\/avantarea.com\/fr\/wp-json\/wp\/v2\/product"}],"about":[{"href":"https:\/\/avantarea.com\/fr\/wp-json\/wp\/v2\/types\/product"}],"replies":[{"embeddable":true,"href":"https:\/\/avantarea.com\/fr\/wp-json\/wp\/v2\/comments?post=86476"}],"wp:featuredmedia":[{"embeddable":true,"href":"https:\/\/avantarea.com\/fr\/wp-json\/wp\/v2\/media\/26194"}],"wp:attachment":[{"href":"https:\/\/avantarea.com\/fr\/wp-json\/wp\/v2\/media?parent=86476"}],"wp:term":[{"taxonomy":"product_brand","embeddable":true,"href":"https:\/\/avantarea.com\/fr\/wp-json\/wp\/v2\/product_brand?post=86476"},{"taxonomy":"product_cat","embeddable":true,"href":"https:\/\/avantarea.com\/fr\/wp-json\/wp\/v2\/product_cat?post=86476"},{"taxonomy":"product_tag","embeddable":true,"href":"https:\/\/avantarea.com\/fr\/wp-json\/wp\/v2\/product_tag?post=86476"}],"curies":[{"name":"wp","href":"https:\/\/api.w.org\/{rel}","templated":true}]}}