{"id":86459,"date":"2023-10-24T08:27:23","date_gmt":"2023-10-24T06:27:23","guid":{"rendered":"https:\/\/nueva.avantarea.com\/?post_type=product&#038;p=86459"},"modified":"2026-02-25T08:27:09","modified_gmt":"2026-02-25T07:27:09","slug":"pack-carlit-lavabo-espejo-capsula-copia","status":"publish","type":"product","link":"https:\/\/avantarea.com\/fr\/producto\/pack-carlit-lavabo-espejo-capsula-copia\/","title":{"rendered":"Pack CARLIT + lavabo + miroir capsule"},"content":{"rendered":"<p>Ensemble compos\u00e9 d&rsquo;un meuble sous-vasque suspendu, d&rsquo;une vasque et d&rsquo;un miroir design capsule.<br \/>\nLe meuble suspendu est compos\u00e9 d&rsquo;un module de tiroirs et d&rsquo;un espace d\u00e9coratif. Meuble fabriqu\u00e9 en panneau de particules de 19 mm avec rev\u00eatement m\u00e9lamin\u00e9, \u00e9cologique et recyclable, fa\u00e7ade au design d\u00e9coratif inclin\u00e9. Tiroir m\u00e9tallique \u00e0 double paroi \u00e0 l&rsquo;esth\u00e9tique minimaliste, avec des flancs fins et des lignes droites, dot\u00e9 d&rsquo;une fermeture amortie et d&rsquo;une capacit\u00e9 de charge de 25 kg. Tiroir \u00e0 pleine extension et espace arri\u00e8re disponible.<br \/>\nVasque en c\u00e9ramique blanche incluse. Miroir capsule inclus. Livr\u00e9 mont\u00e9, pr\u00eat \u00e0 \u00eatre fix\u00e9 au mur. Tout le mat\u00e9riel de fixation n\u00e9cessaire est inclus. Fabriqu\u00e9 en Espagne. Robinet et siphon non inclus.<\/p>\n","protected":false},"excerpt":{"rendered":"<p>Ensemble compos\u00e9 d&rsquo;un meuble sous-vasque suspendu, d&rsquo;une vasque et d&rsquo;un miroir design capsule. Le meuble suspendu est compos\u00e9 d&rsquo;un module de tiroirs et d&rsquo;un espace d\u00e9coratif. Meuble fabriqu\u00e9 en panneau&#8230;<\/p>\n","protected":false},"featured_media":26243,"comment_status":"closed","ping_status":"closed","template":"","meta":[],"product_brand":[1012],"product_cat":[1170,736,577],"product_tag":[],"class_list":{"0":"post-86459","1":"product","2":"type-product","3":"status-publish","4":"has-post-thumbnail","6":"product_brand-carlit","7":"product_cat-muebles-de-bano","8":"product_cat-meuble-de-salle-de-bain","10":"pa_color-azabache","11":"pa_color-bardolino","12":"pa_color-blanco-mate","13":"pa_color-nogal","14":"pa_medidas-369","15":"pa_medidas-378","16":"pa_medidas-383","17":"pa_medidas-370","18":"pa_tamano-80000-fr","20":"first","21":"instock","22":"purchasable","23":"product-type-variable"},"_links":{"self":[{"href":"https:\/\/avantarea.com\/fr\/wp-json\/wp\/v2\/product\/86459","targetHints":{"allow":["GET"]}}],"collection":[{"href":"https:\/\/avantarea.com\/fr\/wp-json\/wp\/v2\/product"}],"about":[{"href":"https:\/\/avantarea.com\/fr\/wp-json\/wp\/v2\/types\/product"}],"replies":[{"embeddable":true,"href":"https:\/\/avantarea.com\/fr\/wp-json\/wp\/v2\/comments?post=86459"}],"wp:featuredmedia":[{"embeddable":true,"href":"https:\/\/avantarea.com\/fr\/wp-json\/wp\/v2\/media\/26243"}],"wp:attachment":[{"href":"https:\/\/avantarea.com\/fr\/wp-json\/wp\/v2\/media?parent=86459"}],"wp:term":[{"taxonomy":"product_brand","embeddable":true,"href":"https:\/\/avantarea.com\/fr\/wp-json\/wp\/v2\/product_brand?post=86459"},{"taxonomy":"product_cat","embeddable":true,"href":"https:\/\/avantarea.com\/fr\/wp-json\/wp\/v2\/product_cat?post=86459"},{"taxonomy":"product_tag","embeddable":true,"href":"https:\/\/avantarea.com\/fr\/wp-json\/wp\/v2\/product_tag?post=86459"}],"curies":[{"name":"wp","href":"https:\/\/api.w.org\/{rel}","templated":true}]}}