{"id":86454,"date":"2023-10-24T08:30:05","date_gmt":"2023-10-24T06:30:05","guid":{"rendered":"https:\/\/nueva.avantarea.com\/?post_type=product&#038;p=86454"},"modified":"2026-02-25T08:27:09","modified_gmt":"2026-02-25T07:27:09","slug":"complemento-carlit-copia","status":"publish","type":"product","link":"https:\/\/avantarea.com\/fr\/producto\/complemento-carlit-copia\/","title":{"rendered":"Accessoire CARLIT"},"content":{"rendered":"<p>Meuble d&rsquo;appoint de salle de bain de 35&#215;140 fabriqu\u00e9 en panneau stratifi\u00e9 de 19 mm avec porte \u00e0 fermeture amortie. Charni\u00e8res avec fermeture soft-closing test\u00e9es \u00e0 80 000 cycles, r\u00e9glables sur les trois axes. Fixations murales capables de supporter jusqu&rsquo;\u00e0 30 Kg par fixation. Chants r\u00e9alis\u00e9s en PVC de 1 mm. Fabriqu\u00e9 en Espagne. Livr\u00e9 mont\u00e9, pr\u00eat \u00e0 \u00eatre accroch\u00e9 au mur. Comprend toute la quincaillerie n\u00e9cessaire.<\/p>\n","protected":false},"excerpt":{"rendered":"<p>Meuble d&rsquo;appoint de salle de bain de 35&#215;140 fabriqu\u00e9 en panneau stratifi\u00e9 de 19 mm avec porte \u00e0 fermeture amortie. Charni\u00e8res avec fermeture soft-closing test\u00e9es \u00e0 80 000 cycles, r\u00e9glables&#8230;<\/p>\n","protected":false},"featured_media":26291,"comment_status":"closed","ping_status":"open","template":"","meta":[],"product_brand":[],"product_cat":[511],"product_tag":[],"class_list":{"0":"post-86454","1":"product","2":"type-product","3":"status-publish","4":"has-post-thumbnail","6":"product_cat-sin-categoria","7":"pa_color-blanc-mat","8":"pa_color-chene-bardolino","9":"pa_color-noyer","10":"pa_color-chene-de-jais","11":"pa_medidas-458","13":"first","14":"instock","15":"purchasable","16":"product-type-variable"},"_links":{"self":[{"href":"https:\/\/avantarea.com\/fr\/wp-json\/wp\/v2\/product\/86454","targetHints":{"allow":["GET"]}}],"collection":[{"href":"https:\/\/avantarea.com\/fr\/wp-json\/wp\/v2\/product"}],"about":[{"href":"https:\/\/avantarea.com\/fr\/wp-json\/wp\/v2\/types\/product"}],"replies":[{"embeddable":true,"href":"https:\/\/avantarea.com\/fr\/wp-json\/wp\/v2\/comments?post=86454"}],"wp:featuredmedia":[{"embeddable":true,"href":"https:\/\/avantarea.com\/fr\/wp-json\/wp\/v2\/media\/26291"}],"wp:attachment":[{"href":"https:\/\/avantarea.com\/fr\/wp-json\/wp\/v2\/media?parent=86454"}],"wp:term":[{"taxonomy":"product_brand","embeddable":true,"href":"https:\/\/avantarea.com\/fr\/wp-json\/wp\/v2\/product_brand?post=86454"},{"taxonomy":"product_cat","embeddable":true,"href":"https:\/\/avantarea.com\/fr\/wp-json\/wp\/v2\/product_cat?post=86454"},{"taxonomy":"product_tag","embeddable":true,"href":"https:\/\/avantarea.com\/fr\/wp-json\/wp\/v2\/product_tag?post=86454"}],"curies":[{"name":"wp","href":"https:\/\/api.w.org\/{rel}","templated":true}]}}