{"id":86416,"date":"2023-12-19T14:48:04","date_gmt":"2023-12-19T13:48:04","guid":{"rendered":"https:\/\/nueva.avantarea.com\/?post_type=product&#038;p=86416"},"modified":"2026-02-25T08:27:09","modified_gmt":"2026-02-25T07:27:09","slug":"pack-domme-encimera-dekton-lavabo-espejo-capsula-copia","status":"publish","type":"product","link":"https:\/\/avantarea.com\/fr\/producto\/pack-domme-encimera-dekton-lavabo-espejo-capsula-copia\/","title":{"rendered":"Pack DOMME + plan de travail Dekton + lavabo + miroir capsule"},"content":{"rendered":"<p>Pack compos\u00e9 d&rsquo;un plan de toilette suspendu en mat\u00e9riau Dekton de Cosentino, d&rsquo;un lavabo, d&rsquo;un meuble et d&rsquo;un miroir capsule.<br \/>\nPlan de toilette en mat\u00e9riau Dekton. Dekton est une Pierre Technique Ultracompacte, un m\u00e9lange de plus de 20 min\u00e9raux extraits de la nature, exempte de microd\u00e9fauts et de porosit\u00e9 quasi nulle. Hautement r\u00e9sistant \u00e0 l&rsquo;abrasion, aux rayures, aux impacts, \u00e0 l&rsquo;eau et aux taches.<br \/>\nMeuble suspendu compos\u00e9 d&rsquo;un module tiroir fabriqu\u00e9 en panneau de particules de 19 mm avec rev\u00eatement m\u00e9lamin\u00e9, \u00e9cologique et recyclable. Tiroir m\u00e9tallique \u00e0 double paroi \u00e0 l&rsquo;esth\u00e9tique minimaliste, aux parois fines et aux lignes droites, avec fermeture amortie et une capacit\u00e9 de charge de 25 kg. Tiroir \u00e0 accessibilit\u00e9 totale et espace arri\u00e8re disponible.<br \/>\nMiroir design capsule inclus. Vasque \u00e0 poser en c\u00e9ramique incluse. Livr\u00e9 mont\u00e9, pr\u00eat \u00e0 \u00eatre fix\u00e9 au mur. Comprend toute la quincaillerie n\u00e9cessaire. Fabriqu\u00e9 en Espagne. Robinet et siphon non inclus.<\/p>\n","protected":false},"excerpt":{"rendered":"<p>Pack compos\u00e9 d&rsquo;un plan de toilette suspendu en mat\u00e9riau Dekton de Cosentino, d&rsquo;un lavabo, d&rsquo;un meuble et d&rsquo;un miroir capsule. Plan de toilette en mat\u00e9riau Dekton. Dekton est une Pierre&#8230;<\/p>\n","protected":false},"featured_media":18882,"comment_status":"closed","ping_status":"closed","template":"","meta":[],"product_brand":[929],"product_cat":[1170,736,577],"product_tag":[],"class_list":{"0":"post-86416","1":"product","2":"type-product","3":"status-publish","4":"has-post-thumbnail","6":"product_brand-domme","7":"product_cat-muebles-de-bano","8":"product_cat-meuble-de-salle-de-bain","10":"pa_color-kira-alcatraz","11":"pa_color-kira-azabache","12":"pa_color-laurent-alcatraz","13":"pa_color-laurent-nogal","14":"pa_color-marina-alcatraz","15":"pa_color-marina-blanco","16":"pa_medidas-378","17":"pa_medidas-383","18":"pa_medidas-370","19":"pa_tamano-80000-fr","21":"first","22":"instock","23":"purchasable","24":"product-type-variable"},"_links":{"self":[{"href":"https:\/\/avantarea.com\/fr\/wp-json\/wp\/v2\/product\/86416","targetHints":{"allow":["GET"]}}],"collection":[{"href":"https:\/\/avantarea.com\/fr\/wp-json\/wp\/v2\/product"}],"about":[{"href":"https:\/\/avantarea.com\/fr\/wp-json\/wp\/v2\/types\/product"}],"replies":[{"embeddable":true,"href":"https:\/\/avantarea.com\/fr\/wp-json\/wp\/v2\/comments?post=86416"}],"wp:featuredmedia":[{"embeddable":true,"href":"https:\/\/avantarea.com\/fr\/wp-json\/wp\/v2\/media\/18882"}],"wp:attachment":[{"href":"https:\/\/avantarea.com\/fr\/wp-json\/wp\/v2\/media?parent=86416"}],"wp:term":[{"taxonomy":"product_brand","embeddable":true,"href":"https:\/\/avantarea.com\/fr\/wp-json\/wp\/v2\/product_brand?post=86416"},{"taxonomy":"product_cat","embeddable":true,"href":"https:\/\/avantarea.com\/fr\/wp-json\/wp\/v2\/product_cat?post=86416"},{"taxonomy":"product_tag","embeddable":true,"href":"https:\/\/avantarea.com\/fr\/wp-json\/wp\/v2\/product_tag?post=86416"}],"curies":[{"name":"wp","href":"https:\/\/api.w.org\/{rel}","templated":true}]}}