{"id":86393,"date":"2023-12-19T14:51:21","date_gmt":"2023-12-19T13:51:21","guid":{"rendered":"https:\/\/nueva.avantarea.com\/?post_type=product&#038;p=86393"},"modified":"2026-02-25T08:27:31","modified_gmt":"2026-02-25T07:27:31","slug":"pack-lavardens-lavabo-espejo-led-copia","status":"publish","type":"product","link":"https:\/\/avantarea.com\/fr\/producto\/pack-lavardens-lavabo-espejo-led-copia\/","title":{"rendered":"Pack LAVARDENS + lavabo + miroir LED"},"content":{"rendered":"<p>Pack compos\u00e9 d&rsquo;un meuble sous-vasque suspendu, d&rsquo;une vasque et d&rsquo;un miroir LED.<br \/>\nMeuble suspendu compos\u00e9 d&rsquo;un module de tiroirs et d&rsquo;un espace d\u00e9coratif, fabriqu\u00e9 en panneau de particules de 19 mm avec rev\u00eatement m\u00e9lamin\u00e9, \u00e9cologique et recyclable. Tiroir m\u00e9tallique \u00e0 double paroi, \u00e0 l&rsquo;esth\u00e9tique minimaliste, aux flancs fins et aux lignes droites, avec fermeture amortie et une capacit\u00e9 de charge de 25 kg. Tiroir \u00e0 pleine extension et espace arri\u00e8re disponible.<br \/>\nMiroir avec \u00e9clairage LED inclus, IP44, 14,4W, 1320 lumens et temp\u00e9rature 6000K. Vasque \u00e0 poser en c\u00e9ramique incluse. Livr\u00e9 mont\u00e9, pr\u00eat \u00e0 \u00eatre fix\u00e9 au mur. Comprend toute la quincaillerie n\u00e9cessaire. Fabriqu\u00e9 en Espagne. Robinet et siphon non inclus.<\/p>\n","protected":false},"excerpt":{"rendered":"<p>Pack compos\u00e9 d&rsquo;un meuble sous-vasque suspendu, d&rsquo;une vasque et d&rsquo;un miroir LED. Meuble suspendu compos\u00e9 d&rsquo;un module de tiroirs et d&rsquo;un espace d\u00e9coratif, fabriqu\u00e9 en panneau de particules de 19&#8230;<\/p>\n","protected":false},"featured_media":18873,"comment_status":"closed","ping_status":"closed","template":"","meta":[],"product_brand":[924],"product_cat":[1179,1170],"product_tag":[],"class_list":{"0":"post-86393","1":"product","2":"type-product","3":"status-publish","4":"has-post-thumbnail","6":"product_brand-lavardens","7":"product_cat-meuble-de-salle-de-bain","8":"product_cat-muebles-de-bano","9":"pa_color-azabache","10":"pa_color-bardolino","11":"pa_color-nogal","12":"pa_medidas-369","13":"pa_medidas-378","14":"pa_medidas-370","15":"pa_tamano-80000-fr","17":"first","18":"instock","19":"purchasable","20":"product-type-variable"},"_links":{"self":[{"href":"https:\/\/avantarea.com\/fr\/wp-json\/wp\/v2\/product\/86393","targetHints":{"allow":["GET"]}}],"collection":[{"href":"https:\/\/avantarea.com\/fr\/wp-json\/wp\/v2\/product"}],"about":[{"href":"https:\/\/avantarea.com\/fr\/wp-json\/wp\/v2\/types\/product"}],"replies":[{"embeddable":true,"href":"https:\/\/avantarea.com\/fr\/wp-json\/wp\/v2\/comments?post=86393"}],"wp:featuredmedia":[{"embeddable":true,"href":"https:\/\/avantarea.com\/fr\/wp-json\/wp\/v2\/media\/18873"}],"wp:attachment":[{"href":"https:\/\/avantarea.com\/fr\/wp-json\/wp\/v2\/media?parent=86393"}],"wp:term":[{"taxonomy":"product_brand","embeddable":true,"href":"https:\/\/avantarea.com\/fr\/wp-json\/wp\/v2\/product_brand?post=86393"},{"taxonomy":"product_cat","embeddable":true,"href":"https:\/\/avantarea.com\/fr\/wp-json\/wp\/v2\/product_cat?post=86393"},{"taxonomy":"product_tag","embeddable":true,"href":"https:\/\/avantarea.com\/fr\/wp-json\/wp\/v2\/product_tag?post=86393"}],"curies":[{"name":"wp","href":"https:\/\/api.w.org\/{rel}","templated":true}]}}