{"id":86362,"date":"2023-12-19T14:53:34","date_gmt":"2023-12-19T13:53:34","guid":{"rendered":"https:\/\/nueva.avantarea.com\/?post_type=product&#038;p=86362"},"modified":"2026-02-25T08:27:31","modified_gmt":"2026-02-25T07:27:31","slug":"complemento-montclus-140-cm-copia","status":"publish","type":"product","link":"https:\/\/avantarea.com\/fr\/producto\/complemento-montclus-140-cm-copia\/","title":{"rendered":"Compl\u00e9ment MONTCLUS 140 cm"},"content":{"rendered":"<p>Meuble d&rsquo;appoint de salle de bain de 35&#215;140, fabriqu\u00e9 en panneau stratifi\u00e9 de 19 mm avec porte \u00e0 fermeture amortie. Charni\u00e8res avec fermeture softclosing test\u00e9es \u00e0 80.000 cycles, r\u00e9glables sur les trois axes. Fixations murales capables de supporter jusqu&rsquo;\u00e0 30 Kg par fixation. Chants r\u00e9alis\u00e9s en PVC de 1 mm. Fabriqu\u00e9 en Espagne. Livr\u00e9 mont\u00e9, pr\u00eat \u00e0 \u00eatre fix\u00e9 au mur. Comprend toute la quincaillerie n\u00e9cessaire.<\/p>\n","protected":false},"excerpt":{"rendered":"<p>Meuble d&rsquo;appoint de salle de bain de 35&#215;140, fabriqu\u00e9 en panneau stratifi\u00e9 de 19 mm avec porte \u00e0 fermeture amortie. Charni\u00e8res avec fermeture softclosing test\u00e9es \u00e0 80.000 cycles, r\u00e9glables sur&#8230;<\/p>\n","protected":false},"featured_media":26464,"comment_status":"closed","ping_status":"open","template":"","meta":[],"product_brand":[1015],"product_cat":[576],"product_tag":[622],"class_list":{"0":"post-86362","1":"product","2":"type-product","3":"status-publish","4":"has-post-thumbnail","6":"product_brand-montclus","7":"product_cat-muebles-auxiliares","8":"product_tag-descuento","9":"pa_color-azabache","10":"pa_color-bardolino","11":"pa_color-nogal","12":"pa_medidas-452","14":"first","15":"instock","16":"purchasable","17":"product-type-variable"},"_links":{"self":[{"href":"https:\/\/avantarea.com\/fr\/wp-json\/wp\/v2\/product\/86362","targetHints":{"allow":["GET"]}}],"collection":[{"href":"https:\/\/avantarea.com\/fr\/wp-json\/wp\/v2\/product"}],"about":[{"href":"https:\/\/avantarea.com\/fr\/wp-json\/wp\/v2\/types\/product"}],"replies":[{"embeddable":true,"href":"https:\/\/avantarea.com\/fr\/wp-json\/wp\/v2\/comments?post=86362"}],"wp:featuredmedia":[{"embeddable":true,"href":"https:\/\/avantarea.com\/fr\/wp-json\/wp\/v2\/media\/26464"}],"wp:attachment":[{"href":"https:\/\/avantarea.com\/fr\/wp-json\/wp\/v2\/media?parent=86362"}],"wp:term":[{"taxonomy":"product_brand","embeddable":true,"href":"https:\/\/avantarea.com\/fr\/wp-json\/wp\/v2\/product_brand?post=86362"},{"taxonomy":"product_cat","embeddable":true,"href":"https:\/\/avantarea.com\/fr\/wp-json\/wp\/v2\/product_cat?post=86362"},{"taxonomy":"product_tag","embeddable":true,"href":"https:\/\/avantarea.com\/fr\/wp-json\/wp\/v2\/product_tag?post=86362"}],"curies":[{"name":"wp","href":"https:\/\/api.w.org\/{rel}","templated":true}]}}