{"id":86330,"date":"2024-02-22T16:01:18","date_gmt":"2024-02-22T15:01:18","guid":{"rendered":"https:\/\/nueva.avantarea.com\/?post_type=product&#038;p=86330"},"modified":"2026-02-25T08:27:48","modified_gmt":"2026-02-25T07:27:48","slug":"pack-madine-lavabo-espejo-capsula-copia","status":"publish","type":"product","link":"https:\/\/avantarea.com\/fr\/producto\/pack-madine-lavabo-espejo-capsula-copia\/","title":{"rendered":"Pack MADINE + lavabo + miroir capsule"},"content":{"rendered":"<p>Ensemble compos\u00e9 d&rsquo;un meuble sous-vasque suspendu, d&rsquo;une vasque et d&rsquo;un miroir design capsule.<br \/>\nMeuble suspendu compos\u00e9 de tiroirs, avec d\u00e9tail de chant en finition noir mat. Meuble fabriqu\u00e9 en panneau de particules de 19 mm avec rev\u00eatement m\u00e9lamin\u00e9, \u00e9cologique et recyclable. Tiroir m\u00e9tallique \u00e0 double paroi \u00e0 l&rsquo;esth\u00e9tique minimaliste, avec des parois fines et des lignes droites, dot\u00e9 d&rsquo;une fermeture amortie et d&rsquo;une capacit\u00e9 de charge de 25 kg. Tiroir \u00e0 pleine extension et espace arri\u00e8re disponible.<br \/>\nMiroir design capsule. Vasque \u00e0 poser en c\u00e9ramique incluse. Livr\u00e9 mont\u00e9, pr\u00eat \u00e0 \u00eatre fix\u00e9 au mur. Comprend toute la quincaillerie n\u00e9cessaire. Fabriqu\u00e9 en Espagne. Robinet et siphon non inclus.<\/p>\n","protected":false},"excerpt":{"rendered":"<p>Ensemble compos\u00e9 d&rsquo;un meuble sous-vasque suspendu, d&rsquo;une vasque et d&rsquo;un miroir design capsule. Meuble suspendu compos\u00e9 de tiroirs, avec d\u00e9tail de chant en finition noir mat. Meuble fabriqu\u00e9 en panneau&#8230;<\/p>\n","protected":false},"featured_media":16276,"comment_status":"closed","ping_status":"open","template":"","meta":[],"product_brand":[926],"product_cat":[577],"product_tag":[],"class_list":{"0":"post-86330","1":"product","2":"type-product","3":"status-publish","4":"has-post-thumbnail","6":"product_brand-madine","7":"product_cat-muebles-de-bano","8":"pa_color-alcatraz","9":"pa_color-nogal","10":"pa_medidas-378","11":"pa_medidas-383","12":"pa_medidas-370","14":"first","15":"instock","16":"purchasable","17":"product-type-variable"},"_links":{"self":[{"href":"https:\/\/avantarea.com\/fr\/wp-json\/wp\/v2\/product\/86330","targetHints":{"allow":["GET"]}}],"collection":[{"href":"https:\/\/avantarea.com\/fr\/wp-json\/wp\/v2\/product"}],"about":[{"href":"https:\/\/avantarea.com\/fr\/wp-json\/wp\/v2\/types\/product"}],"replies":[{"embeddable":true,"href":"https:\/\/avantarea.com\/fr\/wp-json\/wp\/v2\/comments?post=86330"}],"wp:featuredmedia":[{"embeddable":true,"href":"https:\/\/avantarea.com\/fr\/wp-json\/wp\/v2\/media\/16276"}],"wp:attachment":[{"href":"https:\/\/avantarea.com\/fr\/wp-json\/wp\/v2\/media?parent=86330"}],"wp:term":[{"taxonomy":"product_brand","embeddable":true,"href":"https:\/\/avantarea.com\/fr\/wp-json\/wp\/v2\/product_brand?post=86330"},{"taxonomy":"product_cat","embeddable":true,"href":"https:\/\/avantarea.com\/fr\/wp-json\/wp\/v2\/product_cat?post=86330"},{"taxonomy":"product_tag","embeddable":true,"href":"https:\/\/avantarea.com\/fr\/wp-json\/wp\/v2\/product_tag?post=86330"}],"curies":[{"name":"wp","href":"https:\/\/api.w.org\/{rel}","templated":true}]}}