{"id":86320,"date":"2024-02-22T16:01:18","date_gmt":"2024-02-22T15:01:18","guid":{"rendered":"https:\/\/nueva.avantarea.com\/?post_type=product&#038;p=86320"},"modified":"2026-02-25T08:27:48","modified_gmt":"2026-02-25T07:27:48","slug":"pack-montbel-lavabo-espejo-circular-copia","status":"publish","type":"product","link":"https:\/\/avantarea.com\/fr\/producto\/pack-montbel-lavabo-espejo-circular-copia\/","title":{"rendered":"Pack MONTBEL + lavabo + miroir circulaire"},"content":{"rendered":"<p>Pack compos\u00e9 d&rsquo;un meuble sous-vasque suspendu, d&rsquo;une vasque et d&rsquo;un miroir circulaire.<br \/>\nLe meuble suspendu est constitu\u00e9 d&rsquo;un module \u00e0 portes fabriqu\u00e9 en panneau de particules de 19 mm avec rev\u00eatement m\u00e9lamin\u00e9, \u00e9cologique et recyclable. D\u00e9tail d\u00e9coratif du plan de travail et du flanc inclin\u00e9s.<br \/>\nCharni\u00e8res \u00e9quip\u00e9es d&rsquo;un piston amortisseur pour la fermeture douce de la porte, fabriqu\u00e9es en acier avec finition nickel\u00e9e pour une meilleure protection de la pi\u00e8ce. R\u00e9glage tridimensionnel et ouverture \u00e0 105\u00b0.<br \/>\nMiroir design circulaire. Vasque \u00e0 poser en c\u00e9ramique incluse. Livr\u00e9 mont\u00e9, pr\u00eat \u00e0 \u00eatre fix\u00e9 au mur. Comprend toute la quincaillerie n\u00e9cessaire. Fabriqu\u00e9 en Espagne. Robinet et siphon non inclus.<\/p>\n","protected":false},"excerpt":{"rendered":"<p>Pack compos\u00e9 d&rsquo;un meuble sous-vasque suspendu, d&rsquo;une vasque et d&rsquo;un miroir circulaire. Le meuble suspendu est constitu\u00e9 d&rsquo;un module \u00e0 portes fabriqu\u00e9 en panneau de particules de 19 mm avec&#8230;<\/p>\n","protected":false},"featured_media":18849,"comment_status":"closed","ping_status":"closed","template":"","meta":[],"product_brand":[927],"product_cat":[1170],"product_tag":[],"class_list":{"0":"post-86320","1":"product","2":"type-product","3":"status-publish","4":"has-post-thumbnail","6":"product_brand-montbel","7":"product_cat-muebles-de-bano","8":"pa_color-azabache","9":"pa_color-bardolino","10":"pa_color-nogal","11":"pa_medidas-378","12":"pa_medidas-383","13":"pa_medidas-370","15":"first","16":"instock","17":"purchasable","18":"product-type-variable"},"_links":{"self":[{"href":"https:\/\/avantarea.com\/fr\/wp-json\/wp\/v2\/product\/86320","targetHints":{"allow":["GET"]}}],"collection":[{"href":"https:\/\/avantarea.com\/fr\/wp-json\/wp\/v2\/product"}],"about":[{"href":"https:\/\/avantarea.com\/fr\/wp-json\/wp\/v2\/types\/product"}],"replies":[{"embeddable":true,"href":"https:\/\/avantarea.com\/fr\/wp-json\/wp\/v2\/comments?post=86320"}],"wp:featuredmedia":[{"embeddable":true,"href":"https:\/\/avantarea.com\/fr\/wp-json\/wp\/v2\/media\/18849"}],"wp:attachment":[{"href":"https:\/\/avantarea.com\/fr\/wp-json\/wp\/v2\/media?parent=86320"}],"wp:term":[{"taxonomy":"product_brand","embeddable":true,"href":"https:\/\/avantarea.com\/fr\/wp-json\/wp\/v2\/product_brand?post=86320"},{"taxonomy":"product_cat","embeddable":true,"href":"https:\/\/avantarea.com\/fr\/wp-json\/wp\/v2\/product_cat?post=86320"},{"taxonomy":"product_tag","embeddable":true,"href":"https:\/\/avantarea.com\/fr\/wp-json\/wp\/v2\/product_tag?post=86320"}],"curies":[{"name":"wp","href":"https:\/\/api.w.org\/{rel}","templated":true}]}}