{"id":86299,"date":"2024-02-22T16:02:31","date_gmt":"2024-02-22T15:02:31","guid":{"rendered":"https:\/\/nueva.avantarea.com\/?post_type=product&#038;p=86299"},"modified":"2026-04-09T08:32:30","modified_gmt":"2026-04-09T06:32:30","slug":"pack-arnel-lavabo-calacatta-espejo-alma-copia","status":"publish","type":"product","link":"https:\/\/avantarea.com\/fr\/producto\/pack-arnel-lavabo-calacatta-espejo-alma-copia\/","title":{"rendered":"Pack ARNEL + lavabo Calacatta + miroir Alma"},"content":{"rendered":"<p>Pack compos\u00e9 d\u2019un meuble de salle de bain suspendu, d\u2019un lavabo Calacatta et d\u2019un miroir d\u00e9coratif mod\u00e8le Alma.<br \/>Le meuble suspendu se compose d&rsquo;un module avec portes et d&rsquo;un espace d\u00e9coratif lat\u00e9ral. Il est fabriqu\u00e9 en panneaux de particules de 19 mm avec un rev\u00eatement m\u00e9lamin\u00e9, \u00e9cologique et recyclable.<br \/>Les charni\u00e8res sont \u00e9quip\u00e9es d&rsquo;un piston amortisseur pour une fermeture douce de la porte (syst\u00e8me soft-close). Elles sont fabriqu\u00e9es en acier avec une finition nickel\u00e9e pour une protection accrue de la pi\u00e8ce. Elles permettent un r\u00e9glage tridimensionnel et offrent une ouverture de 105\u00b0.<br \/>\nMiroir d\u00e9coratif semi-capsule. Vasque \u00e0 poser en c\u00e9ramique, finition Calacatta, incluse.  Il est livr\u00e9 assembl\u00e9, pr\u00eat \u00e0 \u00eatre accroch\u00e9 au mur. Comprend toute la quincaillerie n\u00e9cessaire. Fabriqu\u00e9 en Espagne. Robinet et siphon non inclus<\/p>\n","protected":false},"excerpt":{"rendered":"<p>Pack compos\u00e9 d\u2019un meuble de salle de bain suspendu, d\u2019un lavabo Calacatta et d\u2019un miroir d\u00e9coratif mod\u00e8le Alma.Le meuble suspendu se compose d&rsquo;un module avec portes et d&rsquo;un espace d\u00e9coratif&#8230;<\/p>\n","protected":false},"featured_media":26514,"comment_status":"closed","ping_status":"closed","template":"","meta":[],"product_brand":[1016],"product_cat":[1170],"product_tag":[],"class_list":{"0":"post-86299","1":"product","2":"type-product","3":"status-publish","4":"has-post-thumbnail","6":"product_brand-arnel","7":"product_cat-muebles-de-bano","8":"pa_color-alcatraz","9":"pa_color-azabache","10":"pa_color-bardolino","11":"pa_color-nogal","12":"pa_medidas-140-2","13":"pa_medidas-383","14":"pa_medidas-370","16":"first","17":"instock","18":"purchasable","19":"product-type-variable"},"_links":{"self":[{"href":"https:\/\/avantarea.com\/fr\/wp-json\/wp\/v2\/product\/86299","targetHints":{"allow":["GET"]}}],"collection":[{"href":"https:\/\/avantarea.com\/fr\/wp-json\/wp\/v2\/product"}],"about":[{"href":"https:\/\/avantarea.com\/fr\/wp-json\/wp\/v2\/types\/product"}],"replies":[{"embeddable":true,"href":"https:\/\/avantarea.com\/fr\/wp-json\/wp\/v2\/comments?post=86299"}],"wp:featuredmedia":[{"embeddable":true,"href":"https:\/\/avantarea.com\/fr\/wp-json\/wp\/v2\/media\/26514"}],"wp:attachment":[{"href":"https:\/\/avantarea.com\/fr\/wp-json\/wp\/v2\/media?parent=86299"}],"wp:term":[{"taxonomy":"product_brand","embeddable":true,"href":"https:\/\/avantarea.com\/fr\/wp-json\/wp\/v2\/product_brand?post=86299"},{"taxonomy":"product_cat","embeddable":true,"href":"https:\/\/avantarea.com\/fr\/wp-json\/wp\/v2\/product_cat?post=86299"},{"taxonomy":"product_tag","embeddable":true,"href":"https:\/\/avantarea.com\/fr\/wp-json\/wp\/v2\/product_tag?post=86299"}],"curies":[{"name":"wp","href":"https:\/\/api.w.org\/{rel}","templated":true}]}}