{"id":86291,"date":"2024-03-08T09:52:39","date_gmt":"2024-03-08T08:52:39","guid":{"rendered":"https:\/\/nueva.avantarea.com\/?post_type=product&#038;p=86291"},"modified":"2026-02-25T08:27:48","modified_gmt":"2026-02-25T07:27:48","slug":"complemento-madine-de-36x165x30cm-copia","status":"publish","type":"product","link":"https:\/\/avantarea.com\/fr\/producto\/complemento-madine-de-36x165x30cm-copia\/","title":{"rendered":"Compl\u00e9ment MADINE de 36x165x30cm"},"content":{"rendered":"<p>Colonne d&rsquo;appoint parfaite pour optimiser l&rsquo;espace de rangement de la salle de bain. Meuble de salle de bain de 35x165x30 cm fabriqu\u00e9 en panneau stratifi\u00e9 de 19 mm avec portes \u00e0 fermeture amortie. Charni\u00e8res softclosing test\u00e9es \u00e0 80 000 cycles, r\u00e9glables sur trois axes. Fixations murales capables de supporter jusqu&rsquo;\u00e0 30 Kg par fixation. Chants en PVC de 1 mm. Fabriqu\u00e9 en Espagne. Livr\u00e9 mont\u00e9, pr\u00eat \u00e0 \u00eatre fix\u00e9 au mur. Comprend toute la quincaillerie n\u00e9cessaire.<\/p>\n","protected":false},"excerpt":{"rendered":"<p>Colonne d&rsquo;appoint parfaite pour optimiser l&rsquo;espace de rangement de la salle de bain. Meuble de salle de bain de 35x165x30 cm fabriqu\u00e9 en panneau stratifi\u00e9 de 19 mm avec portes&#8230;<\/p>\n","protected":false},"featured_media":16218,"comment_status":"closed","ping_status":"open","template":"","meta":[],"product_brand":[926],"product_cat":[576],"product_tag":[],"class_list":{"0":"post-86291","1":"product","2":"type-product","3":"status-publish","4":"has-post-thumbnail","6":"product_brand-madine","7":"product_cat-muebles-auxiliares","8":"pa_color-amazonite-alcatraz","9":"pa_color-alcatraz","10":"pa_color-marina-blanc","11":"pa_color-nogal","12":"pa_medidas-459","14":"first","15":"instock","16":"purchasable","17":"product-type-variable"},"_links":{"self":[{"href":"https:\/\/avantarea.com\/fr\/wp-json\/wp\/v2\/product\/86291","targetHints":{"allow":["GET"]}}],"collection":[{"href":"https:\/\/avantarea.com\/fr\/wp-json\/wp\/v2\/product"}],"about":[{"href":"https:\/\/avantarea.com\/fr\/wp-json\/wp\/v2\/types\/product"}],"replies":[{"embeddable":true,"href":"https:\/\/avantarea.com\/fr\/wp-json\/wp\/v2\/comments?post=86291"}],"wp:featuredmedia":[{"embeddable":true,"href":"https:\/\/avantarea.com\/fr\/wp-json\/wp\/v2\/media\/16218"}],"wp:attachment":[{"href":"https:\/\/avantarea.com\/fr\/wp-json\/wp\/v2\/media?parent=86291"}],"wp:term":[{"taxonomy":"product_brand","embeddable":true,"href":"https:\/\/avantarea.com\/fr\/wp-json\/wp\/v2\/product_brand?post=86291"},{"taxonomy":"product_cat","embeddable":true,"href":"https:\/\/avantarea.com\/fr\/wp-json\/wp\/v2\/product_cat?post=86291"},{"taxonomy":"product_tag","embeddable":true,"href":"https:\/\/avantarea.com\/fr\/wp-json\/wp\/v2\/product_tag?post=86291"}],"curies":[{"name":"wp","href":"https:\/\/api.w.org\/{rel}","templated":true}]}}