{"id":86254,"date":"2024-03-08T09:55:17","date_gmt":"2024-03-08T08:55:17","guid":{"rendered":"https:\/\/nueva.avantarea.com\/?post_type=product&#038;p=86254"},"modified":"2026-02-25T08:28:13","modified_gmt":"2026-02-25T07:28:13","slug":"pack-carcans-lavabo-espejo-liso-copia","status":"publish","type":"product","link":"https:\/\/avantarea.com\/fr\/producto\/pack-carcans-lavabo-espejo-liso-copia\/","title":{"rendered":"Pack CARCANS + lavabo + miroir lisse"},"content":{"rendered":"<p>Ensemble pour espaces r\u00e9duits compos\u00e9 d&rsquo;un meuble suspendu \u00e0 profondeur r\u00e9duite, d&rsquo;une vasque et d&rsquo;un miroir simple.<br \/>\nMeuble suspendu compos\u00e9 d&rsquo;un module de tiroirs fabriqu\u00e9 en panneau de particules de 19 mm avec rev\u00eatement m\u00e9lamin\u00e9, \u00e9cologique et recyclable.<br \/>\nTiroir m\u00e9tallique \u00e0 double paroi \u00e0 l&rsquo;esth\u00e9tique minimaliste, aux parois fines et aux lignes droites, avec fermeture amortie et une capacit\u00e9 de charge de 25 kg. Tiroir avec accessibilit\u00e9 totale et espace arri\u00e8re disponible.<br \/>\nMiroir simple. Vasque \u00e0 poser en c\u00e9ramique incluse. Livr\u00e9 mont\u00e9, pr\u00eat \u00e0 \u00eatre fix\u00e9 au mur. Comprend toute la quincaillerie n\u00e9cessaire. Fabriqu\u00e9 en Espagne. Robinet et siphon non inclus.<\/p>\n","protected":false},"excerpt":{"rendered":"<p>Ensemble pour espaces r\u00e9duits compos\u00e9 d&rsquo;un meuble suspendu \u00e0 profondeur r\u00e9duite, d&rsquo;une vasque et d&rsquo;un miroir simple. Meuble suspendu compos\u00e9 d&rsquo;un module de tiroirs fabriqu\u00e9 en panneau de particules de&#8230;<\/p>\n","protected":false},"featured_media":16147,"comment_status":"closed","ping_status":"open","template":"","meta":[],"product_brand":[922],"product_cat":[1170,577],"product_tag":[],"class_list":{"0":"post-86254","1":"product","2":"type-product","3":"status-publish","4":"has-post-thumbnail","6":"product_brand-carcans","7":"product_cat-muebles-de-bano","9":"pa_color-alcatraz","10":"pa_color-azabache","11":"pa_color-bardolino","12":"pa_color-blanco","13":"pa_color-nogal","14":"pa_color-sombra","15":"pa_medidas-504","16":"pa_medidas-363","17":"pa_medidas-370","19":"first","20":"instock","21":"purchasable","22":"product-type-variable"},"_links":{"self":[{"href":"https:\/\/avantarea.com\/fr\/wp-json\/wp\/v2\/product\/86254","targetHints":{"allow":["GET"]}}],"collection":[{"href":"https:\/\/avantarea.com\/fr\/wp-json\/wp\/v2\/product"}],"about":[{"href":"https:\/\/avantarea.com\/fr\/wp-json\/wp\/v2\/types\/product"}],"replies":[{"embeddable":true,"href":"https:\/\/avantarea.com\/fr\/wp-json\/wp\/v2\/comments?post=86254"}],"wp:featuredmedia":[{"embeddable":true,"href":"https:\/\/avantarea.com\/fr\/wp-json\/wp\/v2\/media\/16147"}],"wp:attachment":[{"href":"https:\/\/avantarea.com\/fr\/wp-json\/wp\/v2\/media?parent=86254"}],"wp:term":[{"taxonomy":"product_brand","embeddable":true,"href":"https:\/\/avantarea.com\/fr\/wp-json\/wp\/v2\/product_brand?post=86254"},{"taxonomy":"product_cat","embeddable":true,"href":"https:\/\/avantarea.com\/fr\/wp-json\/wp\/v2\/product_cat?post=86254"},{"taxonomy":"product_tag","embeddable":true,"href":"https:\/\/avantarea.com\/fr\/wp-json\/wp\/v2\/product_tag?post=86254"}],"curies":[{"name":"wp","href":"https:\/\/api.w.org\/{rel}","templated":true}]}}