{"id":86216,"date":"2024-04-17T08:42:47","date_gmt":"2024-04-17T06:42:47","guid":{"rendered":"https:\/\/nueva.avantarea.com\/?post_type=product&#038;p=86216"},"modified":"2026-02-25T08:28:14","modified_gmt":"2026-02-25T07:28:14","slug":"pack-chalain-lavabo-espejo-alma-copia","status":"publish","type":"product","link":"https:\/\/avantarea.com\/fr\/producto\/pack-chalain-lavabo-espejo-alma-copia\/","title":{"rendered":"Pack CHALAIN + lavabo + miroir Alma"},"content":{"rendered":"<p>Pack compos\u00e9 d&rsquo;un meuble sous-vasque suspendu, d&rsquo;une vasque et d&rsquo;un miroir design d\u00e9coratif semi-capsule.<br \/>\nMeuble suspendu compos\u00e9 d&rsquo;un module tiroir et d&rsquo;un espace d\u00e9coratif lat\u00e9ral. Meuble fabriqu\u00e9 en panneau de particules de 19 mm avec rev\u00eatement m\u00e9lamin\u00e9, \u00e9cologique et recyclable. Tiroir m\u00e9tallique \u00e0 double paroi \u00e0 l&rsquo;esth\u00e9tique minimaliste, aux parois fines et aux lignes droites, avec fermeture amortie et une capacit\u00e9 de charge de 25 kg. Tiroir avec accessibilit\u00e9 totale et espace arri\u00e8re disponible.<br \/>\nMiroir design semi-capsule. Vasque \u00e0 poser en c\u00e9ramique incluse. Livr\u00e9 mont\u00e9, pr\u00eat \u00e0 \u00eatre fix\u00e9 au mur. Inclut toute la quincaillerie n\u00e9cessaire. Fabriqu\u00e9 en Espagne. Robinet et siphon non inclus.<\/p>\n","protected":false},"excerpt":{"rendered":"<p>Pack compos\u00e9 d&rsquo;un meuble sous-vasque suspendu, d&rsquo;une vasque et d&rsquo;un miroir design d\u00e9coratif semi-capsule. Meuble suspendu compos\u00e9 d&rsquo;un module tiroir et d&rsquo;un espace d\u00e9coratif lat\u00e9ral. Meuble fabriqu\u00e9 en panneau de&#8230;<\/p>\n","protected":false},"featured_media":18759,"comment_status":"closed","ping_status":"closed","template":"","meta":[],"product_brand":[920],"product_cat":[1170,736,577],"product_tag":[],"class_list":{"0":"post-86216","1":"product","2":"type-product","3":"status-publish","4":"has-post-thumbnail","6":"product_brand-chalain","7":"product_cat-muebles-de-bano","8":"product_cat-meuble-de-salle-de-bain","10":"pa_color-alcatraz-biscuit-2-2","11":"pa_color-alcatraz-bleu-outremer","12":"pa_color-alcatraz-vert-argile","13":"pa_color-alcatraz-terracota","14":"pa_medidas-369","15":"pa_medidas-378","16":"pa_medidas-383","17":"pa_medidas-370","18":"pa_tamano-80000-fr","20":"first","21":"instock","22":"purchasable","23":"product-type-variable"},"_links":{"self":[{"href":"https:\/\/avantarea.com\/fr\/wp-json\/wp\/v2\/product\/86216","targetHints":{"allow":["GET"]}}],"collection":[{"href":"https:\/\/avantarea.com\/fr\/wp-json\/wp\/v2\/product"}],"about":[{"href":"https:\/\/avantarea.com\/fr\/wp-json\/wp\/v2\/types\/product"}],"replies":[{"embeddable":true,"href":"https:\/\/avantarea.com\/fr\/wp-json\/wp\/v2\/comments?post=86216"}],"wp:featuredmedia":[{"embeddable":true,"href":"https:\/\/avantarea.com\/fr\/wp-json\/wp\/v2\/media\/18759"}],"wp:attachment":[{"href":"https:\/\/avantarea.com\/fr\/wp-json\/wp\/v2\/media?parent=86216"}],"wp:term":[{"taxonomy":"product_brand","embeddable":true,"href":"https:\/\/avantarea.com\/fr\/wp-json\/wp\/v2\/product_brand?post=86216"},{"taxonomy":"product_cat","embeddable":true,"href":"https:\/\/avantarea.com\/fr\/wp-json\/wp\/v2\/product_cat?post=86216"},{"taxonomy":"product_tag","embeddable":true,"href":"https:\/\/avantarea.com\/fr\/wp-json\/wp\/v2\/product_tag?post=86216"}],"curies":[{"name":"wp","href":"https:\/\/api.w.org\/{rel}","templated":true}]}}