{"id":86206,"date":"2024-04-17T08:44:35","date_gmt":"2024-04-17T06:44:35","guid":{"rendered":"https:\/\/nueva.avantarea.com\/?post_type=product&#038;p=86206"},"modified":"2026-02-25T08:28:32","modified_gmt":"2026-02-25T07:28:32","slug":"pack-commelles-lavabo-espejo-circular-copia","status":"publish","type":"product","link":"https:\/\/avantarea.com\/fr\/producto\/pack-commelles-lavabo-espejo-circular-copia\/","title":{"rendered":"Pack COMMELLES + lavabo + miroir circulaire"},"content":{"rendered":"<p>Ensemble compos\u00e9 d&rsquo;un meuble sous-vasque, d&rsquo;une vasque et d&rsquo;un miroir au design d\u00e9coratif circulaire.<br \/>\nMeuble sur pieds compos\u00e9 d&rsquo;un module avec tiroirs et une porte, ouverture par poign\u00e9es profil\u00e9es noir mat. Meuble fabriqu\u00e9 en panneau de particules de 19 mm avec rev\u00eatement m\u00e9lamin\u00e9, \u00e9cologique et recyclable. Tiroir m\u00e9tallique \u00e0 double paroi \u00e0 l&rsquo;esth\u00e9tique minimaliste, avec des c\u00f4t\u00e9s fins et des lignes droites, dot\u00e9 d&rsquo;une fermeture amortie et d&rsquo;une capacit\u00e9 de charge de 25 kg. Tiroir \u00e0 pleine extension et espace arri\u00e8re disponible. Charni\u00e8res \u00e9quip\u00e9es d&rsquo;un piston amortisseur pour une fermeture douce de la porte, fabriqu\u00e9es en acier avec finition nickel\u00e9e pour une meilleure protection de la pi\u00e8ce. R\u00e9glage tridimensionnel et ouverture \u00e0 105\u00b0.<br \/>\nMiroir au design circulaire. Vasque \u00e0 poser en c\u00e9ramique incluse. Livr\u00e9 mont\u00e9, pr\u00eat \u00e0 \u00eatre accroch\u00e9 au mur. Comprend toute la quincaillerie n\u00e9cessaire. Fabriqu\u00e9 en Espagne. Robinet et siphon non inclus.<\/p>\n","protected":false},"excerpt":{"rendered":"<p>Ensemble compos\u00e9 d&rsquo;un meuble sous-vasque, d&rsquo;une vasque et d&rsquo;un miroir au design d\u00e9coratif circulaire. Meuble sur pieds compos\u00e9 d&rsquo;un module avec tiroirs et une porte, ouverture par poign\u00e9es profil\u00e9es noir&#8230;<\/p>\n","protected":false},"featured_media":16111,"comment_status":"closed","ping_status":"open","template":"","meta":[],"product_brand":[917],"product_cat":[577],"product_tag":[],"class_list":{"0":"post-86206","1":"product","2":"type-product","3":"status-publish","4":"has-post-thumbnail","6":"product_brand-commelles","7":"product_cat-muebles-de-bano","8":"pa_color-alcatraz","9":"pa_color-bardolino","10":"pa_color-nogal","11":"pa_medidas-378","12":"pa_medidas-452","13":"pa_medidas-370","15":"first","16":"instock","17":"purchasable","18":"product-type-variable"},"_links":{"self":[{"href":"https:\/\/avantarea.com\/fr\/wp-json\/wp\/v2\/product\/86206","targetHints":{"allow":["GET"]}}],"collection":[{"href":"https:\/\/avantarea.com\/fr\/wp-json\/wp\/v2\/product"}],"about":[{"href":"https:\/\/avantarea.com\/fr\/wp-json\/wp\/v2\/types\/product"}],"replies":[{"embeddable":true,"href":"https:\/\/avantarea.com\/fr\/wp-json\/wp\/v2\/comments?post=86206"}],"wp:featuredmedia":[{"embeddable":true,"href":"https:\/\/avantarea.com\/fr\/wp-json\/wp\/v2\/media\/16111"}],"wp:attachment":[{"href":"https:\/\/avantarea.com\/fr\/wp-json\/wp\/v2\/media?parent=86206"}],"wp:term":[{"taxonomy":"product_brand","embeddable":true,"href":"https:\/\/avantarea.com\/fr\/wp-json\/wp\/v2\/product_brand?post=86206"},{"taxonomy":"product_cat","embeddable":true,"href":"https:\/\/avantarea.com\/fr\/wp-json\/wp\/v2\/product_cat?post=86206"},{"taxonomy":"product_tag","embeddable":true,"href":"https:\/\/avantarea.com\/fr\/wp-json\/wp\/v2\/product_tag?post=86206"}],"curies":[{"name":"wp","href":"https:\/\/api.w.org\/{rel}","templated":true}]}}