{"id":86199,"date":"2024-04-17T08:45:29","date_gmt":"2024-04-17T06:45:29","guid":{"rendered":"https:\/\/nueva.avantarea.com\/?post_type=product&#038;p=86199"},"modified":"2026-02-25T08:28:32","modified_gmt":"2026-02-25T07:28:32","slug":"complemento-commelles-copia","status":"publish","type":"product","link":"https:\/\/avantarea.com\/fr\/producto\/complemento-commelles-copia\/","title":{"rendered":"Compl\u00e9ment COMMELLES"},"content":{"rendered":"<p>Meuble d&rsquo;appoint de salle de bain fabriqu\u00e9 en panneau stratifi\u00e9 de 19 mm avec porte \u00e0 fermeture amortie douce. Charni\u00e8res avec fermeture softclosing test\u00e9es \u00e0 80 000 cycles, r\u00e9glables sur les trois axes. Fixations murales capables de supporter jusqu&rsquo;\u00e0 30 Kg par fixation. Chants r\u00e9alis\u00e9s en PVC de 1 mm. Fabriqu\u00e9 en Espagne. Livr\u00e9 mont\u00e9, pr\u00eat \u00e0 \u00eatre accroch\u00e9 au mur. Comprend toute la quincaillerie n\u00e9cessaire.<\/p>\n","protected":false},"excerpt":{"rendered":"<p>Meuble d&rsquo;appoint de salle de bain fabriqu\u00e9 en panneau stratifi\u00e9 de 19 mm avec porte \u00e0 fermeture amortie douce. Charni\u00e8res avec fermeture softclosing test\u00e9es \u00e0 80 000 cycles, r\u00e9glables sur&#8230;<\/p>\n","protected":false},"featured_media":16098,"comment_status":"closed","ping_status":"open","template":"","meta":[],"product_brand":[917],"product_cat":[576],"product_tag":[],"class_list":{"0":"post-86199","1":"product","2":"type-product","3":"status-publish","4":"has-post-thumbnail","6":"product_brand-commelles","7":"product_cat-muebles-auxiliares","8":"pa_color-alcatraz","9":"pa_color-bardolino","10":"pa_color-nogal","11":"pa_medidas-450","12":"pa_medidas-449","14":"first","15":"instock","16":"purchasable","17":"product-type-variable"},"_links":{"self":[{"href":"https:\/\/avantarea.com\/fr\/wp-json\/wp\/v2\/product\/86199","targetHints":{"allow":["GET"]}}],"collection":[{"href":"https:\/\/avantarea.com\/fr\/wp-json\/wp\/v2\/product"}],"about":[{"href":"https:\/\/avantarea.com\/fr\/wp-json\/wp\/v2\/types\/product"}],"replies":[{"embeddable":true,"href":"https:\/\/avantarea.com\/fr\/wp-json\/wp\/v2\/comments?post=86199"}],"wp:featuredmedia":[{"embeddable":true,"href":"https:\/\/avantarea.com\/fr\/wp-json\/wp\/v2\/media\/16098"}],"wp:attachment":[{"href":"https:\/\/avantarea.com\/fr\/wp-json\/wp\/v2\/media?parent=86199"}],"wp:term":[{"taxonomy":"product_brand","embeddable":true,"href":"https:\/\/avantarea.com\/fr\/wp-json\/wp\/v2\/product_brand?post=86199"},{"taxonomy":"product_cat","embeddable":true,"href":"https:\/\/avantarea.com\/fr\/wp-json\/wp\/v2\/product_cat?post=86199"},{"taxonomy":"product_tag","embeddable":true,"href":"https:\/\/avantarea.com\/fr\/wp-json\/wp\/v2\/product_tag?post=86199"}],"curies":[{"name":"wp","href":"https:\/\/api.w.org\/{rel}","templated":true}]}}