{"id":86189,"date":"2024-04-17T08:46:41","date_gmt":"2024-04-17T06:46:41","guid":{"rendered":"https:\/\/nueva.avantarea.com\/?post_type=product&#038;p=86189"},"modified":"2026-04-01T15:04:08","modified_gmt":"2026-04-01T13:04:08","slug":"pack-lavalette-lavabo-espejo-capsula-copia","status":"publish","type":"product","link":"https:\/\/avantarea.com\/fr\/producto\/pack-lavalette-lavabo-espejo-capsula-copia\/","title":{"rendered":"Pack LAVALETTE + lavabo + miroir capsule"},"content":{"rendered":"<p>Cet ensemble comprend un plan de travail suspendu en Dekton de Cosentino, un meuble vasque et un miroir capsule.<br \/>Le plan de travail est en Dekton. Le Dekton est une pierre reconstitu\u00e9e ultracompacte, compos\u00e9e d&rsquo;un m\u00e9lange de plus de 20 min\u00e9raux naturels, exempte de micro-d\u00e9fauts et pratiquement non poreuse. Il est extr\u00eamement r\u00e9sistant \u00e0 l&rsquo;abrasion, aux rayures, aux chocs, \u00e0 l&rsquo;eau et aux taches.<br \/>Le meuble vasque suspendu se compose d&rsquo;un module tiroir-porte en panneaux de particules de 19 mm d&rsquo;\u00e9paisseur, rev\u00eatus de m\u00e9lamine, un mat\u00e9riau \u00e9cologique et recyclable. La fa\u00e7ade de la porte est rev\u00eatue de Dekton assorti \u00e0 la vasque. Le tiroir m\u00e9tallique \u00e0 double paroi pr\u00e9sente une esth\u00e9tique minimaliste, avec des nervures fines et des lignes droites, un syst\u00e8me de fermeture amortie et une capacit\u00e9 de charge de 25 kg. Il offre une accessibilit\u00e9 totale et un espace de rangement g\u00e9n\u00e9reux.<br \/>Les charni\u00e8res sont \u00e9quip\u00e9es d&rsquo;un piston \u00e0 fermeture amortie pour une ouverture et une fermeture en douceur et sont en acier nickel\u00e9 pour une protection accrue. Elles sont r\u00e9glables en trois dimensions et permettent une ouverture \u00e0 105\u00b0.<br \/>\nMiroir int\u00e9gr\u00e9 au design capsule. Il est livr\u00e9 assembl\u00e9, pr\u00eat \u00e0 \u00eatre accroch\u00e9 au mur. Comprend toute la quincaillerie n\u00e9cessaire. Fabriqu\u00e9 en Espagne. Robinet et siphon non inclus<\/p>\n","protected":false},"excerpt":{"rendered":"<p>Cet ensemble comprend un plan de travail suspendu en Dekton de Cosentino, un meuble vasque et un miroir capsule.Le plan de travail est en Dekton. Le Dekton est une pierre&#8230;<\/p>\n","protected":false},"featured_media":18750,"comment_status":"closed","ping_status":"closed","template":"","meta":[],"product_brand":[919],"product_cat":[1179,1170],"product_tag":[],"class_list":{"0":"post-86189","1":"product","2":"type-product","3":"status-publish","4":"has-post-thumbnail","6":"product_brand-lavalette","7":"product_cat-meuble-de-salle-de-bain","8":"product_cat-muebles-de-bano","9":"pa_color-kira-natural-cubanita","10":"pa_color-laurent-nogal","11":"pa_color-marina-blanco","12":"pa_medidas-378","13":"pa_medidas-383","14":"pa_medidas-370","15":"pa_tamano-80000-fr","17":"first","18":"instock","19":"purchasable","20":"product-type-variable"},"_links":{"self":[{"href":"https:\/\/avantarea.com\/fr\/wp-json\/wp\/v2\/product\/86189","targetHints":{"allow":["GET"]}}],"collection":[{"href":"https:\/\/avantarea.com\/fr\/wp-json\/wp\/v2\/product"}],"about":[{"href":"https:\/\/avantarea.com\/fr\/wp-json\/wp\/v2\/types\/product"}],"replies":[{"embeddable":true,"href":"https:\/\/avantarea.com\/fr\/wp-json\/wp\/v2\/comments?post=86189"}],"wp:featuredmedia":[{"embeddable":true,"href":"https:\/\/avantarea.com\/fr\/wp-json\/wp\/v2\/media\/18750"}],"wp:attachment":[{"href":"https:\/\/avantarea.com\/fr\/wp-json\/wp\/v2\/media?parent=86189"}],"wp:term":[{"taxonomy":"product_brand","embeddable":true,"href":"https:\/\/avantarea.com\/fr\/wp-json\/wp\/v2\/product_brand?post=86189"},{"taxonomy":"product_cat","embeddable":true,"href":"https:\/\/avantarea.com\/fr\/wp-json\/wp\/v2\/product_cat?post=86189"},{"taxonomy":"product_tag","embeddable":true,"href":"https:\/\/avantarea.com\/fr\/wp-json\/wp\/v2\/product_tag?post=86189"}],"curies":[{"name":"wp","href":"https:\/\/api.w.org\/{rel}","templated":true}]}}