{"id":86182,"date":"2024-04-17T08:47:32","date_gmt":"2024-04-17T06:47:32","guid":{"rendered":"https:\/\/nueva.avantarea.com\/?post_type=product&#038;p=86182"},"modified":"2026-02-25T08:28:32","modified_gmt":"2026-02-25T07:28:32","slug":"pack-vouglans-lavabo-espejo-circular-copia","status":"publish","type":"product","link":"https:\/\/avantarea.com\/fr\/producto\/pack-vouglans-lavabo-espejo-circular-copia\/","title":{"rendered":"Pack VOUGLANS + lavabo + miroir circulaire"},"content":{"rendered":"<p>Ensemble compos\u00e9 d&rsquo;un meuble sous-vasque suspendu, d&rsquo;une vasque et d&rsquo;un miroir design d\u00e9coratif circulaire.<br \/>\nMeuble suspendu compos\u00e9 d&rsquo;un tiroir, avec ouverture par poign\u00e9e profil\u00e9e noir mat. Meuble fabriqu\u00e9 en panneau de particules de 19 mm avec rev\u00eatement m\u00e9lamin\u00e9, \u00e9cologique et recyclable. Tiroir m\u00e9tallique \u00e0 double paroi \u00e0 l&rsquo;esth\u00e9tique minimaliste, avec des parois fines et des lignes droites, dot\u00e9 d&rsquo;une fermeture amortie et d&rsquo;une capacit\u00e9 de charge de 25 kg. Tiroir \u00e0 pleine extension et espace arri\u00e8re disponible.<br \/>\nMiroir design circulaire. Vasque \u00e0 poser en c\u00e9ramique incluse. Livr\u00e9 mont\u00e9, pr\u00eat \u00e0 \u00eatre fix\u00e9 au mur. Comprend toute la quincaillerie n\u00e9cessaire. Fabriqu\u00e9 en Espagne. Robinet et siphon non inclus. Meuble suspendu compos\u00e9 d&rsquo;un module de portes et d&rsquo;un espace d\u00e9coratif lat\u00e9ral.<\/p>\n","protected":false},"excerpt":{"rendered":"<p>Ensemble compos\u00e9 d&rsquo;un meuble sous-vasque suspendu, d&rsquo;une vasque et d&rsquo;un miroir design d\u00e9coratif circulaire. Meuble suspendu compos\u00e9 d&rsquo;un tiroir, avec ouverture par poign\u00e9e profil\u00e9e noir mat. Meuble fabriqu\u00e9 en panneau&#8230;<\/p>\n","protected":false},"featured_media":16085,"comment_status":"closed","ping_status":"open","template":"","meta":[],"product_brand":[918],"product_cat":[577],"product_tag":[],"class_list":{"0":"post-86182","1":"product","2":"type-product","3":"status-publish","4":"has-post-thumbnail","6":"product_brand-vouglans","7":"product_cat-muebles-de-bano","8":"pa_color-alcatraz-negro-mate","9":"pa_color-nogal-negro-mate","10":"pa_medidas-378","11":"pa_medidas-383","12":"pa_medidas-370","14":"first","15":"instock","16":"purchasable","17":"product-type-variable"},"_links":{"self":[{"href":"https:\/\/avantarea.com\/fr\/wp-json\/wp\/v2\/product\/86182","targetHints":{"allow":["GET"]}}],"collection":[{"href":"https:\/\/avantarea.com\/fr\/wp-json\/wp\/v2\/product"}],"about":[{"href":"https:\/\/avantarea.com\/fr\/wp-json\/wp\/v2\/types\/product"}],"replies":[{"embeddable":true,"href":"https:\/\/avantarea.com\/fr\/wp-json\/wp\/v2\/comments?post=86182"}],"wp:featuredmedia":[{"embeddable":true,"href":"https:\/\/avantarea.com\/fr\/wp-json\/wp\/v2\/media\/16085"}],"wp:attachment":[{"href":"https:\/\/avantarea.com\/fr\/wp-json\/wp\/v2\/media?parent=86182"}],"wp:term":[{"taxonomy":"product_brand","embeddable":true,"href":"https:\/\/avantarea.com\/fr\/wp-json\/wp\/v2\/product_brand?post=86182"},{"taxonomy":"product_cat","embeddable":true,"href":"https:\/\/avantarea.com\/fr\/wp-json\/wp\/v2\/product_cat?post=86182"},{"taxonomy":"product_tag","embeddable":true,"href":"https:\/\/avantarea.com\/fr\/wp-json\/wp\/v2\/product_tag?post=86182"}],"curies":[{"name":"wp","href":"https:\/\/api.w.org\/{rel}","templated":true}]}}