{"id":86173,"date":"2024-05-28T09:29:14","date_gmt":"2024-05-28T07:29:14","guid":{"rendered":"https:\/\/nueva.avantarea.com\/?post_type=product&#038;p=86173"},"modified":"2026-02-25T08:28:32","modified_gmt":"2026-02-25T07:28:32","slug":"pack-bigorre-lavabo-negro-espejo-circular-copia","status":"publish","type":"product","link":"https:\/\/avantarea.com\/fr\/producto\/pack-bigorre-lavabo-negro-espejo-circular-copia\/","title":{"rendered":"Pack BIGORRE + lavabo noir + miroir circulaire"},"content":{"rendered":"<p>Pack compos\u00e9 d&rsquo;un meuble sous-vasque suspendu, d&rsquo;une vasque et d&rsquo;un miroir de design circulaire.<br \/>\nMeuble suspendu compos\u00e9 d&rsquo;un module avec tiroirs et espace d\u00e9coratif. D\u00e9tail de poign\u00e9e assorti \u00e0 l&rsquo;espace d\u00e9coratif. Meuble fabriqu\u00e9 en panneau de particules de 19 mm avec rev\u00eatement m\u00e9lamin\u00e9, \u00e9cologique et recyclable. Tiroir m\u00e9tallique \u00e0 double paroi \u00e0 l&rsquo;esth\u00e9tique minimaliste, avec c\u00f4t\u00e9s fins et lignes droites, dot\u00e9 d&rsquo;une fermeture amortie et d&rsquo;une capacit\u00e9 de charge de 25 kg. Tiroir avec accessibilit\u00e9 totale et espace arri\u00e8re disponible.<br \/>\nVasque c\u00e9ramique blanche incluse. Miroir circulaire inclus. Livr\u00e9 mont\u00e9, pr\u00eat \u00e0 \u00eatre fix\u00e9 au mur. Comprend toute la quincaillerie n\u00e9cessaire. Fabriqu\u00e9 en Espagne. Robinet et siphon non inclus.<\/p>\n","protected":false},"excerpt":{"rendered":"<p>Pack compos\u00e9 d&rsquo;un meuble sous-vasque suspendu, d&rsquo;une vasque et d&rsquo;un miroir de design circulaire. Meuble suspendu compos\u00e9 d&rsquo;un module avec tiroirs et espace d\u00e9coratif. D\u00e9tail de poign\u00e9e assorti \u00e0 l&rsquo;espace&#8230;<\/p>\n","protected":false},"featured_media":18733,"comment_status":"closed","ping_status":"closed","template":"","meta":[],"product_brand":[916],"product_cat":[1170,736,577],"product_tag":[],"class_list":{"0":"post-86173","1":"product","2":"type-product","3":"status-publish","4":"has-post-thumbnail","6":"product_brand-bigorre","7":"product_cat-muebles-de-bano","8":"product_cat-meuble-de-salle-de-bain","10":"pa_color-blanco-mate","11":"pa_color-nogal","12":"pa_medidas-369","13":"pa_medidas-378","14":"pa_medidas-383","15":"pa_medidas-370","16":"pa_tamano-80000-fr","18":"first","19":"instock","20":"purchasable","21":"product-type-variable"},"_links":{"self":[{"href":"https:\/\/avantarea.com\/fr\/wp-json\/wp\/v2\/product\/86173","targetHints":{"allow":["GET"]}}],"collection":[{"href":"https:\/\/avantarea.com\/fr\/wp-json\/wp\/v2\/product"}],"about":[{"href":"https:\/\/avantarea.com\/fr\/wp-json\/wp\/v2\/types\/product"}],"replies":[{"embeddable":true,"href":"https:\/\/avantarea.com\/fr\/wp-json\/wp\/v2\/comments?post=86173"}],"wp:featuredmedia":[{"embeddable":true,"href":"https:\/\/avantarea.com\/fr\/wp-json\/wp\/v2\/media\/18733"}],"wp:attachment":[{"href":"https:\/\/avantarea.com\/fr\/wp-json\/wp\/v2\/media?parent=86173"}],"wp:term":[{"taxonomy":"product_brand","embeddable":true,"href":"https:\/\/avantarea.com\/fr\/wp-json\/wp\/v2\/product_brand?post=86173"},{"taxonomy":"product_cat","embeddable":true,"href":"https:\/\/avantarea.com\/fr\/wp-json\/wp\/v2\/product_cat?post=86173"},{"taxonomy":"product_tag","embeddable":true,"href":"https:\/\/avantarea.com\/fr\/wp-json\/wp\/v2\/product_tag?post=86173"}],"curies":[{"name":"wp","href":"https:\/\/api.w.org\/{rel}","templated":true}]}}