{"id":86164,"date":"2024-05-28T09:29:14","date_gmt":"2024-05-28T07:29:14","guid":{"rendered":"https:\/\/nueva.avantarea.com\/?post_type=product&#038;p=86164"},"modified":"2026-02-25T08:28:56","modified_gmt":"2026-02-25T07:28:56","slug":"pack-bigorre-lavabo-espejo-circular-copia","status":"publish","type":"product","link":"https:\/\/avantarea.com\/fr\/producto\/pack-bigorre-lavabo-espejo-circular-copia\/","title":{"rendered":"PACK BIGORRE + lavabo + miroir circulaire"},"content":{"rendered":"<p>Ensemble compos\u00e9 d&rsquo;un meuble sous-vasque suspendu, d&rsquo;une vasque et d&rsquo;un miroir au design circulaire.<br \/>\nLe meuble suspendu est compos\u00e9 d&rsquo;un module avec tiroirs et d&rsquo;un espace d\u00e9coratif. Poign\u00e9e assortie \u00e0 l&rsquo;espace d\u00e9coratif. Meuble fabriqu\u00e9 en panneau de particules de 19 mm avec rev\u00eatement m\u00e9lamin\u00e9, \u00e9cologique et recyclable. Tiroir m\u00e9tallique \u00e0 double paroi \u00e0 l&rsquo;esth\u00e9tique minimaliste, aux parois fines et aux lignes droites, avec fermeture amortie et une capacit\u00e9 de charge de 25 kg. Tiroir avec ouverture totale et espace arri\u00e8re disponible.<br \/>\nVasque en c\u00e9ramique blanche incluse. Miroir circulaire inclus. Livr\u00e9 mont\u00e9, pr\u00eat \u00e0 \u00eatre fix\u00e9 au mur. Comprend toute la quincaillerie n\u00e9cessaire. Fabriqu\u00e9 en Espagne. Robinet et siphon non inclus.<\/p>\n","protected":false},"excerpt":{"rendered":"<p>Ensemble compos\u00e9 d&rsquo;un meuble sous-vasque suspendu, d&rsquo;une vasque et d&rsquo;un miroir au design circulaire. Le meuble suspendu est compos\u00e9 d&rsquo;un module avec tiroirs et d&rsquo;un espace d\u00e9coratif. Poign\u00e9e assortie \u00e0&#8230;<\/p>\n","protected":false},"featured_media":18741,"comment_status":"closed","ping_status":"closed","template":"","meta":[],"product_brand":[916],"product_cat":[1170,736,577],"product_tag":[],"class_list":{"0":"post-86164","1":"product","2":"type-product","3":"status-publish","4":"has-post-thumbnail","6":"product_brand-bigorre","7":"product_cat-muebles-de-bano","8":"product_cat-meuble-de-salle-de-bain","10":"pa_color-azabache","11":"pa_color-bardolino","12":"pa_medidas-369","13":"pa_medidas-378","14":"pa_medidas-383","15":"pa_medidas-370","16":"pa_tamano-80000-fr","18":"first","19":"instock","20":"purchasable","21":"product-type-variable"},"_links":{"self":[{"href":"https:\/\/avantarea.com\/fr\/wp-json\/wp\/v2\/product\/86164","targetHints":{"allow":["GET"]}}],"collection":[{"href":"https:\/\/avantarea.com\/fr\/wp-json\/wp\/v2\/product"}],"about":[{"href":"https:\/\/avantarea.com\/fr\/wp-json\/wp\/v2\/types\/product"}],"replies":[{"embeddable":true,"href":"https:\/\/avantarea.com\/fr\/wp-json\/wp\/v2\/comments?post=86164"}],"wp:featuredmedia":[{"embeddable":true,"href":"https:\/\/avantarea.com\/fr\/wp-json\/wp\/v2\/media\/18741"}],"wp:attachment":[{"href":"https:\/\/avantarea.com\/fr\/wp-json\/wp\/v2\/media?parent=86164"}],"wp:term":[{"taxonomy":"product_brand","embeddable":true,"href":"https:\/\/avantarea.com\/fr\/wp-json\/wp\/v2\/product_brand?post=86164"},{"taxonomy":"product_cat","embeddable":true,"href":"https:\/\/avantarea.com\/fr\/wp-json\/wp\/v2\/product_cat?post=86164"},{"taxonomy":"product_tag","embeddable":true,"href":"https:\/\/avantarea.com\/fr\/wp-json\/wp\/v2\/product_tag?post=86164"}],"curies":[{"name":"wp","href":"https:\/\/api.w.org\/{rel}","templated":true}]}}