{"id":86092,"date":"2024-08-08T08:54:48","date_gmt":"2024-08-08T06:54:48","guid":{"rendered":"https:\/\/nueva.avantarea.com\/?post_type=product&#038;p=86092"},"modified":"2026-02-25T08:28:57","modified_gmt":"2026-02-25T07:28:57","slug":"pack-betton-lavabo-espejo-capsula-copia","status":"publish","type":"product","link":"https:\/\/avantarea.com\/fr\/producto\/pack-betton-lavabo-espejo-capsula-copia\/","title":{"rendered":"Pack BETTON + lavabo + miroir capsule"},"content":{"rendered":"<p>Ensemble compos\u00e9 d&rsquo;un meuble sous-vasque suspendu, d&rsquo;une vasque et d&rsquo;un miroir design capsule.<br \/>\nLe meuble suspendu est compos\u00e9 d&rsquo;un tiroir et d&rsquo;un espace d\u00e9coratif. D\u00e9tail contrastant sur les chants en finition noir mat. Meuble fabriqu\u00e9 en panneau de particules de 19 mm avec rev\u00eatement m\u00e9lamin\u00e9, \u00e9cologique et recyclable. Tiroir m\u00e9tallique \u00e0 double paroi \u00e0 l&rsquo;esth\u00e9tique minimaliste, avec des flancs fins et des lignes droites, dot\u00e9 d&rsquo;une fermeture amortie et d&rsquo;une capacit\u00e9 de charge de 25 kg. Tiroir avec accessibilit\u00e9 totale et espace arri\u00e8re disponible.<br \/>\nMiroir r\u00e9tro\u00e9clair\u00e9 design capsule, IP44, 6000\u00baK. Vasque \u00e0 poser en c\u00e9ramique incluse. Livr\u00e9 mont\u00e9, pr\u00eat \u00e0 \u00eatre fix\u00e9 au mur. Comprend toute la quincaillerie n\u00e9cessaire. Fabriqu\u00e9 en Espagne. Robinet et siphon non inclus.<\/p>\n","protected":false},"excerpt":{"rendered":"<p>Ensemble compos\u00e9 d&rsquo;un meuble sous-vasque suspendu, d&rsquo;une vasque et d&rsquo;un miroir design capsule. Le meuble suspendu est compos\u00e9 d&rsquo;un tiroir et d&rsquo;un espace d\u00e9coratif. D\u00e9tail contrastant sur les chants en&#8230;<\/p>\n","protected":false},"featured_media":15955,"comment_status":"closed","ping_status":"open","template":"","meta":[],"product_brand":[913],"product_cat":[511],"product_tag":[],"class_list":{"0":"post-86092","1":"product","2":"type-product","3":"status-publish","4":"has-post-thumbnail","6":"product_brand-betton","7":"product_cat-sin-categoria","8":"pa_color-alcatraz-negro-mate","9":"pa_color-bardolino-negro-mate","10":"pa_color-nogal-negro-mate","11":"pa_medidas-369","12":"pa_medidas-378","13":"pa_medidas-383","14":"pa_medidas-370","16":"first","17":"instock","18":"purchasable","19":"product-type-variable"},"_links":{"self":[{"href":"https:\/\/avantarea.com\/fr\/wp-json\/wp\/v2\/product\/86092","targetHints":{"allow":["GET"]}}],"collection":[{"href":"https:\/\/avantarea.com\/fr\/wp-json\/wp\/v2\/product"}],"about":[{"href":"https:\/\/avantarea.com\/fr\/wp-json\/wp\/v2\/types\/product"}],"replies":[{"embeddable":true,"href":"https:\/\/avantarea.com\/fr\/wp-json\/wp\/v2\/comments?post=86092"}],"wp:featuredmedia":[{"embeddable":true,"href":"https:\/\/avantarea.com\/fr\/wp-json\/wp\/v2\/media\/15955"}],"wp:attachment":[{"href":"https:\/\/avantarea.com\/fr\/wp-json\/wp\/v2\/media?parent=86092"}],"wp:term":[{"taxonomy":"product_brand","embeddable":true,"href":"https:\/\/avantarea.com\/fr\/wp-json\/wp\/v2\/product_brand?post=86092"},{"taxonomy":"product_cat","embeddable":true,"href":"https:\/\/avantarea.com\/fr\/wp-json\/wp\/v2\/product_cat?post=86092"},{"taxonomy":"product_tag","embeddable":true,"href":"https:\/\/avantarea.com\/fr\/wp-json\/wp\/v2\/product_tag?post=86092"}],"curies":[{"name":"wp","href":"https:\/\/api.w.org\/{rel}","templated":true}]}}