{"id":86054,"date":"2024-08-08T08:58:13","date_gmt":"2024-08-08T06:58:13","guid":{"rendered":"https:\/\/nueva.avantarea.com\/?post_type=product&#038;p=86054"},"modified":"2026-02-25T08:29:34","modified_gmt":"2026-02-25T07:29:34","slug":"pack-louviers-lavabo-estriado-espejo-circular-copia","status":"publish","type":"product","link":"https:\/\/avantarea.com\/fr\/producto\/pack-louviers-lavabo-estriado-espejo-circular-copia\/","title":{"rendered":"Pack LOUVIERS + lavabo cannel\u00e9 + miroir circulaire"},"content":{"rendered":"<p>Pack compos\u00e9 d&rsquo;un meuble sous-vasque suspendu, d&rsquo;une vasque design stri\u00e9e et d&rsquo;un miroir circulaire.<br \/>\nLe meuble suspendu est compos\u00e9 de deux modules tiroirs avec ouverture par poign\u00e9e profil\u00e9e. Modules ind\u00e9pendants qui peuvent \u00eatre positionn\u00e9s comme souhait\u00e9, s&rsquo;adaptant ainsi \u00e0 l&rsquo;espace. Meuble fabriqu\u00e9 en panneau de particules de 19 mm avec rev\u00eatement m\u00e9lamin\u00e9, \u00e9cologique et recyclable. Tiroir m\u00e9tallique \u00e0 double paroi, \u00e0 l&rsquo;esth\u00e9tique minimaliste, avec des flancs fins et des lignes droites, dot\u00e9 d&rsquo;une fermeture amortie et d&rsquo;une capacit\u00e9 de charge de 25 kg. Tiroir \u00e0 pleine extension et espace arri\u00e8re disponible.<br \/>\nVasque en c\u00e9ramique design stri\u00e9e incluse. Miroir circulaire inclus. Livr\u00e9 mont\u00e9, pr\u00eat \u00e0 \u00eatre fix\u00e9 au mur. Comprend toute la quincaillerie n\u00e9cessaire. Fabriqu\u00e9 en Espagne. Robinet et siphon non inclus.<\/p>\n","protected":false},"excerpt":{"rendered":"<p>Pack compos\u00e9 d&rsquo;un meuble sous-vasque suspendu, d&rsquo;une vasque design stri\u00e9e et d&rsquo;un miroir circulaire. Le meuble suspendu est compos\u00e9 de deux modules tiroirs avec ouverture par poign\u00e9e profil\u00e9e. Modules ind\u00e9pendants&#8230;<\/p>\n","protected":false},"featured_media":15881,"comment_status":"closed","ping_status":"open","template":"","meta":[],"product_brand":[911],"product_cat":[511],"product_tag":[],"class_list":{"0":"post-86054","1":"product","2":"type-product","3":"status-publish","4":"has-post-thumbnail","6":"product_brand-louviers","7":"product_cat-sin-categoria","8":"pa_color-blanco","9":"pa_color-blanco-alcatraz","10":"pa_color-blanco-bardolino","11":"pa_color-blanco-nogal","12":"pa_medidas-369","13":"pa_medidas-378","14":"pa_medidas-383","15":"pa_medidas-370","17":"first","18":"instock","19":"purchasable","20":"product-type-variable"},"_links":{"self":[{"href":"https:\/\/avantarea.com\/fr\/wp-json\/wp\/v2\/product\/86054","targetHints":{"allow":["GET"]}}],"collection":[{"href":"https:\/\/avantarea.com\/fr\/wp-json\/wp\/v2\/product"}],"about":[{"href":"https:\/\/avantarea.com\/fr\/wp-json\/wp\/v2\/types\/product"}],"replies":[{"embeddable":true,"href":"https:\/\/avantarea.com\/fr\/wp-json\/wp\/v2\/comments?post=86054"}],"wp:featuredmedia":[{"embeddable":true,"href":"https:\/\/avantarea.com\/fr\/wp-json\/wp\/v2\/media\/15881"}],"wp:attachment":[{"href":"https:\/\/avantarea.com\/fr\/wp-json\/wp\/v2\/media?parent=86054"}],"wp:term":[{"taxonomy":"product_brand","embeddable":true,"href":"https:\/\/avantarea.com\/fr\/wp-json\/wp\/v2\/product_brand?post=86054"},{"taxonomy":"product_cat","embeddable":true,"href":"https:\/\/avantarea.com\/fr\/wp-json\/wp\/v2\/product_cat?post=86054"},{"taxonomy":"product_tag","embeddable":true,"href":"https:\/\/avantarea.com\/fr\/wp-json\/wp\/v2\/product_tag?post=86054"}],"curies":[{"name":"wp","href":"https:\/\/api.w.org\/{rel}","templated":true}]}}