{"id":86027,"date":"2024-11-06T13:31:30","date_gmt":"2024-11-06T12:31:30","guid":{"rendered":"https:\/\/nueva.avantarea.com\/?post_type=product&#038;p=86027"},"modified":"2026-02-25T08:29:35","modified_gmt":"2026-02-25T07:29:35","slug":"pack-chatillon-lavabo-espejo-capsula-copia","status":"publish","type":"product","link":"https:\/\/avantarea.com\/fr\/producto\/pack-chatillon-lavabo-espejo-capsula-copia\/","title":{"rendered":"Pack CHATILLON + lavabo + miroir capsule"},"content":{"rendered":"<p>Pack compos\u00e9 d&rsquo;un meuble sous-vasque suspendu, d&rsquo;une vasque et d&rsquo;un miroir circulaire.<br \/>\nLe meuble suspendu est compos\u00e9 d&rsquo;un module tiroir avec ouverture par profil poign\u00e9e et d&rsquo;un espace d\u00e9coratif lat\u00e9ral. Meuble fabriqu\u00e9 en panneau de particules de 19 mm avec rev\u00eatement m\u00e9lamin\u00e9, \u00e9cologique et recyclable. Tiroir m\u00e9tallique \u00e0 double paroi \u00e0 l&rsquo;esth\u00e9tique minimaliste, avec des parois fines et des lignes droites, dot\u00e9 d&rsquo;une fermeture amortie et d&rsquo;une capacit\u00e9 de charge de 25 kg. Tiroir \u00e0 pleine extension et espace arri\u00e8re disponible.<br \/>\nVasque \u00e0 poser en c\u00e9ramique incluse. Miroir design capsule inclus. Livr\u00e9 mont\u00e9, pr\u00eat \u00e0 \u00eatre fix\u00e9 au mur. Tout le mat\u00e9riel de fixation n\u00e9cessaire est inclus. Fabriqu\u00e9 en Espagne. Robinet et siphon non inclus.<\/p>\n","protected":false},"excerpt":{"rendered":"<p>Pack compos\u00e9 d&rsquo;un meuble sous-vasque suspendu, d&rsquo;une vasque et d&rsquo;un miroir circulaire. Le meuble suspendu est compos\u00e9 d&rsquo;un module tiroir avec ouverture par profil poign\u00e9e et d&rsquo;un espace d\u00e9coratif lat\u00e9ral&#8230;.<\/p>\n","protected":false},"featured_media":15815,"comment_status":"closed","ping_status":"open","template":"","meta":[],"product_brand":[910],"product_cat":[577],"product_tag":[622],"class_list":{"0":"post-86027","1":"product","2":"type-product","3":"status-publish","4":"has-post-thumbnail","6":"product_brand-chatillon","7":"product_cat-muebles-de-bano","8":"product_tag-descuento","9":"pa_color-azabache","10":"pa_color-bardolino","11":"pa_color-blanco-mate","12":"pa_color-nogal","13":"pa_medidas-369","14":"pa_medidas-378","15":"pa_medidas-383","16":"pa_medidas-370","18":"first","19":"instock","20":"purchasable","21":"product-type-variable"},"_links":{"self":[{"href":"https:\/\/avantarea.com\/fr\/wp-json\/wp\/v2\/product\/86027","targetHints":{"allow":["GET"]}}],"collection":[{"href":"https:\/\/avantarea.com\/fr\/wp-json\/wp\/v2\/product"}],"about":[{"href":"https:\/\/avantarea.com\/fr\/wp-json\/wp\/v2\/types\/product"}],"replies":[{"embeddable":true,"href":"https:\/\/avantarea.com\/fr\/wp-json\/wp\/v2\/comments?post=86027"}],"wp:featuredmedia":[{"embeddable":true,"href":"https:\/\/avantarea.com\/fr\/wp-json\/wp\/v2\/media\/15815"}],"wp:attachment":[{"href":"https:\/\/avantarea.com\/fr\/wp-json\/wp\/v2\/media?parent=86027"}],"wp:term":[{"taxonomy":"product_brand","embeddable":true,"href":"https:\/\/avantarea.com\/fr\/wp-json\/wp\/v2\/product_brand?post=86027"},{"taxonomy":"product_cat","embeddable":true,"href":"https:\/\/avantarea.com\/fr\/wp-json\/wp\/v2\/product_cat?post=86027"},{"taxonomy":"product_tag","embeddable":true,"href":"https:\/\/avantarea.com\/fr\/wp-json\/wp\/v2\/product_tag?post=86027"}],"curies":[{"name":"wp","href":"https:\/\/api.w.org\/{rel}","templated":true}]}}