{"id":86006,"date":"2024-11-06T13:32:27","date_gmt":"2024-11-06T12:32:27","guid":{"rendered":"https:\/\/nueva.avantarea.com\/?post_type=product&#038;p=86006"},"modified":"2026-02-25T08:29:35","modified_gmt":"2026-02-25T07:29:35","slug":"pack-olette-lavado-estriado-espejo-circular-copia","status":"publish","type":"product","link":"https:\/\/avantarea.com\/fr\/producto\/pack-olette-lavado-estriado-espejo-circular-copia\/","title":{"rendered":"Pack OLETTE + lavabo cannel\u00e9 + miroir circulaire"},"content":{"rendered":"<p>Pack comprenant un meuble sous-vasque suspendu, une vasque au design stri\u00e9 et un miroir design circulaire.<br \/>\nLe meuble suspendu est compos\u00e9 de tiroirs, avec ouverture par poign\u00e9e dor\u00e9e. Meuble fabriqu\u00e9 en panneau de particules de 19 mm avec rev\u00eatement m\u00e9lamin\u00e9, \u00e9cologique et recyclable. Tiroir m\u00e9tallique \u00e0 double paroi \u00e0 l&rsquo;esth\u00e9tique minimaliste, aux parois fines et aux lignes droites, avec fermeture amortie et une capacit\u00e9 de charge de 25 kg. Tiroir avec accessibilit\u00e9 totale et espace arri\u00e8re disponible.<br \/>\nMiroir design circulaire. Vasque \u00e0 poser en c\u00e9ramique au design stri\u00e9 incluse. Livr\u00e9 mont\u00e9, pr\u00eat \u00e0 \u00eatre suspendu au mur. Inclut toute la quincaillerie n\u00e9cessaire. Fabriqu\u00e9 en Espagne. Robinet et siphon non inclus.<\/p>\n","protected":false},"excerpt":{"rendered":"<p>Pack comprenant un meuble sous-vasque suspendu, une vasque au design stri\u00e9 et un miroir design circulaire. Le meuble suspendu est compos\u00e9 de tiroirs, avec ouverture par poign\u00e9e dor\u00e9e. Meuble fabriqu\u00e9&#8230;<\/p>\n","protected":false},"featured_media":18600,"comment_status":"closed","ping_status":"closed","template":"","meta":[],"product_brand":[909],"product_cat":[1179,1170,736,577],"product_tag":[],"class_list":{"0":"post-86006","1":"product","2":"type-product","3":"status-publish","4":"has-post-thumbnail","6":"product_brand-olette","7":"product_cat-meuble-de-salle-de-bain","8":"product_cat-muebles-de-bano","11":"pa_color-alcatraz","12":"pa_color-bardolino","13":"pa_color-biscuit-2-2","14":"pa_color-blanco-mate","15":"pa_color-noyer-2","16":"pa_medidas-369","17":"pa_medidas-378","18":"pa_medidas-383","19":"pa_medidas-370","20":"pa_tamano-80000-fr","22":"first","23":"instock","24":"purchasable","25":"product-type-variable"},"_links":{"self":[{"href":"https:\/\/avantarea.com\/fr\/wp-json\/wp\/v2\/product\/86006","targetHints":{"allow":["GET"]}}],"collection":[{"href":"https:\/\/avantarea.com\/fr\/wp-json\/wp\/v2\/product"}],"about":[{"href":"https:\/\/avantarea.com\/fr\/wp-json\/wp\/v2\/types\/product"}],"replies":[{"embeddable":true,"href":"https:\/\/avantarea.com\/fr\/wp-json\/wp\/v2\/comments?post=86006"}],"wp:featuredmedia":[{"embeddable":true,"href":"https:\/\/avantarea.com\/fr\/wp-json\/wp\/v2\/media\/18600"}],"wp:attachment":[{"href":"https:\/\/avantarea.com\/fr\/wp-json\/wp\/v2\/media?parent=86006"}],"wp:term":[{"taxonomy":"product_brand","embeddable":true,"href":"https:\/\/avantarea.com\/fr\/wp-json\/wp\/v2\/product_brand?post=86006"},{"taxonomy":"product_cat","embeddable":true,"href":"https:\/\/avantarea.com\/fr\/wp-json\/wp\/v2\/product_cat?post=86006"},{"taxonomy":"product_tag","embeddable":true,"href":"https:\/\/avantarea.com\/fr\/wp-json\/wp\/v2\/product_tag?post=86006"}],"curies":[{"name":"wp","href":"https:\/\/api.w.org\/{rel}","templated":true}]}}