{"id":85981,"date":"2024-11-06T13:34:22","date_gmt":"2024-11-06T12:34:22","guid":{"rendered":"https:\/\/nueva.avantarea.com\/?post_type=product&#038;p=85981"},"modified":"2026-02-25T08:30:05","modified_gmt":"2026-02-25T07:30:05","slug":"pack-lauzerte-encimera-dekton-lavabo-estriado-espejo-alma-copia","status":"publish","type":"product","link":"https:\/\/avantarea.com\/fr\/producto\/pack-lauzerte-encimera-dekton-lavabo-estriado-espejo-alma-copia\/","title":{"rendered":"Pack LAUZERTE plan de travail Dekton + vasque stri\u00e9e + miroir alma"},"content":{"rendered":"<p>Pack compos\u00e9 d&rsquo;un plan de travail en Dekton de Cosentino, d&rsquo;un meuble suspendu, d&rsquo;une vasque design stri\u00e9 et d&rsquo;un miroir alma.<br \/>\nPlan de travail en Dekton. Dekton est une Pierre Technique Ultracompacte, un m\u00e9lange de plus de 20 min\u00e9raux extraits de la nature, exempte de micro-d\u00e9fauts et de porosit\u00e9 quasi nulle. Hautement r\u00e9sistante \u00e0 l&rsquo;abrasion, aux rayures, aux impacts, \u00e0 l&rsquo;eau et aux taches.<br \/>\nMeuble suspendu compos\u00e9 d&rsquo;un module de tiroirs fabriqu\u00e9 en panneau de particules de 19 mm avec rev\u00eatement m\u00e9lamin\u00e9, \u00e9cologique et recyclable. Tiroir m\u00e9tallique \u00e0 double paroi \u00e0 l&rsquo;esth\u00e9tique minimaliste, aux parois fines et aux lignes droites, avec fermeture amortie et une capacit\u00e9 de charge de 25 kg. Tiroir avec accessibilit\u00e9 totale et espace arri\u00e8re disponible.<br \/>\nMiroir design alma inclus. Vasque design stri\u00e9 en c\u00e9ramique incluse. Livr\u00e9 mont\u00e9, pr\u00eat \u00e0 \u00eatre accroch\u00e9 au mur. Comprend toute la quincaillerie n\u00e9cessaire. Fabriqu\u00e9 en Espagne. Robinet et siphon non inclus.<\/p>\n","protected":false},"excerpt":{"rendered":"<p>Pack compos\u00e9 d&rsquo;un plan de travail en Dekton de Cosentino, d&rsquo;un meuble suspendu, d&rsquo;une vasque design stri\u00e9 et d&rsquo;un miroir alma. Plan de travail en Dekton. Dekton est une Pierre&#8230;<\/p>\n","protected":false},"featured_media":15766,"comment_status":"closed","ping_status":"open","template":"","meta":[],"product_brand":[908],"product_cat":[577],"product_tag":[],"class_list":{"0":"post-85981","1":"product","2":"type-product","3":"status-publish","4":"has-post-thumbnail","6":"product_brand-lauzerte","7":"product_cat-muebles-de-bano","8":"pa_color-dekton-kira-natural-azabache","9":"pa_color-dekton-kira-natural-macadam","10":"pa_color-dekton-laurent-alcatraz","11":"pa_color-dekton-laurent-nogal","12":"pa_color-dekton-marina-alcatraz","13":"pa_color-dekton-marina-blanco-mate","14":"pa_medidas-369","15":"pa_medidas-378","16":"pa_medidas-383","17":"pa_medidas-370","19":"first","20":"instock","21":"purchasable","22":"product-type-variable"},"_links":{"self":[{"href":"https:\/\/avantarea.com\/fr\/wp-json\/wp\/v2\/product\/85981","targetHints":{"allow":["GET"]}}],"collection":[{"href":"https:\/\/avantarea.com\/fr\/wp-json\/wp\/v2\/product"}],"about":[{"href":"https:\/\/avantarea.com\/fr\/wp-json\/wp\/v2\/types\/product"}],"replies":[{"embeddable":true,"href":"https:\/\/avantarea.com\/fr\/wp-json\/wp\/v2\/comments?post=85981"}],"wp:featuredmedia":[{"embeddable":true,"href":"https:\/\/avantarea.com\/fr\/wp-json\/wp\/v2\/media\/15766"}],"wp:attachment":[{"href":"https:\/\/avantarea.com\/fr\/wp-json\/wp\/v2\/media?parent=85981"}],"wp:term":[{"taxonomy":"product_brand","embeddable":true,"href":"https:\/\/avantarea.com\/fr\/wp-json\/wp\/v2\/product_brand?post=85981"},{"taxonomy":"product_cat","embeddable":true,"href":"https:\/\/avantarea.com\/fr\/wp-json\/wp\/v2\/product_cat?post=85981"},{"taxonomy":"product_tag","embeddable":true,"href":"https:\/\/avantarea.com\/fr\/wp-json\/wp\/v2\/product_tag?post=85981"}],"curies":[{"name":"wp","href":"https:\/\/api.w.org\/{rel}","templated":true}]}}