{"id":85968,"date":"2025-01-13T12:06:50","date_gmt":"2025-01-13T11:06:50","guid":{"rendered":"https:\/\/nueva.avantarea.com\/?post_type=product&#038;p=85968"},"modified":"2026-02-25T08:30:05","modified_gmt":"2026-02-25T07:30:05","slug":"pack-aubrais-lavabo-espejo-capsula-copia","status":"publish","type":"product","link":"https:\/\/avantarea.com\/fr\/producto\/pack-aubrais-lavabo-espejo-capsula-copia\/","title":{"rendered":"Pack AUBRAIS + lavabo + miroir capsule"},"content":{"rendered":"<p>Pack compos\u00e9 d&rsquo;un meuble sous-vasque suspendu, d&rsquo;une vasque et d&rsquo;un miroir design capsule.<br \/>\nMeuble suspendu compos\u00e9 d&rsquo;un module tiroir, avec ouverture par poign\u00e9e profil\u00e9e blanc mat. Meuble fabriqu\u00e9 en panneau de particules de 19 mm avec rev\u00eatement m\u00e9lamin\u00e9, \u00e9cologique et recyclable. Tiroir m\u00e9tallique \u00e0 double paroi \u00e0 l&rsquo;esth\u00e9tique minimaliste, aux parois fines et aux lignes droites, avec fermeture amortie et une capacit\u00e9 de charge de 25 kg. Tiroir \u00e0 pleine extension et espace arri\u00e8re disponible.<br \/>\nMiroir design capsule. Vasque \u00e0 poser en c\u00e9ramique incluse. Livr\u00e9 mont\u00e9, pr\u00eat \u00e0 \u00eatre fix\u00e9 au mur. Comprend toute la quincaillerie n\u00e9cessaire. Fabriqu\u00e9 en Espagne. Robinet et siphon non inclus.<\/p>\n","protected":false},"excerpt":{"rendered":"<p>Pack compos\u00e9 d&rsquo;un meuble sous-vasque suspendu, d&rsquo;une vasque et d&rsquo;un miroir design capsule. Meuble suspendu compos\u00e9 d&rsquo;un module tiroir, avec ouverture par poign\u00e9e profil\u00e9e blanc mat. Meuble fabriqu\u00e9 en panneau&#8230;<\/p>\n","protected":false},"featured_media":120840,"comment_status":"closed","ping_status":"closed","template":"","meta":[],"product_brand":[907],"product_cat":[1179,1170],"product_tag":[],"class_list":{"0":"post-85968","1":"product","2":"type-product","3":"status-publish","4":"has-post-thumbnail","6":"product_brand-aubrais","7":"product_cat-meuble-de-salle-de-bain","8":"product_cat-muebles-de-bano","9":"pa_color-alcatraz","10":"pa_color-bardolino","11":"pa_color-blanco-mate","12":"pa_color-nogal","13":"pa_medidas-369","14":"pa_medidas-378","15":"pa_medidas-370","16":"pa_tamano-80000-fr","18":"first","19":"instock","20":"purchasable","21":"product-type-variable"},"_links":{"self":[{"href":"https:\/\/avantarea.com\/fr\/wp-json\/wp\/v2\/product\/85968","targetHints":{"allow":["GET"]}}],"collection":[{"href":"https:\/\/avantarea.com\/fr\/wp-json\/wp\/v2\/product"}],"about":[{"href":"https:\/\/avantarea.com\/fr\/wp-json\/wp\/v2\/types\/product"}],"replies":[{"embeddable":true,"href":"https:\/\/avantarea.com\/fr\/wp-json\/wp\/v2\/comments?post=85968"}],"wp:featuredmedia":[{"embeddable":true,"href":"https:\/\/avantarea.com\/fr\/wp-json\/wp\/v2\/media\/120840"}],"wp:attachment":[{"href":"https:\/\/avantarea.com\/fr\/wp-json\/wp\/v2\/media?parent=85968"}],"wp:term":[{"taxonomy":"product_brand","embeddable":true,"href":"https:\/\/avantarea.com\/fr\/wp-json\/wp\/v2\/product_brand?post=85968"},{"taxonomy":"product_cat","embeddable":true,"href":"https:\/\/avantarea.com\/fr\/wp-json\/wp\/v2\/product_cat?post=85968"},{"taxonomy":"product_tag","embeddable":true,"href":"https:\/\/avantarea.com\/fr\/wp-json\/wp\/v2\/product_tag?post=85968"}],"curies":[{"name":"wp","href":"https:\/\/api.w.org\/{rel}","templated":true}]}}