{"id":85863,"date":"2025-03-20T09:03:10","date_gmt":"2025-03-20T08:03:10","guid":{"rendered":"https:\/\/nueva.avantarea.com\/?post_type=product&#038;p=85863"},"modified":"2026-02-25T08:30:40","modified_gmt":"2026-02-25T07:30:40","slug":"pack-chaberton-lavabo-espejo-capsula-copia","status":"publish","type":"product","link":"https:\/\/avantarea.com\/fr\/producto\/pack-chaberton-lavabo-espejo-capsula-copia\/","title":{"rendered":"Pack CHABERTON + lavabo + miroir capsule"},"content":{"rendered":"<p>Pack compos\u00e9 d&rsquo;un meuble sous-vasque suspendu, d&rsquo;une vasque et d&rsquo;un miroir design capsule.<br \/>\nLe meuble suspendu dispose d&rsquo;un module \u00e0 trois tiroirs offrant un large espace de rangement. Il est fabriqu\u00e9 en panneau de particules de 19 mm avec rev\u00eatement m\u00e9lamin\u00e9, un mat\u00e9riau \u00e9cologique et recyclable. Son tiroir m\u00e9tallique \u00e0 double paroi pr\u00e9sente un design minimaliste avec des parois fines et des lignes droites, ainsi qu&rsquo;un syst\u00e8me de fermeture amortie et une capacit\u00e9 de charge de 25 kg. Il offre une accessibilit\u00e9 totale et un espace arri\u00e8re disponible pour une fonctionnalit\u00e9 accrue.<br \/>\nLe pack est compl\u00e9t\u00e9 par un miroir circulaire et une vasque c\u00e9ramique \u00e0 poser. Il est livr\u00e9 mont\u00e9 et pr\u00eat \u00e0 \u00eatre fix\u00e9 au mur, incluant toute la quincaillerie n\u00e9cessaire pour son installation. Produit fabriqu\u00e9 en Espagne. *Robinet et siphon non inclus.*<\/p>\n","protected":false},"excerpt":{"rendered":"<p>Pack compos\u00e9 d&rsquo;un meuble sous-vasque suspendu, d&rsquo;une vasque et d&rsquo;un miroir design capsule. Le meuble suspendu dispose d&rsquo;un module \u00e0 trois tiroirs offrant un large espace de rangement. Il est&#8230;<\/p>\n","protected":false},"featured_media":121005,"comment_status":"closed","ping_status":"closed","template":"","meta":[],"product_brand":[900],"product_cat":[1170],"product_tag":[],"class_list":{"0":"post-85863","1":"product","2":"type-product","3":"status-publish","4":"has-post-thumbnail","6":"product_brand-chaberton","7":"product_cat-muebles-de-bano","8":"pa_color-alcatraz","9":"pa_color-bardolino","10":"pa_color-blanco-mate","11":"pa_color-nogal","12":"pa_medidas-369","13":"pa_medidas-378","14":"pa_medidas-363","15":"pa_medidas-370","17":"first","18":"instock","19":"purchasable","20":"product-type-variable"},"_links":{"self":[{"href":"https:\/\/avantarea.com\/fr\/wp-json\/wp\/v2\/product\/85863","targetHints":{"allow":["GET"]}}],"collection":[{"href":"https:\/\/avantarea.com\/fr\/wp-json\/wp\/v2\/product"}],"about":[{"href":"https:\/\/avantarea.com\/fr\/wp-json\/wp\/v2\/types\/product"}],"replies":[{"embeddable":true,"href":"https:\/\/avantarea.com\/fr\/wp-json\/wp\/v2\/comments?post=85863"}],"wp:featuredmedia":[{"embeddable":true,"href":"https:\/\/avantarea.com\/fr\/wp-json\/wp\/v2\/media\/121005"}],"wp:attachment":[{"href":"https:\/\/avantarea.com\/fr\/wp-json\/wp\/v2\/media?parent=85863"}],"wp:term":[{"taxonomy":"product_brand","embeddable":true,"href":"https:\/\/avantarea.com\/fr\/wp-json\/wp\/v2\/product_brand?post=85863"},{"taxonomy":"product_cat","embeddable":true,"href":"https:\/\/avantarea.com\/fr\/wp-json\/wp\/v2\/product_cat?post=85863"},{"taxonomy":"product_tag","embeddable":true,"href":"https:\/\/avantarea.com\/fr\/wp-json\/wp\/v2\/product_tag?post=85863"}],"curies":[{"name":"wp","href":"https:\/\/api.w.org\/{rel}","templated":true}]}}