{"id":85846,"date":"2025-03-20T09:04:08","date_gmt":"2025-03-20T08:04:08","guid":{"rendered":"https:\/\/nueva.avantarea.com\/?post_type=product&#038;p=85846"},"modified":"2026-02-25T08:30:40","modified_gmt":"2026-02-25T07:30:40","slug":"pack-sassiere-lavabo-espejo-circular-copia","status":"publish","type":"product","link":"https:\/\/avantarea.com\/fr\/producto\/pack-sassiere-lavabo-espejo-circular-copia\/","title":{"rendered":"Pack SASSI\u00c8RE + lavabo + miroir circulaire"},"content":{"rendered":"<p>Pack compos\u00e9 d&rsquo;un meuble sous-vasque suspendu, d&rsquo;un plan de travail en mat\u00e9riau Dekton de Cosentino, d&rsquo;une vasque et d&rsquo;un miroir circulaire.<br \/>\nPlan de travail en mat\u00e9riau Dekton. Dekton est une Pierre Technique Ultracompacte, un m\u00e9lange de plus de 20 min\u00e9raux extraits de la nature, exempte de micro-d\u00e9fauts et de porosit\u00e9 quasi nulle. Hautement r\u00e9sistante \u00e0 l&rsquo;abrasion, aux rayures, aux impacts, \u00e0 l&rsquo;eau et aux taches.<br \/>\nMeuble suspendu compos\u00e9 de tiroirs avec ouverture par poign\u00e9e. Meuble fabriqu\u00e9 en panneau de particules de 19 mm avec rev\u00eatement m\u00e9lamin\u00e9, \u00e9cologique et recyclable. Tiroir m\u00e9tallique \u00e0 double paroi \u00e0 l&rsquo;esth\u00e9tique minimaliste, aux parois fines et aux lignes droites, avec fermeture amortie et une capacit\u00e9 de charge de 25 kg. Tiroir avec accessibilit\u00e9 totale et espace arri\u00e8re disponible.<br \/>\nMiroir de design circulaire inclus. Vasque \u00e0 poser en c\u00e9ramique incluse. Livr\u00e9 mont\u00e9, pr\u00eat \u00e0 \u00eatre accroch\u00e9 au mur. Comprend toute la quincaillerie n\u00e9cessaire. Fabriqu\u00e9 en Espagne. Robinet et siphon non inclus.<\/p>\n","protected":false},"excerpt":{"rendered":"<p>Pack compos\u00e9 d&rsquo;un meuble sous-vasque suspendu, d&rsquo;un plan de travail en mat\u00e9riau Dekton de Cosentino, d&rsquo;une vasque et d&rsquo;un miroir circulaire. Plan de travail en mat\u00e9riau Dekton. Dekton est une&#8230;<\/p>\n","protected":false},"featured_media":123904,"comment_status":"closed","ping_status":"closed","template":"","meta":[],"product_brand":[899],"product_cat":[1170],"product_tag":[],"class_list":{"0":"post-85846","1":"product","2":"type-product","3":"status-publish","4":"has-post-thumbnail","6":"product_brand-sassiere","7":"product_cat-muebles-de-bano","8":"pa_color-alcatraz-dekton-kira-natural","9":"pa_color-bardolino-dekton-marbre","10":"pa_color-blanc-mat-dekton-marina","11":"pa_color-nogal-dekton-laurent","12":"pa_medidas-369","13":"pa_medidas-378","14":"pa_medidas-383","15":"pa_medidas-370","17":"first","18":"instock","19":"purchasable","20":"product-type-variable"},"_links":{"self":[{"href":"https:\/\/avantarea.com\/fr\/wp-json\/wp\/v2\/product\/85846","targetHints":{"allow":["GET"]}}],"collection":[{"href":"https:\/\/avantarea.com\/fr\/wp-json\/wp\/v2\/product"}],"about":[{"href":"https:\/\/avantarea.com\/fr\/wp-json\/wp\/v2\/types\/product"}],"replies":[{"embeddable":true,"href":"https:\/\/avantarea.com\/fr\/wp-json\/wp\/v2\/comments?post=85846"}],"wp:featuredmedia":[{"embeddable":true,"href":"https:\/\/avantarea.com\/fr\/wp-json\/wp\/v2\/media\/123904"}],"wp:attachment":[{"href":"https:\/\/avantarea.com\/fr\/wp-json\/wp\/v2\/media?parent=85846"}],"wp:term":[{"taxonomy":"product_brand","embeddable":true,"href":"https:\/\/avantarea.com\/fr\/wp-json\/wp\/v2\/product_brand?post=85846"},{"taxonomy":"product_cat","embeddable":true,"href":"https:\/\/avantarea.com\/fr\/wp-json\/wp\/v2\/product_cat?post=85846"},{"taxonomy":"product_tag","embeddable":true,"href":"https:\/\/avantarea.com\/fr\/wp-json\/wp\/v2\/product_tag?post=85846"}],"curies":[{"name":"wp","href":"https:\/\/api.w.org\/{rel}","templated":true}]}}