{"id":85842,"date":"2025-03-24T08:10:34","date_gmt":"2025-03-24T07:10:34","guid":{"rendered":"https:\/\/nueva.avantarea.com\/?post_type=product&#038;p=85842"},"modified":"2026-02-23T07:33:23","modified_gmt":"2026-02-23T06:33:23","slug":"toallero-capri-40-cm-oro-cepillado-copia","status":"publish","type":"product","link":"https:\/\/avantarea.com\/fr\/producto\/toallero-capri-40-cm-oro-cepillado-copia\/","title":{"rendered":"Porte-serviettes CAPRI 40 cm or bross\u00e9"},"content":{"rendered":"<p>Porte-serviettes de la s\u00e9rie Capri de 40 cm avec une finition en or bross\u00e9 de haute qualit\u00e9, qui ajoute une touche de sophistication et de durabilit\u00e9 \u00e0 toute salle de bain. \u00c9quip\u00e9 d&rsquo;un syst\u00e8me pratique de double fixation, il permet une installation aussi bien avec de l&rsquo;adh\u00e9sif qu&rsquo;avec des vis, s&rsquo;adaptant \u00e0 divers besoins et garantissant une s\u00e9curit\u00e9 et une stabilit\u00e9 maximales.<\/p>\n","protected":false},"excerpt":{"rendered":"<p>Porte-serviettes de la s\u00e9rie Capri de 40 cm avec une finition en or bross\u00e9 de haute qualit\u00e9, qui ajoute une touche de sophistication et de durabilit\u00e9 \u00e0 toute salle de&#8230;<\/p>\n","protected":false},"featured_media":15245,"comment_status":"closed","ping_status":"open","template":"","meta":[],"product_brand":[895],"product_cat":[575],"product_tag":[],"class_list":{"0":"post-85842","1":"product","2":"type-product","3":"status-publish","4":"has-post-thumbnail","6":"product_brand-accesorios","7":"product_cat-accesorios","9":"first","10":"instock","11":"purchasable","12":"product-type-simple"},"_links":{"self":[{"href":"https:\/\/avantarea.com\/fr\/wp-json\/wp\/v2\/product\/85842","targetHints":{"allow":["GET"]}}],"collection":[{"href":"https:\/\/avantarea.com\/fr\/wp-json\/wp\/v2\/product"}],"about":[{"href":"https:\/\/avantarea.com\/fr\/wp-json\/wp\/v2\/types\/product"}],"replies":[{"embeddable":true,"href":"https:\/\/avantarea.com\/fr\/wp-json\/wp\/v2\/comments?post=85842"}],"wp:featuredmedia":[{"embeddable":true,"href":"https:\/\/avantarea.com\/fr\/wp-json\/wp\/v2\/media\/15245"}],"wp:attachment":[{"href":"https:\/\/avantarea.com\/fr\/wp-json\/wp\/v2\/media?parent=85842"}],"wp:term":[{"taxonomy":"product_brand","embeddable":true,"href":"https:\/\/avantarea.com\/fr\/wp-json\/wp\/v2\/product_brand?post=85842"},{"taxonomy":"product_cat","embeddable":true,"href":"https:\/\/avantarea.com\/fr\/wp-json\/wp\/v2\/product_cat?post=85842"},{"taxonomy":"product_tag","embeddable":true,"href":"https:\/\/avantarea.com\/fr\/wp-json\/wp\/v2\/product_tag?post=85842"}],"curies":[{"name":"wp","href":"https:\/\/api.w.org\/{rel}","templated":true}]}}