{"id":85838,"date":"2025-03-24T08:10:34","date_gmt":"2025-03-24T07:10:34","guid":{"rendered":"https:\/\/nueva.avantarea.com\/?post_type=product&#038;p=85838"},"modified":"2026-02-23T07:32:40","modified_gmt":"2026-02-23T06:32:40","slug":"toallero-capri-multiple-cromo-copia","status":"publish","type":"product","link":"https:\/\/avantarea.com\/fr\/producto\/toallero-capri-multiple-cromo-copia\/","title":{"rendered":"Porte-serviettes CAPRI multiple chrom\u00e9"},"content":{"rendered":"<p>Porte-serviettes multiple avec finition chrome de haute qualit\u00e9, con\u00e7u pour allier fonctionnalit\u00e9 et style dans toute salle de bain. Il int\u00e8gre un syst\u00e8me de double fixation polyvalent (adh\u00e9sif ou \u00e0 visser), garantissant une installation s\u00fbre et adapt\u00e9e \u00e0 divers besoins.<\/p>\n","protected":false},"excerpt":{"rendered":"<p>Porte-serviettes multiple avec finition chrome de haute qualit\u00e9, con\u00e7u pour allier fonctionnalit\u00e9 et style dans toute salle de bain. Il int\u00e8gre un syst\u00e8me de double fixation polyvalent (adh\u00e9sif ou \u00e0&#8230;<\/p>\n","protected":false},"featured_media":15241,"comment_status":"closed","ping_status":"open","template":"","meta":[],"product_brand":[895],"product_cat":[575],"product_tag":[],"class_list":{"0":"post-85838","1":"product","2":"type-product","3":"status-publish","4":"has-post-thumbnail","6":"product_brand-accesorios","7":"product_cat-accesorios","9":"first","10":"instock","11":"purchasable","12":"product-type-simple"},"_links":{"self":[{"href":"https:\/\/avantarea.com\/fr\/wp-json\/wp\/v2\/product\/85838","targetHints":{"allow":["GET"]}}],"collection":[{"href":"https:\/\/avantarea.com\/fr\/wp-json\/wp\/v2\/product"}],"about":[{"href":"https:\/\/avantarea.com\/fr\/wp-json\/wp\/v2\/types\/product"}],"replies":[{"embeddable":true,"href":"https:\/\/avantarea.com\/fr\/wp-json\/wp\/v2\/comments?post=85838"}],"wp:featuredmedia":[{"embeddable":true,"href":"https:\/\/avantarea.com\/fr\/wp-json\/wp\/v2\/media\/15241"}],"wp:attachment":[{"href":"https:\/\/avantarea.com\/fr\/wp-json\/wp\/v2\/media?parent=85838"}],"wp:term":[{"taxonomy":"product_brand","embeddable":true,"href":"https:\/\/avantarea.com\/fr\/wp-json\/wp\/v2\/product_brand?post=85838"},{"taxonomy":"product_cat","embeddable":true,"href":"https:\/\/avantarea.com\/fr\/wp-json\/wp\/v2\/product_cat?post=85838"},{"taxonomy":"product_tag","embeddable":true,"href":"https:\/\/avantarea.com\/fr\/wp-json\/wp\/v2\/product_tag?post=85838"}],"curies":[{"name":"wp","href":"https:\/\/api.w.org\/{rel}","templated":true}]}}