{"id":85829,"date":"2025-03-24T08:10:52","date_gmt":"2025-03-24T07:10:52","guid":{"rendered":"https:\/\/nueva.avantarea.com\/?post_type=product&#038;p=85829"},"modified":"2026-02-23T07:31:15","modified_gmt":"2026-02-23T06:31:15","slug":"portarollo-con-repisa-capri-cromo-copia","status":"publish","type":"product","link":"https:\/\/avantarea.com\/fr\/producto\/portarollo-con-repisa-capri-cromo-copia\/","title":{"rendered":"Porte-rouleau avec tablette CAPRI chrome"},"content":{"rendered":"<p>Porte-papier toilette avec tablette de la s\u00e9rie Capri, finition chrom\u00e9e, fabriqu\u00e9 en acier inoxydable de haute qualit\u00e9. Dot\u00e9 d&rsquo;un syst\u00e8me pratique de double fixation (\u00e0 coller\/\u00e0 visser), qui garantit une installation s\u00fbre et adaptable \u00e0 diff\u00e9rents besoins.<\/p>\n","protected":false},"excerpt":{"rendered":"<p>Porte-papier toilette avec tablette de la s\u00e9rie Capri, finition chrom\u00e9e, fabriqu\u00e9 en acier inoxydable de haute qualit\u00e9. Dot\u00e9 d&rsquo;un syst\u00e8me pratique de double fixation (\u00e0 coller\/\u00e0 visser), qui garantit une&#8230;<\/p>\n","protected":false},"featured_media":15205,"comment_status":"closed","ping_status":"open","template":"","meta":[],"product_brand":[895],"product_cat":[575],"product_tag":[],"class_list":{"0":"post-85829","1":"product","2":"type-product","3":"status-publish","4":"has-post-thumbnail","6":"product_brand-accesorios","7":"product_cat-accesorios","9":"first","10":"instock","11":"purchasable","12":"product-type-simple"},"_links":{"self":[{"href":"https:\/\/avantarea.com\/fr\/wp-json\/wp\/v2\/product\/85829","targetHints":{"allow":["GET"]}}],"collection":[{"href":"https:\/\/avantarea.com\/fr\/wp-json\/wp\/v2\/product"}],"about":[{"href":"https:\/\/avantarea.com\/fr\/wp-json\/wp\/v2\/types\/product"}],"replies":[{"embeddable":true,"href":"https:\/\/avantarea.com\/fr\/wp-json\/wp\/v2\/comments?post=85829"}],"wp:featuredmedia":[{"embeddable":true,"href":"https:\/\/avantarea.com\/fr\/wp-json\/wp\/v2\/media\/15205"}],"wp:attachment":[{"href":"https:\/\/avantarea.com\/fr\/wp-json\/wp\/v2\/media?parent=85829"}],"wp:term":[{"taxonomy":"product_brand","embeddable":true,"href":"https:\/\/avantarea.com\/fr\/wp-json\/wp\/v2\/product_brand?post=85829"},{"taxonomy":"product_cat","embeddable":true,"href":"https:\/\/avantarea.com\/fr\/wp-json\/wp\/v2\/product_cat?post=85829"},{"taxonomy":"product_tag","embeddable":true,"href":"https:\/\/avantarea.com\/fr\/wp-json\/wp\/v2\/product_tag?post=85829"}],"curies":[{"name":"wp","href":"https:\/\/api.w.org\/{rel}","templated":true}]}}