{"id":85827,"date":"2025-03-24T08:11:09","date_gmt":"2025-03-24T07:11:09","guid":{"rendered":"https:\/\/nueva.avantarea.com\/?post_type=product&#038;p=85827"},"modified":"2026-02-24T15:53:19","modified_gmt":"2026-02-24T14:53:19","slug":"portarollo-con-repisa-capri-oro-cepillado-copia","status":"publish","type":"product","link":"https:\/\/avantarea.com\/fr\/producto\/portarollo-con-repisa-capri-oro-cepillado-copia\/","title":{"rendered":"Porte-rouleau avec \u00e9tag\u00e8re CAPRI or bross\u00e9"},"content":{"rendered":"<p>Porte-rouleau de papier toilette avec tablette de la s\u00e9rie Capri, en finition or bross\u00e9, fabriqu\u00e9 en acier inoxydable de haute qualit\u00e9. Il comprend un syst\u00e8me de double fixation pratique (\u00e0 coller\/\u00e0 visser), qui garantit une installation s\u00fbre et adaptable \u00e0 diff\u00e9rents besoins.<\/p>\n","protected":false},"excerpt":{"rendered":"<p>Porte-rouleau de papier toilette avec tablette de la s\u00e9rie Capri, en finition or bross\u00e9, fabriqu\u00e9 en acier inoxydable de haute qualit\u00e9. Il comprend un syst\u00e8me de double fixation pratique (\u00e0&#8230;<\/p>\n","protected":false},"featured_media":15207,"comment_status":"closed","ping_status":"open","template":"","meta":[],"product_brand":[895],"product_cat":[575],"product_tag":[],"class_list":{"0":"post-85827","1":"product","2":"type-product","3":"status-publish","4":"has-post-thumbnail","6":"product_brand-accesorios","7":"product_cat-accesorios","9":"first","10":"instock","11":"purchasable","12":"product-type-simple"},"_links":{"self":[{"href":"https:\/\/avantarea.com\/fr\/wp-json\/wp\/v2\/product\/85827","targetHints":{"allow":["GET"]}}],"collection":[{"href":"https:\/\/avantarea.com\/fr\/wp-json\/wp\/v2\/product"}],"about":[{"href":"https:\/\/avantarea.com\/fr\/wp-json\/wp\/v2\/types\/product"}],"replies":[{"embeddable":true,"href":"https:\/\/avantarea.com\/fr\/wp-json\/wp\/v2\/comments?post=85827"}],"wp:featuredmedia":[{"embeddable":true,"href":"https:\/\/avantarea.com\/fr\/wp-json\/wp\/v2\/media\/15207"}],"wp:attachment":[{"href":"https:\/\/avantarea.com\/fr\/wp-json\/wp\/v2\/media?parent=85827"}],"wp:term":[{"taxonomy":"product_brand","embeddable":true,"href":"https:\/\/avantarea.com\/fr\/wp-json\/wp\/v2\/product_brand?post=85827"},{"taxonomy":"product_cat","embeddable":true,"href":"https:\/\/avantarea.com\/fr\/wp-json\/wp\/v2\/product_cat?post=85827"},{"taxonomy":"product_tag","embeddable":true,"href":"https:\/\/avantarea.com\/fr\/wp-json\/wp\/v2\/product_tag?post=85827"}],"curies":[{"name":"wp","href":"https:\/\/api.w.org\/{rel}","templated":true}]}}