{"id":85826,"date":"2025-03-24T08:11:09","date_gmt":"2025-03-24T07:11:09","guid":{"rendered":"https:\/\/nueva.avantarea.com\/?post_type=product&#038;p=85826"},"modified":"2026-02-23T07:30:48","modified_gmt":"2026-02-23T06:30:48","slug":"escobillero-capri-cromo-copia","status":"publish","type":"product","link":"https:\/\/avantarea.com\/fr\/producto\/escobillero-capri-cromo-copia\/","title":{"rendered":"Porte-balai WC CAPRI chrom\u00e9"},"content":{"rendered":"<p>Ecobillero de la s\u00e9rie Capri avec finition chrom\u00e9e, fabriqu\u00e9 en acier inoxydable de haute qualit\u00e9. Il dispose d&rsquo;un double syst\u00e8me de fixation (coll\u00e9\/viss\u00e9), qui permet une installation s\u00fbre et adaptable \u00e0 diff\u00e9rentes surfaces.<\/p>\n","protected":false},"excerpt":{"rendered":"<p>Ecobillero de la s\u00e9rie Capri avec finition chrom\u00e9e, fabriqu\u00e9 en acier inoxydable de haute qualit\u00e9. Il dispose d&rsquo;un double syst\u00e8me de fixation (coll\u00e9\/viss\u00e9), qui permet une installation s\u00fbre et adaptable&#8230;<\/p>\n","protected":false},"featured_media":15213,"comment_status":"closed","ping_status":"open","template":"","meta":[],"product_brand":[895],"product_cat":[575],"product_tag":[],"class_list":{"0":"post-85826","1":"product","2":"type-product","3":"status-publish","4":"has-post-thumbnail","6":"product_brand-accesorios","7":"product_cat-accesorios","9":"first","10":"instock","11":"purchasable","12":"product-type-simple"},"_links":{"self":[{"href":"https:\/\/avantarea.com\/fr\/wp-json\/wp\/v2\/product\/85826","targetHints":{"allow":["GET"]}}],"collection":[{"href":"https:\/\/avantarea.com\/fr\/wp-json\/wp\/v2\/product"}],"about":[{"href":"https:\/\/avantarea.com\/fr\/wp-json\/wp\/v2\/types\/product"}],"replies":[{"embeddable":true,"href":"https:\/\/avantarea.com\/fr\/wp-json\/wp\/v2\/comments?post=85826"}],"wp:featuredmedia":[{"embeddable":true,"href":"https:\/\/avantarea.com\/fr\/wp-json\/wp\/v2\/media\/15213"}],"wp:attachment":[{"href":"https:\/\/avantarea.com\/fr\/wp-json\/wp\/v2\/media?parent=85826"}],"wp:term":[{"taxonomy":"product_brand","embeddable":true,"href":"https:\/\/avantarea.com\/fr\/wp-json\/wp\/v2\/product_brand?post=85826"},{"taxonomy":"product_cat","embeddable":true,"href":"https:\/\/avantarea.com\/fr\/wp-json\/wp\/v2\/product_cat?post=85826"},{"taxonomy":"product_tag","embeddable":true,"href":"https:\/\/avantarea.com\/fr\/wp-json\/wp\/v2\/product_tag?post=85826"}],"curies":[{"name":"wp","href":"https:\/\/api.w.org\/{rel}","templated":true}]}}