{"id":85817,"date":"2025-03-24T08:11:09","date_gmt":"2025-03-24T07:11:09","guid":{"rendered":"https:\/\/nueva.avantarea.com\/?post_type=product&#038;p=85817"},"modified":"2026-02-24T15:53:11","modified_gmt":"2026-02-24T14:53:11","slug":"barra-toallero-interior-mueble-negro-mate-copia","status":"publish","type":"product","link":"https:\/\/avantarea.com\/fr\/producto\/barra-toallero-interior-mueble-negro-mate-copia\/","title":{"rendered":"Barre porte-serviettes pour int\u00e9rieur de meuble noir mat"},"content":{"rendered":"<p>Porte-serviettes pour meuble, fabriqu\u00e9 en acier inoxydable avec une finition noir mat de haute qualit\u00e9. Il int\u00e8gre un syst\u00e8me de double fixation (adh\u00e9sif\/\u00e0 visser), garantissant une installation s\u00fbre et polyvalente sur diff\u00e9rentes surfaces.<\/p>\n","protected":false},"excerpt":{"rendered":"<p>Porte-serviettes pour meuble, fabriqu\u00e9 en acier inoxydable avec une finition noir mat de haute qualit\u00e9. Il int\u00e8gre un syst\u00e8me de double fixation (adh\u00e9sif\/\u00e0 visser), garantissant une installation s\u00fbre et polyvalente&#8230;<\/p>\n","protected":false},"featured_media":15190,"comment_status":"closed","ping_status":"open","template":"","meta":[],"product_brand":[895],"product_cat":[575],"product_tag":[],"class_list":{"0":"post-85817","1":"product","2":"type-product","3":"status-publish","4":"has-post-thumbnail","6":"product_brand-accesorios","7":"product_cat-accesorios","9":"first","10":"instock","11":"purchasable","12":"product-type-simple"},"_links":{"self":[{"href":"https:\/\/avantarea.com\/fr\/wp-json\/wp\/v2\/product\/85817","targetHints":{"allow":["GET"]}}],"collection":[{"href":"https:\/\/avantarea.com\/fr\/wp-json\/wp\/v2\/product"}],"about":[{"href":"https:\/\/avantarea.com\/fr\/wp-json\/wp\/v2\/types\/product"}],"replies":[{"embeddable":true,"href":"https:\/\/avantarea.com\/fr\/wp-json\/wp\/v2\/comments?post=85817"}],"wp:featuredmedia":[{"embeddable":true,"href":"https:\/\/avantarea.com\/fr\/wp-json\/wp\/v2\/media\/15190"}],"wp:attachment":[{"href":"https:\/\/avantarea.com\/fr\/wp-json\/wp\/v2\/media?parent=85817"}],"wp:term":[{"taxonomy":"product_brand","embeddable":true,"href":"https:\/\/avantarea.com\/fr\/wp-json\/wp\/v2\/product_brand?post=85817"},{"taxonomy":"product_cat","embeddable":true,"href":"https:\/\/avantarea.com\/fr\/wp-json\/wp\/v2\/product_cat?post=85817"},{"taxonomy":"product_tag","embeddable":true,"href":"https:\/\/avantarea.com\/fr\/wp-json\/wp\/v2\/product_tag?post=85817"}],"curies":[{"name":"wp","href":"https:\/\/api.w.org\/{rel}","templated":true}]}}