{"id":85802,"date":"2025-03-26T15:40:38","date_gmt":"2025-03-26T14:40:38","guid":{"rendered":"https:\/\/nueva.avantarea.com\/?post_type=product&#038;p=85802"},"modified":"2026-04-01T07:32:06","modified_gmt":"2026-04-01T05:32:06","slug":"pack-aleghe-lavabo-espejo-liso-copia","status":"publish","type":"product","link":"https:\/\/avantarea.com\/fr\/producto\/pack-aleghe-lavabo-espejo-liso-copia\/","title":{"rendered":"Pack ALEGHE + lavabo + miroir simple"},"content":{"rendered":"<p>Ensemble de salle de bain de la collection ALEGHE, appartenant \u00e0 notre gamme pr\u00eat-\u00e0-porter. Avec un design moderne et \u00e9l\u00e9gant qui s&rsquo;adapte parfaitement \u00e0 tous les styles de salle de bain, offrant une grande capacit\u00e9 de rangement.<br \/>\nPack compos\u00e9 d&rsquo;un meuble de salle de bain, d&rsquo;une vasque et d&rsquo;un miroir simple.<br \/>\nMeuble compos\u00e9 de trois tiroirs offrant un vaste espace de rangement. Ouverture par poign\u00e9e profil\u00e9e m\u00e9tallique.<br \/>\nFabriqu\u00e9 en panneau de particules de 16 mm avec rev\u00eatement m\u00e9lamin\u00e9 et des caract\u00e9ristiques de surface optimales, \u00e9cologique et recyclable.<br \/>\nTiroir m\u00e9tallique \u00e0 double paroi \u00e0 l&rsquo;esth\u00e9tique minimaliste, avec des flancs fins et des lignes droites, capacit\u00e9 de charge de 25 kg, accessibilit\u00e9 totale et espace arri\u00e8re disponible.<br \/>\nFermeture amortie, pour prolonger la dur\u00e9e de vie du meuble et \u00e9viter les chocs et les bruits.<br \/>\nTiroir sup\u00e9rieur avec espace pour le siphon, ce qui facilite l&rsquo;installation de l&rsquo;\u00e9vacuation de la vasque.<br \/>\nVasque \u00e0 poser en c\u00e9ramique. R\u00e9sistante et facile d&rsquo;entretien.<br \/>\nComprend un miroir LED.<br \/>\nComprend des pieds chrom\u00e9s.<br \/>\nInstallation facile, le meuble \u00e9tant livr\u00e9 mont\u00e9, pr\u00eat \u00e0 \u00eatre accroch\u00e9 au mur. Un kit de fixation du meuble est inclus.<br \/>\nRobinet et siphon non inclus.<br \/>\nFabriqu\u00e9 en Espagne.<\/p>\n","protected":false},"excerpt":{"rendered":"<p>Ensemble de salle de bain de la collection ALEGHE, appartenant \u00e0 notre gamme pr\u00eat-\u00e0-porter. Avec un design moderne et \u00e9l\u00e9gant qui s&rsquo;adapte parfaitement \u00e0 tous les styles de salle de&#8230;<\/p>\n","protected":false},"featured_media":119836,"comment_status":"closed","ping_status":"closed","template":"","meta":[],"product_brand":[894],"product_cat":[1170],"product_tag":[],"class_list":{"0":"post-85802","1":"product","2":"type-product","3":"status-publish","4":"has-post-thumbnail","6":"product_brand-aleghe","7":"product_cat-muebles-de-bano","8":"pa_color-bambou-2","9":"pa_color-blanco-brillo","10":"pa_color-ciment-2","11":"pa_medidas-369","12":"pa_medidas-378","13":"pa_medidas-363","14":"pa_medidas-370","16":"first","17":"instock","18":"purchasable","19":"product-type-variable"},"_links":{"self":[{"href":"https:\/\/avantarea.com\/fr\/wp-json\/wp\/v2\/product\/85802","targetHints":{"allow":["GET"]}}],"collection":[{"href":"https:\/\/avantarea.com\/fr\/wp-json\/wp\/v2\/product"}],"about":[{"href":"https:\/\/avantarea.com\/fr\/wp-json\/wp\/v2\/types\/product"}],"replies":[{"embeddable":true,"href":"https:\/\/avantarea.com\/fr\/wp-json\/wp\/v2\/comments?post=85802"}],"wp:featuredmedia":[{"embeddable":true,"href":"https:\/\/avantarea.com\/fr\/wp-json\/wp\/v2\/media\/119836"}],"wp:attachment":[{"href":"https:\/\/avantarea.com\/fr\/wp-json\/wp\/v2\/media?parent=85802"}],"wp:term":[{"taxonomy":"product_brand","embeddable":true,"href":"https:\/\/avantarea.com\/fr\/wp-json\/wp\/v2\/product_brand?post=85802"},{"taxonomy":"product_cat","embeddable":true,"href":"https:\/\/avantarea.com\/fr\/wp-json\/wp\/v2\/product_cat?post=85802"},{"taxonomy":"product_tag","embeddable":true,"href":"https:\/\/avantarea.com\/fr\/wp-json\/wp\/v2\/product_tag?post=85802"}],"curies":[{"name":"wp","href":"https:\/\/api.w.org\/{rel}","templated":true}]}}