{"id":85773,"date":"2025-05-27T11:24:05","date_gmt":"2025-05-27T09:24:05","guid":{"rendered":"https:\/\/nueva.avantarea.com\/?post_type=product&#038;p=85773"},"modified":"2026-02-25T08:31:07","modified_gmt":"2026-02-25T07:31:07","slug":"pack-chabalis-lavabo-espejo-capsula-copia","status":"publish","type":"product","link":"https:\/\/avantarea.com\/fr\/producto\/pack-chabalis-lavabo-espejo-capsula-copia\/","title":{"rendered":"Pack CHABALIS + lavabo + miroir capsule"},"content":{"rendered":"<p>Pack compos\u00e9 d&rsquo;un meuble sous-vasque suspendu, d&rsquo;une vasque et d&rsquo;un miroir design capsule.<br \/>\nLe meuble sous-vasque suspendu comprend un module \u00e0 deux tiroirs offrant un large espace de rangement. Il est fabriqu\u00e9 en panneau de particules de 19 mm avec rev\u00eatement m\u00e9lamin\u00e9, un mat\u00e9riau \u00e9cologique et recyclable. Son tiroir m\u00e9tallique \u00e0 double paroi pr\u00e9sente un design minimaliste avec des parois fines et des lignes droites, ainsi qu&rsquo;un syst\u00e8me de fermeture amortie et une capacit\u00e9 de charge de 25 kg. Il offre une accessibilit\u00e9 totale et un espace arri\u00e8re disponible pour une fonctionnalit\u00e9 accrue.<br \/>\nLe pack est compl\u00e9t\u00e9 par un miroir design capsule et une vasque \u00e0 poser en c\u00e9ramique. Il est livr\u00e9 mont\u00e9 et pr\u00eat \u00e0 \u00eatre accroch\u00e9 au mur, incluant toute la quincaillerie n\u00e9cessaire \u00e0 son installation. Produit fabriqu\u00e9 en Espagne. *Robinet et siphon non inclus.* La commande est exp\u00e9di\u00e9e en un seul colis qui inclut tous les composants.<\/p>\n","protected":false},"excerpt":{"rendered":"<p>Pack compos\u00e9 d&rsquo;un meuble sous-vasque suspendu, d&rsquo;une vasque et d&rsquo;un miroir design capsule. Le meuble sous-vasque suspendu comprend un module \u00e0 deux tiroirs offrant un large espace de rangement. Il&#8230;<\/p>\n","protected":false},"featured_media":118644,"comment_status":"closed","ping_status":"closed","template":"","meta":[],"product_brand":[892],"product_cat":[610],"product_tag":[],"class_list":{"0":"post-85773","1":"product","2":"type-product","3":"status-publish","4":"has-post-thumbnail","6":"product_brand-chabalis","7":"product_cat-muebles-de-hogar","8":"pa_color-bardolino-kubric","9":"pa_color-biscuit-kubric-2-2","10":"pa_color-blanc-mat-kubric-2","11":"pa_color-ombre-kubric","12":"pa_color-vert-argile-kubric-2","13":"pa_medidas-369","14":"pa_medidas-378","15":"pa_medidas-370","17":"first","18":"instock","19":"purchasable","20":"product-type-variable"},"_links":{"self":[{"href":"https:\/\/avantarea.com\/fr\/wp-json\/wp\/v2\/product\/85773","targetHints":{"allow":["GET"]}}],"collection":[{"href":"https:\/\/avantarea.com\/fr\/wp-json\/wp\/v2\/product"}],"about":[{"href":"https:\/\/avantarea.com\/fr\/wp-json\/wp\/v2\/types\/product"}],"replies":[{"embeddable":true,"href":"https:\/\/avantarea.com\/fr\/wp-json\/wp\/v2\/comments?post=85773"}],"wp:featuredmedia":[{"embeddable":true,"href":"https:\/\/avantarea.com\/fr\/wp-json\/wp\/v2\/media\/118644"}],"wp:attachment":[{"href":"https:\/\/avantarea.com\/fr\/wp-json\/wp\/v2\/media?parent=85773"}],"wp:term":[{"taxonomy":"product_brand","embeddable":true,"href":"https:\/\/avantarea.com\/fr\/wp-json\/wp\/v2\/product_brand?post=85773"},{"taxonomy":"product_cat","embeddable":true,"href":"https:\/\/avantarea.com\/fr\/wp-json\/wp\/v2\/product_cat?post=85773"},{"taxonomy":"product_tag","embeddable":true,"href":"https:\/\/avantarea.com\/fr\/wp-json\/wp\/v2\/product_tag?post=85773"}],"curies":[{"name":"wp","href":"https:\/\/api.w.org\/{rel}","templated":true}]}}