{"id":85750,"date":"2025-05-27T11:24:31","date_gmt":"2025-05-27T09:24:31","guid":{"rendered":"https:\/\/nueva.avantarea.com\/?post_type=product&#038;p=85750"},"modified":"2026-04-02T16:13:22","modified_gmt":"2026-04-02T14:13:22","slug":"pack-amboise-lavabo-espejo-alma-copia","status":"publish","type":"product","link":"https:\/\/avantarea.com\/fr\/producto\/pack-amboise-lavabo-espejo-alma-copia\/","title":{"rendered":"Pack AMBOISE + lavabo + miroir Alma"},"content":{"rendered":"<p>Pack compos\u00e9 d\u2019une vasque suspendue en Dekton de Cosentino, d\u2019un meuble et d\u2019un miroir design Alma.<br \/>Vasque suspendue en Dekton : Le Dekton est une Pierre Technique Ultracompacte, issue d\u2019un m\u00e9lange de plus de 20 min\u00e9raux naturels. Sa structure est exempte de micro-d\u00e9fauts et pr\u00e9sente une porosit\u00e9 quasi nulle. Il offre une haute r\u00e9sistance \u00e0 l&rsquo;abrasion, aux rayures, aux impacts, ainsi qu&rsquo;aux taches et \u00e0 l&rsquo;eau.<br \/>\nMeuble suspendu : Compos\u00e9 de deux modules \u00e0 un tiroir chacun. Fabriqu\u00e9 en panneaux de particules de 19 mm avec un rev\u00eatement m\u00e9lamin\u00e9, \u00e9cologique et recyclable.<br \/>\nTiroir m\u00e9tallique : Conception \u00e0 double paroi avec une esth\u00e9tique minimaliste, des parois fines et des lignes droites. \u00c9quip\u00e9 d&rsquo;un syst\u00e8me de fermeture amortie et d&rsquo;une capacit\u00e9 de charge de 25 kg. Le tiroir offre une accessibilit\u00e9 totale et un espace technique disponible \u00e0 l&rsquo;arri\u00e8re.<br \/>\nMiroir : Miroir design Alma inclus.     Il est livr\u00e9 assembl\u00e9, pr\u00eat \u00e0 \u00eatre accroch\u00e9 au mur. Comprend toute la quincaillerie n\u00e9cessaire. Fabriqu\u00e9 en Espagne. Robinet et siphon non inclus. La commande est exp\u00e9di\u00e9e dans un seul colis contenant tous les composants.<\/p>\n","protected":false},"excerpt":{"rendered":"<p>Pack compos\u00e9 d\u2019une vasque suspendue en Dekton de Cosentino, d\u2019un meuble et d\u2019un miroir design Alma.Vasque suspendue en Dekton : Le Dekton est une Pierre Technique Ultracompacte, issue d\u2019un m\u00e9lange&#8230;<\/p>\n","protected":false},"featured_media":118772,"comment_status":"closed","ping_status":"closed","template":"","meta":[],"product_brand":[893],"product_cat":[1186],"product_tag":[],"class_list":{"0":"post-85750","1":"product","2":"type-product","3":"status-publish","4":"has-post-thumbnail","6":"product_brand-amboise","7":"product_cat-meubles-de-maison","8":"pa_color-bardolino-dekton-laurent","9":"pa_color-bardolino-dekton-marbre","10":"pa_color-blanc-dekton-kira-natural-2","11":"pa_color-blanc-dekton-marina-2","12":"pa_color-marina-alcatraz","13":"pa_medidas-369","14":"pa_medidas-378","15":"pa_medidas-383","16":"pa_medidas-370","18":"first","19":"instock","20":"purchasable","21":"product-type-variable"},"_links":{"self":[{"href":"https:\/\/avantarea.com\/fr\/wp-json\/wp\/v2\/product\/85750","targetHints":{"allow":["GET"]}}],"collection":[{"href":"https:\/\/avantarea.com\/fr\/wp-json\/wp\/v2\/product"}],"about":[{"href":"https:\/\/avantarea.com\/fr\/wp-json\/wp\/v2\/types\/product"}],"replies":[{"embeddable":true,"href":"https:\/\/avantarea.com\/fr\/wp-json\/wp\/v2\/comments?post=85750"}],"wp:featuredmedia":[{"embeddable":true,"href":"https:\/\/avantarea.com\/fr\/wp-json\/wp\/v2\/media\/118772"}],"wp:attachment":[{"href":"https:\/\/avantarea.com\/fr\/wp-json\/wp\/v2\/media?parent=85750"}],"wp:term":[{"taxonomy":"product_brand","embeddable":true,"href":"https:\/\/avantarea.com\/fr\/wp-json\/wp\/v2\/product_brand?post=85750"},{"taxonomy":"product_cat","embeddable":true,"href":"https:\/\/avantarea.com\/fr\/wp-json\/wp\/v2\/product_cat?post=85750"},{"taxonomy":"product_tag","embeddable":true,"href":"https:\/\/avantarea.com\/fr\/wp-json\/wp\/v2\/product_tag?post=85750"}],"curies":[{"name":"wp","href":"https:\/\/api.w.org\/{rel}","templated":true}]}}