{"id":85737,"date":"2025-05-27T11:25:22","date_gmt":"2025-05-27T09:25:22","guid":{"rendered":"https:\/\/nueva.avantarea.com\/?post_type=product&#038;p=85737"},"modified":"2026-02-25T08:31:07","modified_gmt":"2026-02-25T07:31:07","slug":"pack-aleghe-couleurs-lavabo-espejo-capsula-copia","status":"publish","type":"product","link":"https:\/\/avantarea.com\/fr\/producto\/pack-aleghe-couleurs-lavabo-espejo-capsula-copia\/","title":{"rendered":"Pack ALEGHE COULEURS + lavabo + miroir capsule"},"content":{"rendered":"<p>Ensemble de salle de bain de la collection ALEGHE COULEURS, appartenant \u00e0 notre gamme pr\u00eat-\u00e0-porter. Son design moderne et \u00e9l\u00e9gant s&rsquo;adapte \u00e0 tous les styles de salle de bain, offrant une grande capacit\u00e9 de rangement. Le pack comprend un meuble \u00e0 deux tiroirs, une vasque \u00e0 poser en c\u00e9ramique et un miroir au design capsule.<br \/>\nLe meuble est fabriqu\u00e9 en panneau de particules de 16 mm avec rev\u00eatement m\u00e9lamin\u00e9, \u00e9cologique, recyclable et de haute durabilit\u00e9. Les tiroirs m\u00e9talliques, \u00e0 double paroi et \u00e0 l&rsquo;esth\u00e9tique minimaliste, sont \u00e9quip\u00e9s d&rsquo;une fermeture amortie, d&rsquo;un acc\u00e8s total, d&rsquo;une capacit\u00e9 de charge allant jusqu&rsquo;\u00e0 25 kg et d&rsquo;un espace arri\u00e8re disponible. Le tiroir sup\u00e9rieur comprend un espace pour le siphon, facilitant l&rsquo;installation.<br \/>\nLe plan de travail est livr\u00e9 d\u00e9mont\u00e9, avec des \u00e9querres m\u00e9talliques pour son montage. Il est r\u00e9sistant et facile \u00e0 nettoyer. Un kit d&rsquo;installation est inclus. Robinet et siphon non inclus. Fabriqu\u00e9 en Espagne. La commande est exp\u00e9di\u00e9e en un seul colis qui comprend tous les composants.<\/p>\n","protected":false},"excerpt":{"rendered":"<p>Ensemble de salle de bain de la collection ALEGHE COULEURS, appartenant \u00e0 notre gamme pr\u00eat-\u00e0-porter. Son design moderne et \u00e9l\u00e9gant s&rsquo;adapte \u00e0 tous les styles de salle de bain, offrant&#8230;<\/p>\n","protected":false},"featured_media":119956,"comment_status":"closed","ping_status":"closed","template":"","meta":[],"product_brand":[894],"product_cat":[610],"product_tag":[],"class_list":{"0":"post-85737","1":"product","2":"type-product","3":"status-publish","4":"has-post-thumbnail","6":"product_brand-aleghe","7":"product_cat-muebles-de-hogar","8":"pa_color-bleu-sarcelle","9":"pa_color-noir","10":"pa_color-olive-2","11":"pa_color-perle-2","12":"pa_medidas-378","13":"pa_medidas-363","14":"pa_medidas-370","16":"first","17":"instock","18":"purchasable","19":"product-type-variable"},"_links":{"self":[{"href":"https:\/\/avantarea.com\/fr\/wp-json\/wp\/v2\/product\/85737","targetHints":{"allow":["GET"]}}],"collection":[{"href":"https:\/\/avantarea.com\/fr\/wp-json\/wp\/v2\/product"}],"about":[{"href":"https:\/\/avantarea.com\/fr\/wp-json\/wp\/v2\/types\/product"}],"replies":[{"embeddable":true,"href":"https:\/\/avantarea.com\/fr\/wp-json\/wp\/v2\/comments?post=85737"}],"wp:featuredmedia":[{"embeddable":true,"href":"https:\/\/avantarea.com\/fr\/wp-json\/wp\/v2\/media\/119956"}],"wp:attachment":[{"href":"https:\/\/avantarea.com\/fr\/wp-json\/wp\/v2\/media?parent=85737"}],"wp:term":[{"taxonomy":"product_brand","embeddable":true,"href":"https:\/\/avantarea.com\/fr\/wp-json\/wp\/v2\/product_brand?post=85737"},{"taxonomy":"product_cat","embeddable":true,"href":"https:\/\/avantarea.com\/fr\/wp-json\/wp\/v2\/product_cat?post=85737"},{"taxonomy":"product_tag","embeddable":true,"href":"https:\/\/avantarea.com\/fr\/wp-json\/wp\/v2\/product_tag?post=85737"}],"curies":[{"name":"wp","href":"https:\/\/api.w.org\/{rel}","templated":true}]}}