{"id":85730,"date":"2025-05-27T11:25:46","date_gmt":"2025-05-27T09:25:46","guid":{"rendered":"https:\/\/nueva.avantarea.com\/?post_type=product&#038;p=85730"},"modified":"2026-04-02T08:55:40","modified_gmt":"2026-04-02T06:55:40","slug":"pack-aleghe-pied-lavabo-espejo-liso-copia","status":"publish","type":"product","link":"https:\/\/avantarea.com\/fr\/producto\/pack-aleghe-pied-lavabo-espejo-liso-copia\/","title":{"rendered":"Pack ALEGHE PIED + lavabo + miroir lisse"},"content":{"rendered":"<p>Ensemble de salle de bain de la collection ALEGHE PIED, appartenant \u00e0 notre gamme pr\u00eat-\u00e0-porter. Son design moderne et \u00e9l\u00e9gant s&rsquo;adapte \u00e0 tous les styles de salles de bains, offrant une grande capacit\u00e9 de rangement. L&rsquo;ensemble comprend un meuble \u00e0 deux tiroirs et une porte lat\u00e9rale, un lavabo \u00e0 poser en c\u00e9ramique, un miroir simple et un pied d\u00e9coratif.Le meuble est fabriqu\u00e9 en panneaux de particules de 16 mm avec un rev\u00eatement en m\u00e9lamine, un mat\u00e9riau \u00e9cologique, recyclable et tr\u00e8s r\u00e9sistant. Les tiroirs m\u00e9talliques, \u00e0 double paroi et \u00e0 l&rsquo;esth\u00e9tique minimaliste, sont dot\u00e9s de m\u00e9canismes de fermeture en douceur, d&rsquo;un acc\u00e8s complet, d&rsquo;une capacit\u00e9 de charge allant jusqu&rsquo;\u00e0 25 kg et d&rsquo;un espace de rangement arri\u00e8re disponible. <br \/>Le tiroir sup\u00e9rieur est dot\u00e9 d&rsquo;une d\u00e9coupe pour le siphon, ce qui facilite l&rsquo;installation.Il est durable et facile \u00e0 nettoyer. El caj\u00f3n superior incluye hueco para el sif\u00f3n, facilitando la instalaci\u00f3n.<br \/>\nEs resistente y f\u00e1cil de limpiar. Kit d&rsquo;installation inclus. Robinet et siphon non inclus. Fabriqu\u00e9 en Espagne. La commande est exp\u00e9di\u00e9e dans un seul colis contenant tous les composants.<\/p>\n","protected":false},"excerpt":{"rendered":"<p>Ensemble de salle de bain de la collection ALEGHE PIED, appartenant \u00e0 notre gamme pr\u00eat-\u00e0-porter. Son design moderne et \u00e9l\u00e9gant s&rsquo;adapte \u00e0 tous les styles de salles de bains, offrant&#8230;<\/p>\n","protected":false},"featured_media":120460,"comment_status":"closed","ping_status":"closed","template":"","meta":[],"product_brand":[894],"product_cat":[1186],"product_tag":[],"class_list":{"0":"post-85730","1":"product","2":"type-product","3":"status-publish","4":"has-post-thumbnail","6":"product_brand-aleghe","7":"product_cat-meubles-de-maison","8":"pa_color-iron-oak","9":"pa_color-blanco-brillo","10":"pa_color-chene-collet-2","11":"pa_medidas-369","12":"pa_medidas-370","14":"first","15":"instock","16":"purchasable","17":"product-type-variable"},"_links":{"self":[{"href":"https:\/\/avantarea.com\/fr\/wp-json\/wp\/v2\/product\/85730","targetHints":{"allow":["GET"]}}],"collection":[{"href":"https:\/\/avantarea.com\/fr\/wp-json\/wp\/v2\/product"}],"about":[{"href":"https:\/\/avantarea.com\/fr\/wp-json\/wp\/v2\/types\/product"}],"replies":[{"embeddable":true,"href":"https:\/\/avantarea.com\/fr\/wp-json\/wp\/v2\/comments?post=85730"}],"wp:featuredmedia":[{"embeddable":true,"href":"https:\/\/avantarea.com\/fr\/wp-json\/wp\/v2\/media\/120460"}],"wp:attachment":[{"href":"https:\/\/avantarea.com\/fr\/wp-json\/wp\/v2\/media?parent=85730"}],"wp:term":[{"taxonomy":"product_brand","embeddable":true,"href":"https:\/\/avantarea.com\/fr\/wp-json\/wp\/v2\/product_brand?post=85730"},{"taxonomy":"product_cat","embeddable":true,"href":"https:\/\/avantarea.com\/fr\/wp-json\/wp\/v2\/product_cat?post=85730"},{"taxonomy":"product_tag","embeddable":true,"href":"https:\/\/avantarea.com\/fr\/wp-json\/wp\/v2\/product_tag?post=85730"}],"curies":[{"name":"wp","href":"https:\/\/api.w.org\/{rel}","templated":true}]}}