{"id":85698,"date":"2025-05-28T07:04:21","date_gmt":"2025-05-28T05:04:21","guid":{"rendered":"https:\/\/nueva.avantarea.com\/?post_type=product&#038;p=85698"},"modified":"2026-02-25T08:31:36","modified_gmt":"2026-02-25T07:31:36","slug":"grifo-lavabo-empotrado-tenerife-copia","status":"publish","type":"product","link":"https:\/\/avantarea.com\/fr\/producto\/grifo-lavabo-empotrado-tenerife-copia\/","title":{"rendered":"Mitigeur lavabo encastr\u00e9 TENERIFE"},"content":{"rendered":"<p>Robinetterie mitigeur encastr\u00e9e.<br \/>\nEn deux parties ind\u00e9pendantes.<br \/>\nCorps encastr\u00e9 directement dans le mur.<br \/>\nSans bo\u00eete d&rsquo;encastrement.<\/p>\n","protected":false},"excerpt":{"rendered":"<p>Robinetterie mitigeur encastr\u00e9e. En deux parties ind\u00e9pendantes. Corps encastr\u00e9 directement dans le mur. Sans bo\u00eete d&rsquo;encastrement.<\/p>\n","protected":false},"featured_media":15272,"comment_status":"closed","ping_status":"open","template":"","meta":[],"product_brand":[896],"product_cat":[511],"product_tag":[],"class_list":{"0":"post-85698","1":"product","2":"type-product","3":"status-publish","4":"has-post-thumbnail","6":"product_brand-grifos","7":"product_cat-sin-categoria","8":"pa_color-cromo-brillo","9":"pa_color-negro-mate","10":"pa_color-oro-cepillado","11":"pa_medidas-366","13":"first","14":"instock","15":"purchasable","16":"product-type-variable"},"_links":{"self":[{"href":"https:\/\/avantarea.com\/fr\/wp-json\/wp\/v2\/product\/85698","targetHints":{"allow":["GET"]}}],"collection":[{"href":"https:\/\/avantarea.com\/fr\/wp-json\/wp\/v2\/product"}],"about":[{"href":"https:\/\/avantarea.com\/fr\/wp-json\/wp\/v2\/types\/product"}],"replies":[{"embeddable":true,"href":"https:\/\/avantarea.com\/fr\/wp-json\/wp\/v2\/comments?post=85698"}],"wp:featuredmedia":[{"embeddable":true,"href":"https:\/\/avantarea.com\/fr\/wp-json\/wp\/v2\/media\/15272"}],"wp:attachment":[{"href":"https:\/\/avantarea.com\/fr\/wp-json\/wp\/v2\/media?parent=85698"}],"wp:term":[{"taxonomy":"product_brand","embeddable":true,"href":"https:\/\/avantarea.com\/fr\/wp-json\/wp\/v2\/product_brand?post=85698"},{"taxonomy":"product_cat","embeddable":true,"href":"https:\/\/avantarea.com\/fr\/wp-json\/wp\/v2\/product_cat?post=85698"},{"taxonomy":"product_tag","embeddable":true,"href":"https:\/\/avantarea.com\/fr\/wp-json\/wp\/v2\/product_tag?post=85698"}],"curies":[{"name":"wp","href":"https:\/\/api.w.org\/{rel}","templated":true}]}}