{"id":85672,"date":"2025-05-28T07:04:41","date_gmt":"2025-05-28T05:04:41","guid":{"rendered":"https:\/\/nueva.avantarea.com\/?post_type=product&#038;p=85672"},"modified":"2026-02-25T08:31:49","modified_gmt":"2026-02-25T07:31:49","slug":"toallero-capri-copia","status":"publish","type":"product","link":"https:\/\/avantarea.com\/fr\/producto\/toallero-capri-copia\/","title":{"rendered":"Porte-serviettes CAPRI"},"content":{"rendered":"<p>Porte-serviettes de la s\u00e9rie Capri de 40 cm de haute qualit\u00e9, qui ajoute une touche de sophistication et de durabilit\u00e9 \u00e0 toute salle de bain. \u00c9quip\u00e9 d&rsquo;un syst\u00e8me pratique de double fixation, il permet une installation aussi bien avec de l&rsquo;adh\u00e9sif qu&rsquo;avec des vis, s&rsquo;adaptant \u00e0 divers besoins et garantissant une s\u00e9curit\u00e9 et une stabilit\u00e9 maximales.<\/p>\n","protected":false},"excerpt":{"rendered":"<p>Porte-serviettes de la s\u00e9rie Capri de 40 cm de haute qualit\u00e9, qui ajoute une touche de sophistication et de durabilit\u00e9 \u00e0 toute salle de bain. \u00c9quip\u00e9 d&rsquo;un syst\u00e8me pratique de&#8230;<\/p>\n","protected":false},"featured_media":15239,"comment_status":"closed","ping_status":"open","template":"","meta":[],"product_brand":[895],"product_cat":[575],"product_tag":[],"class_list":{"0":"post-85672","1":"product","2":"type-product","3":"status-publish","4":"has-post-thumbnail","6":"product_brand-accesorios","7":"product_cat-accesorios","8":"pa_color-cromo","9":"pa_color-negro-mate","10":"pa_color-oro-cepillado","11":"pa_medidas-361","12":"pa_medidas-362","13":"pa_medidas-363","15":"first","16":"instock","17":"purchasable","18":"product-type-variable"},"_links":{"self":[{"href":"https:\/\/avantarea.com\/fr\/wp-json\/wp\/v2\/product\/85672","targetHints":{"allow":["GET"]}}],"collection":[{"href":"https:\/\/avantarea.com\/fr\/wp-json\/wp\/v2\/product"}],"about":[{"href":"https:\/\/avantarea.com\/fr\/wp-json\/wp\/v2\/types\/product"}],"replies":[{"embeddable":true,"href":"https:\/\/avantarea.com\/fr\/wp-json\/wp\/v2\/comments?post=85672"}],"wp:featuredmedia":[{"embeddable":true,"href":"https:\/\/avantarea.com\/fr\/wp-json\/wp\/v2\/media\/15239"}],"wp:attachment":[{"href":"https:\/\/avantarea.com\/fr\/wp-json\/wp\/v2\/media?parent=85672"}],"wp:term":[{"taxonomy":"product_brand","embeddable":true,"href":"https:\/\/avantarea.com\/fr\/wp-json\/wp\/v2\/product_brand?post=85672"},{"taxonomy":"product_cat","embeddable":true,"href":"https:\/\/avantarea.com\/fr\/wp-json\/wp\/v2\/product_cat?post=85672"},{"taxonomy":"product_tag","embeddable":true,"href":"https:\/\/avantarea.com\/fr\/wp-json\/wp\/v2\/product_tag?post=85672"}],"curies":[{"name":"wp","href":"https:\/\/api.w.org\/{rel}","templated":true}]}}