{"id":85660,"date":"2025-05-28T07:05:30","date_gmt":"2025-05-28T05:05:30","guid":{"rendered":"https:\/\/nueva.avantarea.com\/?post_type=product&#038;p=85660"},"modified":"2026-02-25T08:31:49","modified_gmt":"2026-02-25T07:31:49","slug":"portarollo-con-repisa-capri-copia","status":"publish","type":"product","link":"https:\/\/avantarea.com\/fr\/producto\/portarollo-con-repisa-capri-copia\/","title":{"rendered":"Porte-rouleau avec tablette CAPRI"},"content":{"rendered":"<p>Porte-papier toilette avec tablette de la s\u00e9rie Capri, fabriqu\u00e9 en acier inoxydable de haute qualit\u00e9. Il int\u00e8gre un syst\u00e8me de double fixation pratique (\u00e0 coller\/\u00e0 visser), qui garantit une installation s\u00fbre et adaptable \u00e0 diff\u00e9rents besoins.<\/p>\n","protected":false},"excerpt":{"rendered":"<p>Porte-papier toilette avec tablette de la s\u00e9rie Capri, fabriqu\u00e9 en acier inoxydable de haute qualit\u00e9. Il int\u00e8gre un syst\u00e8me de double fixation pratique (\u00e0 coller\/\u00e0 visser), qui garantit une installation&#8230;<\/p>\n","protected":false},"featured_media":15205,"comment_status":"closed","ping_status":"open","template":"","meta":[],"product_brand":[895],"product_cat":[575],"product_tag":[],"class_list":{"0":"post-85660","1":"product","2":"type-product","3":"status-publish","4":"has-post-thumbnail","6":"product_brand-accesorios","7":"product_cat-accesorios","8":"pa_color-cromo","9":"pa_color-negro-mate","10":"pa_color-oro-cepillado","11":"pa_medidas-351","13":"first","14":"instock","15":"purchasable","16":"product-type-variable"},"_links":{"self":[{"href":"https:\/\/avantarea.com\/fr\/wp-json\/wp\/v2\/product\/85660","targetHints":{"allow":["GET"]}}],"collection":[{"href":"https:\/\/avantarea.com\/fr\/wp-json\/wp\/v2\/product"}],"about":[{"href":"https:\/\/avantarea.com\/fr\/wp-json\/wp\/v2\/types\/product"}],"replies":[{"embeddable":true,"href":"https:\/\/avantarea.com\/fr\/wp-json\/wp\/v2\/comments?post=85660"}],"wp:featuredmedia":[{"embeddable":true,"href":"https:\/\/avantarea.com\/fr\/wp-json\/wp\/v2\/media\/15205"}],"wp:attachment":[{"href":"https:\/\/avantarea.com\/fr\/wp-json\/wp\/v2\/media?parent=85660"}],"wp:term":[{"taxonomy":"product_brand","embeddable":true,"href":"https:\/\/avantarea.com\/fr\/wp-json\/wp\/v2\/product_brand?post=85660"},{"taxonomy":"product_cat","embeddable":true,"href":"https:\/\/avantarea.com\/fr\/wp-json\/wp\/v2\/product_cat?post=85660"},{"taxonomy":"product_tag","embeddable":true,"href":"https:\/\/avantarea.com\/fr\/wp-json\/wp\/v2\/product_tag?post=85660"}],"curies":[{"name":"wp","href":"https:\/\/api.w.org\/{rel}","templated":true}]}}