{"id":85652,"date":"2025-05-28T07:05:54","date_gmt":"2025-05-28T05:05:54","guid":{"rendered":"https:\/\/nueva.avantarea.com\/?post_type=product&#038;p=85652"},"modified":"2026-02-25T08:32:05","modified_gmt":"2026-02-25T07:32:05","slug":"barra-toallero-interior-mueble-copia","status":"publish","type":"product","link":"https:\/\/avantarea.com\/fr\/producto\/barra-toallero-interior-mueble-copia\/","title":{"rendered":"Barre porte-serviettes int\u00e9rieur de meuble"},"content":{"rendered":"<p>Porte-serviettes pour meuble, fabriqu\u00e9 en acier inoxydable de haute qualit\u00e9. Dot\u00e9 d&rsquo;un syst\u00e8me de double fixation (coll\u00e9\/viss\u00e9), qui garantit une installation s\u00fbre et polyvalente sur diff\u00e9rentes surfaces.<\/p>\n","protected":false},"excerpt":{"rendered":"<p>Porte-serviettes pour meuble, fabriqu\u00e9 en acier inoxydable de haute qualit\u00e9. Dot\u00e9 d&rsquo;un syst\u00e8me de double fixation (coll\u00e9\/viss\u00e9), qui garantit une installation s\u00fbre et polyvalente sur diff\u00e9rentes surfaces.<\/p>\n","protected":false},"featured_media":18319,"comment_status":"closed","ping_status":"closed","template":"","meta":[],"product_brand":[895],"product_cat":[575],"product_tag":[],"class_list":{"0":"post-85652","1":"product","2":"type-product","3":"status-publish","4":"has-post-thumbnail","6":"product_brand-accesorios","7":"product_cat-accesorios","8":"pa_color-cromo","9":"pa_color-negro-mate","10":"pa_color-or","11":"pa_color-oro-cepillado","12":"pa_medidas-361","14":"first","15":"instock","16":"purchasable","17":"product-type-variable"},"_links":{"self":[{"href":"https:\/\/avantarea.com\/fr\/wp-json\/wp\/v2\/product\/85652","targetHints":{"allow":["GET"]}}],"collection":[{"href":"https:\/\/avantarea.com\/fr\/wp-json\/wp\/v2\/product"}],"about":[{"href":"https:\/\/avantarea.com\/fr\/wp-json\/wp\/v2\/types\/product"}],"replies":[{"embeddable":true,"href":"https:\/\/avantarea.com\/fr\/wp-json\/wp\/v2\/comments?post=85652"}],"wp:featuredmedia":[{"embeddable":true,"href":"https:\/\/avantarea.com\/fr\/wp-json\/wp\/v2\/media\/18319"}],"wp:attachment":[{"href":"https:\/\/avantarea.com\/fr\/wp-json\/wp\/v2\/media?parent=85652"}],"wp:term":[{"taxonomy":"product_brand","embeddable":true,"href":"https:\/\/avantarea.com\/fr\/wp-json\/wp\/v2\/product_brand?post=85652"},{"taxonomy":"product_cat","embeddable":true,"href":"https:\/\/avantarea.com\/fr\/wp-json\/wp\/v2\/product_cat?post=85652"},{"taxonomy":"product_tag","embeddable":true,"href":"https:\/\/avantarea.com\/fr\/wp-json\/wp\/v2\/product_tag?post=85652"}],"curies":[{"name":"wp","href":"https:\/\/api.w.org\/{rel}","templated":true}]}}