{"id":85639,"date":"2025-07-14T10:32:03","date_gmt":"2025-07-14T08:32:03","guid":{"rendered":"https:\/\/nueva.avantarea.com\/?post_type=product&#038;p=85639"},"modified":"2026-02-25T08:32:05","modified_gmt":"2026-02-25T07:32:05","slug":"pack-nou-alsacia-lavabo-espejo-led-mueble-auxiliar-copia","status":"publish","type":"product","link":"https:\/\/avantarea.com\/fr\/producto\/pack-nou-alsacia-lavabo-espejo-led-mueble-auxiliar-copia\/","title":{"rendered":"Pack NOU ALSACIA + lavabo + miroir LED + meuble d&rsquo;appoint"},"content":{"rendered":"<p>Pack compos\u00e9 d&rsquo;un meuble de salle de bain suspendu pour lavabo, d&rsquo;un lavabo en c\u00e9ramique, d&rsquo;un miroir LED et d&rsquo;un meuble bas auxiliaire \u00e0 roulettes.<br \/>\nMeuble pour lavabo compos\u00e9 d&rsquo;un module suspendu avec portes et d&rsquo;un module bas \u00e0 roulettes, \u00e9quip\u00e9 de quatre roulettes transparentes avec freins, ce qui facilite son d\u00e9placement et permet de le fixer dans la position souhait\u00e9e de mani\u00e8re s\u00fbre et stable. Fabriqu\u00e9 en panneau de particules de 19 mm avec rev\u00eatement m\u00e9lamin\u00e9, un mat\u00e9riau r\u00e9sistant, \u00e9cologique et recyclable, il garantit durabilit\u00e9 et entretien facile. Porte avec un piston amortisseur pour une fermeture douce. R\u00e9glage tridimensionnel pour une plus grande pr\u00e9cision.<br \/>\nLe meuble comprend un pack de quatre roulettes transparentes pour un montage simple et rapide, un miroir de conception circulaire, un lavabo \u00e0 poser en c\u00e9ramique au design stri\u00e9 inclus. Il est livr\u00e9 mont\u00e9, pr\u00eat \u00e0 \u00eatre accroch\u00e9 au mur. Toute la quincaillerie n\u00e9cessaire est incluse. Fabriqu\u00e9 en Espagne. Robinet et siphon non inclus.<\/p>\n","protected":false},"excerpt":{"rendered":"<p>Pack compos\u00e9 d&rsquo;un meuble de salle de bain suspendu pour lavabo, d&rsquo;un lavabo en c\u00e9ramique, d&rsquo;un miroir LED et d&rsquo;un meuble bas auxiliaire \u00e0 roulettes. Meuble pour lavabo compos\u00e9 d&rsquo;un&#8230;<\/p>\n","protected":false},"featured_media":123555,"comment_status":"closed","ping_status":"closed","template":"","meta":[],"product_brand":[1019],"product_cat":[1170],"product_tag":[],"class_list":{"0":"post-85639","1":"product","2":"type-product","3":"status-publish","4":"has-post-thumbnail","6":"product_brand-nou-alsacia","7":"product_cat-muebles-de-bano","8":"pa_color-alcatraz","9":"pa_color-bardolino","10":"pa_color-nogal","11":"pa_medidas-369","12":"pa_medidas-378","13":"pa_medidas-370","15":"first","16":"instock","17":"purchasable","18":"product-type-variable"},"_links":{"self":[{"href":"https:\/\/avantarea.com\/fr\/wp-json\/wp\/v2\/product\/85639","targetHints":{"allow":["GET"]}}],"collection":[{"href":"https:\/\/avantarea.com\/fr\/wp-json\/wp\/v2\/product"}],"about":[{"href":"https:\/\/avantarea.com\/fr\/wp-json\/wp\/v2\/types\/product"}],"replies":[{"embeddable":true,"href":"https:\/\/avantarea.com\/fr\/wp-json\/wp\/v2\/comments?post=85639"}],"wp:featuredmedia":[{"embeddable":true,"href":"https:\/\/avantarea.com\/fr\/wp-json\/wp\/v2\/media\/123555"}],"wp:attachment":[{"href":"https:\/\/avantarea.com\/fr\/wp-json\/wp\/v2\/media?parent=85639"}],"wp:term":[{"taxonomy":"product_brand","embeddable":true,"href":"https:\/\/avantarea.com\/fr\/wp-json\/wp\/v2\/product_brand?post=85639"},{"taxonomy":"product_cat","embeddable":true,"href":"https:\/\/avantarea.com\/fr\/wp-json\/wp\/v2\/product_cat?post=85639"},{"taxonomy":"product_tag","embeddable":true,"href":"https:\/\/avantarea.com\/fr\/wp-json\/wp\/v2\/product_tag?post=85639"}],"curies":[{"name":"wp","href":"https:\/\/api.w.org\/{rel}","templated":true}]}}