{"id":85602,"date":"2025-08-29T08:56:41","date_gmt":"2025-08-29T06:56:41","guid":{"rendered":"https:\/\/nueva.avantarea.com\/?post_type=product&#038;p=85602"},"modified":"2026-02-25T08:32:27","modified_gmt":"2026-02-25T07:32:27","slug":"pack-colmar-lavabo-espejo-capsula-copia","status":"publish","type":"product","link":"https:\/\/avantarea.com\/fr\/producto\/pack-colmar-lavabo-espejo-capsula-copia\/","title":{"rendered":"Pack COLMAR + lavabo + miroir capsule"},"content":{"rendered":"<p>Pack compos\u00e9 d&rsquo;un meuble de salle de bain suspendu pour lavabo, d&rsquo;un lavabo en c\u00e9ramique, d&rsquo;un miroir design capsule.<br \/>\nLe meuble sous-lavabo est compos\u00e9 d&rsquo;un module suspendu avec portes et d&rsquo;un module sup\u00e9rieur avec LED int\u00e9gr\u00e9e \u00e0 l&rsquo;int\u00e9rieur. Fabriqu\u00e9 en panneau de particules de 19 mm avec rev\u00eatement m\u00e9lamin\u00e9, un mat\u00e9riau r\u00e9sistant, \u00e9cologique et recyclable, il garantit durabilit\u00e9 et entretien facile, avec une fa\u00e7ade effet lattes. Porte avec un v\u00e9rin amortisseur pour une fermeture douce. R\u00e9glage tridimensionnel pour une plus grande pr\u00e9cision.<br \/>\nLe meuble comprend un miroir design capsule et un lavabo \u00e0 poser en c\u00e9ramique au design stri\u00e9 inclus. Livr\u00e9 mont\u00e9, pr\u00eat \u00e0 \u00eatre fix\u00e9 au mur. Comprend toute la quincaillerie n\u00e9cessaire. Fabriqu\u00e9 en Espagne. Robinet et siphon non inclus.<\/p>\n","protected":false},"excerpt":{"rendered":"<p>Pack compos\u00e9 d&rsquo;un meuble de salle de bain suspendu pour lavabo, d&rsquo;un lavabo en c\u00e9ramique, d&rsquo;un miroir design capsule. Le meuble sous-lavabo est compos\u00e9 d&rsquo;un module suspendu avec portes et&#8230;<\/p>\n","protected":false},"featured_media":122839,"comment_status":"closed","ping_status":"closed","template":"","meta":[],"product_brand":[1023],"product_cat":[1179,1170],"product_tag":[],"class_list":{"0":"post-85602","1":"product","2":"type-product","3":"status-publish","4":"has-post-thumbnail","6":"product_brand-colmar","7":"product_cat-meuble-de-salle-de-bain","8":"product_cat-muebles-de-bano","9":"pa_color-bardolino-alcatraz","10":"pa_color-blanco-alcatraz","11":"pa_color-nogal","12":"pa_medidas-378","13":"pa_medidas-383","14":"pa_medidas-370","15":"pa_tamano-80000-fr","17":"first","18":"instock","19":"purchasable","20":"product-type-variable"},"_links":{"self":[{"href":"https:\/\/avantarea.com\/fr\/wp-json\/wp\/v2\/product\/85602","targetHints":{"allow":["GET"]}}],"collection":[{"href":"https:\/\/avantarea.com\/fr\/wp-json\/wp\/v2\/product"}],"about":[{"href":"https:\/\/avantarea.com\/fr\/wp-json\/wp\/v2\/types\/product"}],"replies":[{"embeddable":true,"href":"https:\/\/avantarea.com\/fr\/wp-json\/wp\/v2\/comments?post=85602"}],"wp:featuredmedia":[{"embeddable":true,"href":"https:\/\/avantarea.com\/fr\/wp-json\/wp\/v2\/media\/122839"}],"wp:attachment":[{"href":"https:\/\/avantarea.com\/fr\/wp-json\/wp\/v2\/media?parent=85602"}],"wp:term":[{"taxonomy":"product_brand","embeddable":true,"href":"https:\/\/avantarea.com\/fr\/wp-json\/wp\/v2\/product_brand?post=85602"},{"taxonomy":"product_cat","embeddable":true,"href":"https:\/\/avantarea.com\/fr\/wp-json\/wp\/v2\/product_cat?post=85602"},{"taxonomy":"product_tag","embeddable":true,"href":"https:\/\/avantarea.com\/fr\/wp-json\/wp\/v2\/product_tag?post=85602"}],"curies":[{"name":"wp","href":"https:\/\/api.w.org\/{rel}","templated":true}]}}